{"id":1899,"date":"2025-11-07T17:03:30","date_gmt":"2025-11-07T16:03:30","guid":{"rendered":"https:\/\/www.mosaic-planetaryhealth.eu\/?page_id=1899"},"modified":"2025-11-07T17:43:32","modified_gmt":"2025-11-07T16:43:32","slug":"lots-de-travail","status":"publish","type":"page","link":"https:\/\/www.mosaic-planetaryhealth.eu\/index.php\/fr\/lots-de-travail\/","title":{"rendered":"Lots de travail"},"content":{"rendered":"\n<div class=\"wp-block-cover alignfull is-light wp-duotone-unset-1\" style=\"min-height:360px;aspect-ratio:unset;\"><img loading=\"lazy\" decoding=\"async\" width=\"1024\" height=\"683\" class=\"wp-block-cover__image-background wp-image-1701 size-large\" alt=\"\" src=\"https:\/\/www.mosaic-planetaryhealth.eu\/wp-content\/uploads\/2025\/11\/Kenya-3-1024x683.jpeg\" data-object-fit=\"cover\" srcset=\"https:\/\/www.mosaic-planetaryhealth.eu\/wp-content\/uploads\/2025\/11\/Kenya-3-1024x683.jpeg 1024w, https:\/\/www.mosaic-planetaryhealth.eu\/wp-content\/uploads\/2025\/11\/Kenya-3-300x200.jpeg 300w, https:\/\/www.mosaic-planetaryhealth.eu\/wp-content\/uploads\/2025\/11\/Kenya-3-768x512.jpeg 768w, https:\/\/www.mosaic-planetaryhealth.eu\/wp-content\/uploads\/2025\/11\/Kenya-3-1536x1024.jpeg 1536w, https:\/\/www.mosaic-planetaryhealth.eu\/wp-content\/uploads\/2025\/11\/Kenya-3-2048x1365.jpeg 2048w, https:\/\/www.mosaic-planetaryhealth.eu\/wp-content\/uploads\/2025\/11\/Kenya-3-930x620.jpeg 930w\" sizes=\"auto, (max-width: 1024px) 100vw, 1024px\" \/><span aria-hidden=\"true\" class=\"wp-block-cover__background has-nv-text-dark-bg-background-color has-background-dim-20 has-background-dim\"><\/span><div class=\"wp-block-cover__inner-container is-layout-flow wp-block-cover-is-layout-flow\">\n<div style=\"height:100px\" aria-hidden=\"true\" class=\"wp-block-spacer\"><\/div>\n\n\n\n<h1 class=\"wp-block-heading has-text-align-center has-nv-text-dark-bg-color has-text-color\">Lots de travail<\/h1>\n\n\n\n<div style=\"height:100px\" aria-hidden=\"true\" class=\"wp-block-spacer\"><\/div>\n<\/div><\/div>\n\n\n\n<div style=\"height:85px\" aria-hidden=\"true\" class=\"wp-block-spacer\"><\/div>\n\n\n\n<div class=\"wp-block-cover alignfull\" style=\"padding-right:0;padding-left:0\"><span aria-hidden=\"true\" class=\"wp-block-cover__background has-nv-light-bg-background-color has-background-dim-100 has-background-dim\"><\/span><div class=\"wp-block-cover__inner-container is-layout-constrained wp-container-core-cover-is-layout-a7c31ef8 wp-block-cover-is-layout-constrained\">\n<div style=\"height:83px\" aria-hidden=\"true\" class=\"wp-block-spacer\"><\/div>\n\n\n\n<p class=\"has-text-align-left has-neve-text-color-color has-text-color has-link-color wp-elements-0e3235944c2fcbce0b53470880a2ae66\" style=\"font-size:36px\"><strong>Lot de travail 1 (WP1) &#8211; <\/strong><br><strong><strong>Partage des connaissances scientifiques avec les parties prenantes<\/strong><\/strong><\/p>\n\n\n\n<p class=\"has-neve-text-color-color has-text-color has-link-color wp-elements-ec88655f6e239dadb6ac5d2953328f17\">Co-leaders : Paulo PEITER et Val\u00e9rie MOREL<\/p>\n\n\n\n<div class=\"wp-block-group is-nowrap is-layout-flex wp-container-core-group-is-layout-ad2f72ca wp-block-group-is-layout-flex\">\n<figure class=\"wp-block-image size-large is-resized is-style-rounded\"><img loading=\"lazy\" decoding=\"async\" width=\"1024\" height=\"1024\" src=\"https:\/\/www.mosaic-planetaryhealth.eu\/wp-content\/uploads\/2024\/06\/3-4-1024x1024.png\" alt=\"\" class=\"wp-image-1220\" style=\"width:128px\" srcset=\"https:\/\/www.mosaic-planetaryhealth.eu\/wp-content\/uploads\/2024\/06\/3-4-1024x1024.png 1024w, https:\/\/www.mosaic-planetaryhealth.eu\/wp-content\/uploads\/2024\/06\/3-4-300x300.png 300w, https:\/\/www.mosaic-planetaryhealth.eu\/wp-content\/uploads\/2024\/06\/3-4-150x150.png 150w, https:\/\/www.mosaic-planetaryhealth.eu\/wp-content\/uploads\/2024\/06\/3-4-768x768.png 768w, https:\/\/www.mosaic-planetaryhealth.eu\/wp-content\/uploads\/2024\/06\/3-4.png 1080w\" sizes=\"auto, (max-width: 1024px) 100vw, 1024px\" \/><\/figure>\n\n\n\n<figure class=\"wp-block-image size-full is-resized is-style-rounded\"><img loading=\"lazy\" decoding=\"async\" width=\"867\" height=\"867\" src=\"https:\/\/www.mosaic-planetaryhealth.eu\/wp-content\/uploads\/2025\/11\/IMG-20250917-WA0011-carre.jpg\" alt=\"\" class=\"wp-image-1689\" style=\"width:128px;height:auto\" srcset=\"https:\/\/www.mosaic-planetaryhealth.eu\/wp-content\/uploads\/2025\/11\/IMG-20250917-WA0011-carre.jpg 867w, https:\/\/www.mosaic-planetaryhealth.eu\/wp-content\/uploads\/2025\/11\/IMG-20250917-WA0011-carre-300x300.jpg 300w, https:\/\/www.mosaic-planetaryhealth.eu\/wp-content\/uploads\/2025\/11\/IMG-20250917-WA0011-carre-150x150.jpg 150w, https:\/\/www.mosaic-planetaryhealth.eu\/wp-content\/uploads\/2025\/11\/IMG-20250917-WA0011-carre-768x768.jpg 768w\" sizes=\"auto, (max-width: 867px) 100vw, 867px\" \/><\/figure>\n<\/div>\n\n\n\n<div style=\"height:33px\" aria-hidden=\"true\" class=\"wp-block-spacer\"><\/div>\n\n\n\n<div class=\"wp-block-group is-nowrap is-layout-flex wp-container-core-group-is-layout-ad2f72ca wp-block-group-is-layout-flex\">\n<p class=\"has-neve-text-color-color has-text-color has-link-color wp-elements-93821a8abe67ecb9aa6ee9903d31dcec\">Les objectifs sont les suivants : (1) recenser les parties prenantes multisectorielles afin de traiter les r\u00e9percussions en cascade de la d\u00e9gradation de l&rsquo;environnement sur la sant\u00e9, (2) impliquer les parties prenantes dans la r\u00e9flexion sur les questions relatives \u00e0 la sant\u00e9 humaine et \u00e0 la sant\u00e9 de la plan\u00e8te, et (3) renforcer les capacit\u00e9s de la communaut\u00e9 scientifique en mati\u00e8re d&rsquo;approches participatives.<\/p>\n<\/div>\n\n\n\n<div style=\"height:88px\" aria-hidden=\"true\" class=\"wp-block-spacer\"><\/div>\n<\/div><\/div>\n\n\n\n<div class=\"wp-block-cover alignfull\" style=\"min-height:547px;aspect-ratio:unset;\"><span aria-hidden=\"true\" class=\"wp-block-cover__background has-nv-site-bg-background-color has-background-dim-100 has-background-dim\"><\/span><div class=\"wp-block-cover__inner-container is-layout-constrained wp-block-cover-is-layout-constrained\">\n<div style=\"height:0px\" aria-hidden=\"true\" class=\"wp-block-spacer\"><\/div>\n\n\n\n<p class=\"has-text-align-left has-neve-text-color-color has-text-color has-link-color wp-elements-b61244f87a07af06517b10a804b89db3\" style=\"font-size:36px\"><strong>Lot de travail 2 (WP2) &#8211; <\/strong><br><strong><strong>Collecte transfrontali\u00e8re de donn\u00e9es et de connaissances multidisciplinaires<\/strong><\/strong><\/p>\n\n\n\n<p class=\"has-neve-text-color-color has-text-color has-link-color wp-elements-155dff650d28592525f1aa73c91707a3\">Co-leaders : Alessandra FERREIRA DALES NAVA et Victor MOSE<\/p>\n\n\n\n<div class=\"wp-block-group is-nowrap is-layout-flex wp-container-core-group-is-layout-ad2f72ca wp-block-group-is-layout-flex\">\n<figure class=\"wp-block-image size-large is-resized is-style-rounded\"><img loading=\"lazy\" decoding=\"async\" width=\"1024\" height=\"1024\" src=\"https:\/\/www.mosaic-planetaryhealth.eu\/wp-content\/uploads\/2024\/06\/9-2-1024x1024.png\" alt=\"\" class=\"wp-image-1225\" style=\"width:128px;height:auto\" srcset=\"https:\/\/www.mosaic-planetaryhealth.eu\/wp-content\/uploads\/2024\/06\/9-2-1024x1024.png 1024w, https:\/\/www.mosaic-planetaryhealth.eu\/wp-content\/uploads\/2024\/06\/9-2-300x300.png 300w, https:\/\/www.mosaic-planetaryhealth.eu\/wp-content\/uploads\/2024\/06\/9-2-150x150.png 150w, https:\/\/www.mosaic-planetaryhealth.eu\/wp-content\/uploads\/2024\/06\/9-2-768x768.png 768w, https:\/\/www.mosaic-planetaryhealth.eu\/wp-content\/uploads\/2024\/06\/9-2.png 1080w\" sizes=\"auto, (max-width: 1024px) 100vw, 1024px\" \/><\/figure>\n\n\n\n<figure class=\"wp-block-image size-large is-resized is-style-rounded\"><img loading=\"lazy\" decoding=\"async\" width=\"1024\" height=\"1024\" src=\"https:\/\/www.mosaic-planetaryhealth.eu\/wp-content\/uploads\/2024\/06\/7-2-1024x1024.png\" alt=\"\" class=\"wp-image-1226\" style=\"width:128px\" srcset=\"https:\/\/www.mosaic-planetaryhealth.eu\/wp-content\/uploads\/2024\/06\/7-2-1024x1024.png 1024w, https:\/\/www.mosaic-planetaryhealth.eu\/wp-content\/uploads\/2024\/06\/7-2-300x300.png 300w, https:\/\/www.mosaic-planetaryhealth.eu\/wp-content\/uploads\/2024\/06\/7-2-150x150.png 150w, https:\/\/www.mosaic-planetaryhealth.eu\/wp-content\/uploads\/2024\/06\/7-2-768x768.png 768w, https:\/\/www.mosaic-planetaryhealth.eu\/wp-content\/uploads\/2024\/06\/7-2.png 1080w\" sizes=\"auto, (max-width: 1024px) 100vw, 1024px\" \/><\/figure>\n<\/div>\n\n\n\n<div style=\"height:39px\" aria-hidden=\"true\" class=\"wp-block-spacer\"><\/div>\n\n\n\n<div class=\"wp-block-group is-nowrap is-layout-flex wp-container-core-group-is-layout-ad2f72ca wp-block-group-is-layout-flex\">\n<p class=\"has-neve-text-color-color has-text-color has-link-color wp-elements-0da46966ddcb9c349dfde8b355e596ba\">Les objectifs sont les suivants : (1) caract\u00e9riser et surveiller le syst\u00e8me socio-\u00e9cologique et \u00e9pid\u00e9miologique transfrontalier (SEES) de mani\u00e8re multidisciplinaire, (2) impliquer les communaut\u00e9s locales dans la surveillance du territoire et la production de connaissances (avec WP1) et (3) \u00e9tablir des valeurs communes et d\u00e9finir les utilisations des donn\u00e9es et des connaissances parmi toutes les parties prenantes, dans le respect de la loi et de l&rsquo;\u00e9thique (avec WP1).<\/p>\n<\/div>\n\n\n\n<div style=\"height:1px\" aria-hidden=\"true\" class=\"wp-block-spacer\"><\/div>\n<\/div><\/div>\n\n\n\n<div class=\"wp-block-cover alignfull\"><span aria-hidden=\"true\" class=\"wp-block-cover__background has-nv-light-bg-background-color has-background-dim-100 has-background-dim\"><\/span><div class=\"wp-block-cover__inner-container is-layout-constrained wp-block-cover-is-layout-constrained\">\n<div style=\"height:79px\" aria-hidden=\"true\" class=\"wp-block-spacer\"><\/div>\n\n\n\n<p class=\"has-text-align-left has-neve-text-color-color has-text-color has-link-color wp-elements-373551d3c95bcd3e27620f1124fc622d\" style=\"font-size:36px\"><strong>Lot de travail 3 (WP3)- <\/strong><br><strong><strong>Int\u00e9gration des donn\u00e9es et des connaissances, indicateurs<\/strong><\/strong><\/p>\n\n\n\n<p class=\"has-neve-text-color-color has-text-color has-link-color wp-elements-2b2d7e4c5a523cb4e441a1110e7b2f19\">Co-leaders : Emmanuel ROUX et Lucy WARUINGI<\/p>\n\n\n\n<div class=\"wp-block-group is-nowrap is-layout-flex wp-container-core-group-is-layout-ad2f72ca wp-block-group-is-layout-flex\">\n<figure class=\"wp-block-image size-large is-resized is-style-rounded\"><img loading=\"lazy\" decoding=\"async\" width=\"1024\" height=\"1024\" src=\"https:\/\/www.mosaic-planetaryhealth.eu\/wp-content\/uploads\/2024\/06\/2-1-1024x1024.png\" alt=\"\" class=\"wp-image-1232\" style=\"width:128px\" srcset=\"https:\/\/www.mosaic-planetaryhealth.eu\/wp-content\/uploads\/2024\/06\/2-1-1024x1024.png 1024w, https:\/\/www.mosaic-planetaryhealth.eu\/wp-content\/uploads\/2024\/06\/2-1-300x300.png 300w, https:\/\/www.mosaic-planetaryhealth.eu\/wp-content\/uploads\/2024\/06\/2-1-150x150.png 150w, https:\/\/www.mosaic-planetaryhealth.eu\/wp-content\/uploads\/2024\/06\/2-1-768x768.png 768w, https:\/\/www.mosaic-planetaryhealth.eu\/wp-content\/uploads\/2024\/06\/2-1.png 1080w\" sizes=\"auto, (max-width: 1024px) 100vw, 1024px\" \/><\/figure>\n\n\n\n<figure class=\"wp-block-image size-large is-resized is-style-rounded\"><img loading=\"lazy\" decoding=\"async\" width=\"1024\" height=\"1024\" src=\"https:\/\/www.mosaic-planetaryhealth.eu\/wp-content\/uploads\/2024\/06\/5-1-1024x1024.png\" alt=\"\" class=\"wp-image-1233\" style=\"width:128px\" srcset=\"https:\/\/www.mosaic-planetaryhealth.eu\/wp-content\/uploads\/2024\/06\/5-1-1024x1024.png 1024w, https:\/\/www.mosaic-planetaryhealth.eu\/wp-content\/uploads\/2024\/06\/5-1-300x300.png 300w, https:\/\/www.mosaic-planetaryhealth.eu\/wp-content\/uploads\/2024\/06\/5-1-150x150.png 150w, https:\/\/www.mosaic-planetaryhealth.eu\/wp-content\/uploads\/2024\/06\/5-1-768x768.png 768w, https:\/\/www.mosaic-planetaryhealth.eu\/wp-content\/uploads\/2024\/06\/5-1.png 1080w\" sizes=\"auto, (max-width: 1024px) 100vw, 1024px\" \/><\/figure>\n<\/div>\n\n\n\n<div style=\"height:33px\" aria-hidden=\"true\" class=\"wp-block-spacer\"><\/div>\n\n\n\n<div class=\"wp-block-group is-nowrap is-layout-flex wp-container-core-group-is-layout-ad2f72ca wp-block-group-is-layout-flex\">\n<p class=\"has-neve-text-color-color has-text-color has-link-color wp-elements-7103c392aafd12ee8c4d9959d72ad49f\">Les objectifs sont les suivants : (1) faciliter la recherche, la d\u00e9couverte, la compr\u00e9hension et l&rsquo;utilisation des ressources dans un cadre hautement interdisciplinaire, intersectoriel et d\u00e9centralis\u00e9, (2) mod\u00e9liser les connaissances scientifiques et communautaires sur les r\u00e9seaux de parties prenantes et le fonctionnement des SEES (avec WP1), (3) \u00e9laborer des indicateurs int\u00e9gr\u00e9s pour la surveillance multith\u00e9matique du territoire (en interaction avec les WP1 et WP5), (4) d\u00e9couvrir de nouveaux effets en cascade de la d\u00e9gradation de l&rsquo;environnement sur la sant\u00e9 humaine et (5) anticiper les changements futurs en mati\u00e8re d&rsquo;environnement et de sant\u00e9.<\/p>\n\n\n\n<div style=\"height:100px;width:0px\" aria-hidden=\"true\" class=\"wp-block-spacer wp-container-content-6388d5dc\"><\/div>\n<\/div>\n\n\n\n<div style=\"height:78px\" aria-hidden=\"true\" class=\"wp-block-spacer\"><\/div>\n<\/div><\/div>\n\n\n\n<div class=\"wp-block-cover alignfull\"><span aria-hidden=\"true\" class=\"wp-block-cover__background has-nv-text-dark-bg-background-color has-background-dim-100 has-background-dim\"><\/span><div class=\"wp-block-cover__inner-container is-layout-constrained wp-block-cover-is-layout-constrained\">\n<div style=\"height:82px\" aria-hidden=\"true\" class=\"wp-block-spacer\"><\/div>\n\n\n\n<p class=\"has-text-align-left has-neve-text-color-color has-text-color has-link-color wp-elements-7a484cc6dacc26b2231f8a083de758bf\" style=\"font-size:36px\"><strong>Lot de travail 4 (WP4) &#8211; <\/strong><br><strong><strong><strong>Services de donn\u00e9es centraux<\/strong><\/strong><\/strong><\/p>\n\n\n\n<p class=\"has-neve-text-color-color has-text-color has-link-color wp-elements-61867ef2ebe2879cc133951a353cdab6\">Leader : \u0141ukasz DUMISZEWSKI<\/p>\n\n\n\n<div class=\"wp-block-columns is-layout-flex wp-container-core-columns-is-layout-9d6595d7 wp-block-columns-is-layout-flex\">\n<div class=\"wp-block-column is-layout-flow wp-block-column-is-layout-flow\">\n<figure class=\"wp-block-image size-large is-resized is-style-rounded\"><img loading=\"lazy\" decoding=\"async\" width=\"1024\" height=\"1024\" src=\"https:\/\/www.mosaic-planetaryhealth.eu\/wp-content\/uploads\/2024\/06\/6-1024x1024.png\" alt=\"\" class=\"wp-image-927\" style=\"width:128px\" srcset=\"https:\/\/www.mosaic-planetaryhealth.eu\/wp-content\/uploads\/2024\/06\/6-1024x1024.png 1024w, https:\/\/www.mosaic-planetaryhealth.eu\/wp-content\/uploads\/2024\/06\/6-300x300.png 300w, https:\/\/www.mosaic-planetaryhealth.eu\/wp-content\/uploads\/2024\/06\/6-150x150.png 150w, https:\/\/www.mosaic-planetaryhealth.eu\/wp-content\/uploads\/2024\/06\/6-768x768.png 768w, https:\/\/www.mosaic-planetaryhealth.eu\/wp-content\/uploads\/2024\/06\/6.png 1080w\" sizes=\"auto, (max-width: 1024px) 100vw, 1024px\" \/><\/figure>\n<\/div>\n\n\n\n<div class=\"wp-block-column is-layout-flow wp-block-column-is-layout-flow\"><\/div>\n\n\n\n<div class=\"wp-block-column is-layout-flow wp-block-column-is-layout-flow\"><\/div>\n<\/div>\n\n\n\n<div style=\"height:0px\" aria-hidden=\"true\" class=\"wp-block-spacer\"><\/div>\n\n\n\n<div class=\"wp-block-group is-nowrap is-layout-flex wp-container-core-group-is-layout-ad2f72ca wp-block-group-is-layout-flex\">\n<p class=\"has-neve-text-color-color has-text-color has-link-color wp-elements-a0642313328e9ae357fdf9504ecfa3bb\">L&rsquo;objectif principal du WP4 est de concevoir, d\u00e9velopper et mettre en \u0153uvre une gamme de services de donn\u00e9es qui fonctionneront comme un arri\u00e8re-plan pour les applications de produits de donn\u00e9es qui seront d\u00e9velopp\u00e9es dans le WP5. Le service de d\u00e9p\u00f4t fournira un d\u00e9p\u00f4t de donn\u00e9es ouvertes sp\u00e9cifique au domaine pour les donn\u00e9es de recherche qui ne sont pas h\u00e9berg\u00e9es dans d&rsquo;autres d\u00e9p\u00f4ts \u00e0 usage g\u00e9n\u00e9ral ou d&rsquo;autres sources de donn\u00e9es tierces. Il sera con\u00e7u pour stocker des donn\u00e9es de recherche \u00e0 longue tra\u00eene qui peuvent ne pas convenir \u00e0 d&rsquo;autres sources de donn\u00e9es. Le service de hub de donn\u00e9es agira comme un agr\u00e9gateur lisible par machine de m\u00e9tadonn\u00e9es harmonis\u00e9es et de m\u00e9thodes d&rsquo;acc\u00e8s pour le r\u00e9f\u00e9rentiel et les sources de donn\u00e9es tierces. Il fournira une interface de programmation d&rsquo;application (API) pour les applications qui seront d\u00e9velopp\u00e9es dans le WP5 (catalogue de donn\u00e9es et applications de visualisation).<\/p>\n<\/div>\n\n\n\n<div style=\"height:68px\" aria-hidden=\"true\" class=\"wp-block-spacer\"><\/div>\n<\/div><\/div>\n\n\n\n<div class=\"wp-block-cover alignfull\"><span aria-hidden=\"true\" class=\"wp-block-cover__background has-nv-light-bg-background-color has-background-dim-100 has-background-dim\"><\/span><div class=\"wp-block-cover__inner-container is-layout-constrained wp-block-cover-is-layout-constrained\">\n<div style=\"height:89px\" aria-hidden=\"true\" class=\"wp-block-spacer\"><\/div>\n\n\n\n<p class=\"has-text-align-left has-neve-text-color-color has-text-color has-link-color wp-elements-2d9e120f67b04651c6b0fa8dfd91d130\" style=\"font-size:36px\"><strong>Lot de travail 5 (WP5) &#8211;<\/strong><br><strong><strong>Diffusion, exploitation et communication<\/strong><\/strong><\/p>\n\n\n\n<p class=\"has-neve-text-color-color has-text-color has-link-color wp-elements-e838eeec254fed0147de9edf4b8dbc4d\">Co-leaders : Victor MOSE et Martha SU\u00c1REZ-MUTIS<\/p>\n\n\n\n<div class=\"wp-block-group is-nowrap is-layout-flex wp-container-core-group-is-layout-ad2f72ca wp-block-group-is-layout-flex\">\n<figure class=\"wp-block-image size-large is-resized is-style-rounded\"><img loading=\"lazy\" decoding=\"async\" width=\"1024\" height=\"1024\" src=\"https:\/\/www.mosaic-planetaryhealth.eu\/wp-content\/uploads\/2024\/06\/7-3-1024x1024.png\" alt=\"\" class=\"wp-image-1245\" style=\"width:128px\" srcset=\"https:\/\/www.mosaic-planetaryhealth.eu\/wp-content\/uploads\/2024\/06\/7-3-1024x1024.png 1024w, https:\/\/www.mosaic-planetaryhealth.eu\/wp-content\/uploads\/2024\/06\/7-3-300x300.png 300w, https:\/\/www.mosaic-planetaryhealth.eu\/wp-content\/uploads\/2024\/06\/7-3-150x150.png 150w, https:\/\/www.mosaic-planetaryhealth.eu\/wp-content\/uploads\/2024\/06\/7-3-768x768.png 768w, https:\/\/www.mosaic-planetaryhealth.eu\/wp-content\/uploads\/2024\/06\/7-3.png 1080w\" sizes=\"auto, (max-width: 1024px) 100vw, 1024px\" \/><\/figure>\n\n\n\n<figure class=\"wp-block-image size-large is-resized is-style-rounded\"><img loading=\"lazy\" decoding=\"async\" width=\"1024\" height=\"1024\" src=\"https:\/\/www.mosaic-planetaryhealth.eu\/wp-content\/uploads\/2024\/06\/4-3-1024x1024.png\" alt=\"\" class=\"wp-image-1221\" style=\"width:128px\" srcset=\"https:\/\/www.mosaic-planetaryhealth.eu\/wp-content\/uploads\/2024\/06\/4-3-1024x1024.png 1024w, https:\/\/www.mosaic-planetaryhealth.eu\/wp-content\/uploads\/2024\/06\/4-3-300x300.png 300w, https:\/\/www.mosaic-planetaryhealth.eu\/wp-content\/uploads\/2024\/06\/4-3-150x150.png 150w, https:\/\/www.mosaic-planetaryhealth.eu\/wp-content\/uploads\/2024\/06\/4-3-768x768.png 768w, https:\/\/www.mosaic-planetaryhealth.eu\/wp-content\/uploads\/2024\/06\/4-3.png 1080w\" sizes=\"auto, (max-width: 1024px) 100vw, 1024px\" \/><\/figure>\n<\/div>\n\n\n\n<div style=\"height:41px\" aria-hidden=\"true\" class=\"wp-block-spacer\"><\/div>\n\n\n\n<div class=\"wp-block-group is-nowrap is-layout-flex wp-container-core-group-is-layout-ad2f72ca wp-block-group-is-layout-flex\">\n<p class=\"has-neve-text-color-color has-text-color has-link-color wp-elements-a26358e2c3a68ab596d2586a8f28ab29\">Les objectifs sont les suivants : (1) fournir aux diff\u00e9rentes parties prenantes des donn\u00e9es, des informations, des preuves et des connaissances scientifiquement fond\u00e9es produites par le projet (en interaction avec les WP1-WP4) ; (2) autonomiser les communaut\u00e9s locales et frontali\u00e8res en d\u00e9veloppant une culture scientifique int\u00e9grative bas\u00e9e sur l&rsquo;interaction entre les connaissances traditionnelles et scientifiques (en interaction avec les WP1-WP4) ; (3) formaliser la mani\u00e8re dont la science ouverte peut offrir des cadres m\u00e9thodologiques et technologiques cl\u00e9s pour mettre en \u0153uvre concr\u00e8tement les approches de la sant\u00e9 plan\u00e9taire, de la sant\u00e9 unique et de la sant\u00e9 mondiale, et pour atteindre les ODD, et enfin (4) assurer la bonne communication, la diffusion et l&rsquo;exploitation des r\u00e9sultats du projet pendant et apr\u00e8s la fin du projet.<\/p>\n<\/div>\n\n\n\n<div style=\"height:94px\" aria-hidden=\"true\" class=\"wp-block-spacer\"><\/div>\n<\/div><\/div>\n\n\n\n<div class=\"wp-block-cover alignfull\"><span aria-hidden=\"true\" class=\"wp-block-cover__background has-nv-text-dark-bg-background-color has-background-dim-100 has-background-dim\"><\/span><div class=\"wp-block-cover__inner-container is-layout-constrained wp-block-cover-is-layout-constrained\">\n<div style=\"height:95px\" aria-hidden=\"true\" class=\"wp-block-spacer\"><\/div>\n\n\n\n<p class=\"has-text-align-left has-neve-text-color-color has-text-color has-link-color wp-elements-656d1d5d18fbd2a11a8ab1189c7214ff\" style=\"font-size:36px\"><strong>Lot de travail 6 (WP6) &#8211; <\/strong><br><strong><strong>Gestion de projet<\/strong><\/strong><\/p>\n\n\n\n<p class=\"has-neve-text-color-color has-text-color has-link-color wp-elements-635cbb7d6b3a1e9e3c87c8a9bd901d36\">Co-leaders : Lucile GUERIN et Emmanuel ROUX<\/p>\n\n\n\n<div class=\"wp-block-group is-nowrap is-layout-flex wp-container-core-group-is-layout-ad2f72ca wp-block-group-is-layout-flex\">\n<figure class=\"wp-block-image size-large is-resized is-style-rounded\"><img loading=\"lazy\" decoding=\"async\" width=\"1024\" height=\"1024\" src=\"https:\/\/www.mosaic-planetaryhealth.eu\/wp-content\/uploads\/2024\/06\/2-2-1024x1024.png\" alt=\"\" class=\"wp-image-1250\" style=\"width:128px\" srcset=\"https:\/\/www.mosaic-planetaryhealth.eu\/wp-content\/uploads\/2024\/06\/2-2-1024x1024.png 1024w, https:\/\/www.mosaic-planetaryhealth.eu\/wp-content\/uploads\/2024\/06\/2-2-300x300.png 300w, https:\/\/www.mosaic-planetaryhealth.eu\/wp-content\/uploads\/2024\/06\/2-2-150x150.png 150w, https:\/\/www.mosaic-planetaryhealth.eu\/wp-content\/uploads\/2024\/06\/2-2-768x768.png 768w, https:\/\/www.mosaic-planetaryhealth.eu\/wp-content\/uploads\/2024\/06\/2-2.png 1080w\" sizes=\"auto, (max-width: 1024px) 100vw, 1024px\" \/><\/figure>\n\n\n\n<figure class=\"wp-block-image size-large is-resized is-style-rounded\"><img loading=\"lazy\" decoding=\"async\" width=\"1024\" height=\"1024\" src=\"https:\/\/www.mosaic-planetaryhealth.eu\/wp-content\/uploads\/2024\/06\/8-1-1024x1024.png\" alt=\"\" class=\"wp-image-1251\" style=\"width:128px\" srcset=\"https:\/\/www.mosaic-planetaryhealth.eu\/wp-content\/uploads\/2024\/06\/8-1-1024x1024.png 1024w, https:\/\/www.mosaic-planetaryhealth.eu\/wp-content\/uploads\/2024\/06\/8-1-300x300.png 300w, https:\/\/www.mosaic-planetaryhealth.eu\/wp-content\/uploads\/2024\/06\/8-1-150x150.png 150w, https:\/\/www.mosaic-planetaryhealth.eu\/wp-content\/uploads\/2024\/06\/8-1-768x768.png 768w, https:\/\/www.mosaic-planetaryhealth.eu\/wp-content\/uploads\/2024\/06\/8-1.png 1080w\" sizes=\"auto, (max-width: 1024px) 100vw, 1024px\" \/><\/figure>\n<\/div>\n\n\n\n<div style=\"height:21px\" aria-hidden=\"true\" class=\"wp-block-spacer\"><\/div>\n\n\n\n<div class=\"wp-block-group is-nowrap is-layout-flex wp-container-core-group-is-layout-ad2f72ca wp-block-group-is-layout-flex\">\n<p class=\"has-neve-text-color-color has-text-color has-link-color wp-elements-36409931126d7afc021d6595a24b65a0\">Les objectifs consistent \u00e0 fournir un soutien op\u00e9rationnel et \u00e0 garantir (1) une coordination et une collecte de donn\u00e9es efficaces entre les partenaires, (2) la r\u00e9alisation en temps voulu de tous les objectifs, \u00e9tapes et livrables et (3) la pr\u00e9sentation de rapports qualitatifs \u00e0 la Commission europ\u00e9enne.<\/p>\n<\/div>\n\n\n\n<div style=\"height:133px\" aria-hidden=\"true\" class=\"wp-block-spacer\"><\/div>\n<\/div><\/div>\n\n\n\n<p><\/p>\n","protected":false},"excerpt":{"rendered":"","protected":false},"author":3,"featured_media":0,"parent":0,"menu_order":0,"comment_status":"closed","ping_status":"closed","template":"","meta":{"neve_meta_sidebar":"full-width","neve_meta_container":"contained","neve_meta_enable_content_width":"on","neve_meta_content_width":100,"neve_meta_title_alignment":"","neve_meta_author_avatar":"","neve_post_elements_order":"","neve_meta_disable_header":"","neve_meta_disable_footer":"","neve_meta_disable_title":"on","footnotes":""},"class_list":["post-1899","page","type-page","status-publish","hentry"],"_links":{"self":[{"href":"https:\/\/www.mosaic-planetaryhealth.eu\/index.php\/wp-json\/wp\/v2\/pages\/1899","targetHints":{"allow":["GET"]}}],"collection":[{"href":"https:\/\/www.mosaic-planetaryhealth.eu\/index.php\/wp-json\/wp\/v2\/pages"}],"about":[{"href":"https:\/\/www.mosaic-planetaryhealth.eu\/index.php\/wp-json\/wp\/v2\/types\/page"}],"author":[{"embeddable":true,"href":"https:\/\/www.mosaic-planetaryhealth.eu\/index.php\/wp-json\/wp\/v2\/users\/3"}],"replies":[{"embeddable":true,"href":"https:\/\/www.mosaic-planetaryhealth.eu\/index.php\/wp-json\/wp\/v2\/comments?post=1899"}],"version-history":[{"count":3,"href":"https:\/\/www.mosaic-planetaryhealth.eu\/index.php\/wp-json\/wp\/v2\/pages\/1899\/revisions"}],"predecessor-version":[{"id":1938,"href":"https:\/\/www.mosaic-planetaryhealth.eu\/index.php\/wp-json\/wp\/v2\/pages\/1899\/revisions\/1938"}],"wp:attachment":[{"href":"https:\/\/www.mosaic-planetaryhealth.eu\/index.php\/wp-json\/wp\/v2\/media?parent=1899"}],"curies":[{"name":"wp","href":"https:\/\/api.w.org\/{rel}","templated":true}]}}