{"id":1895,"date":"2025-11-07T17:01:50","date_gmt":"2025-11-07T16:01:50","guid":{"rendered":"https:\/\/www.mosaic-planetaryhealth.eu\/?page_id=1895"},"modified":"2025-11-10T10:31:22","modified_gmt":"2025-11-10T09:31:22","slug":"sites-detude","status":"publish","type":"page","link":"https:\/\/www.mosaic-planetaryhealth.eu\/index.php\/fr\/sites-detude\/","title":{"rendered":"Sites d&rsquo;\u00e9tude"},"content":{"rendered":"\n<div class=\"wp-block-cover alignfull wp-duotone-unset-1\" style=\"min-height:360px;aspect-ratio:unset;\"><img loading=\"lazy\" decoding=\"async\" width=\"2560\" height=\"1920\" class=\"wp-block-cover__image-background wp-image-1711 size-full\" alt=\"\" src=\"https:\/\/www.mosaic-planetaryhealth.eu\/wp-content\/uploads\/2025\/11\/IMG_29071-1-scaled.jpeg\" data-object-fit=\"cover\" srcset=\"https:\/\/www.mosaic-planetaryhealth.eu\/wp-content\/uploads\/2025\/11\/IMG_29071-1-scaled.jpeg 2560w, https:\/\/www.mosaic-planetaryhealth.eu\/wp-content\/uploads\/2025\/11\/IMG_29071-1-300x225.jpeg 300w, https:\/\/www.mosaic-planetaryhealth.eu\/wp-content\/uploads\/2025\/11\/IMG_29071-1-1024x768.jpeg 1024w, https:\/\/www.mosaic-planetaryhealth.eu\/wp-content\/uploads\/2025\/11\/IMG_29071-1-768x576.jpeg 768w, https:\/\/www.mosaic-planetaryhealth.eu\/wp-content\/uploads\/2025\/11\/IMG_29071-1-1536x1152.jpeg 1536w, https:\/\/www.mosaic-planetaryhealth.eu\/wp-content\/uploads\/2025\/11\/IMG_29071-1-2048x1536.jpeg 2048w\" sizes=\"auto, (max-width: 2560px) 100vw, 2560px\" \/><span aria-hidden=\"true\" class=\"wp-block-cover__background has-nv-text-dark-bg-background-color has-background-dim-20 has-background-dim\"><\/span><div class=\"wp-block-cover__inner-container is-layout-flow wp-block-cover-is-layout-flow\">\n<h1 class=\"wp-block-heading has-text-align-center has-nv-text-dark-bg-color has-text-color\">Sites d&rsquo;\u00e9tude<\/h1>\n\n\n\n<p><\/p>\n<\/div><\/div>\n\n\n\n<div class=\"wp-block-cover alignfull\"><span aria-hidden=\"true\" class=\"wp-block-cover__background has-nv-dark-bg-background-color has-background-dim-100 has-background-dim\"><\/span><div class=\"wp-block-cover__inner-container is-layout-constrained wp-block-cover-is-layout-constrained\">\n<hr class=\"wp-block-separator has-alpha-channel-opacity\"\/>\n\n\n\n<p class=\"has-text-align-center has-nv-text-dark-bg-color has-text-color has-link-color has-medium-font-size wp-elements-2d2e19881dd3b5eec23b81f81fd1a6c7\">Les activit\u00e9s se d\u00e9rouleront en Afrique de l&rsquo;Est et en Amazonie, des r\u00e9gions fortement touch\u00e9es par des changements et des impacts environnementaux significatifs, o\u00f9 plusieurs travaux ont \u00e9t\u00e9 men\u00e9s depuis plus d&rsquo;une d\u00e9cennie, notamment dans les domaines de la surveillance socio-environnementale, des impacts environnementaux sur la sant\u00e9 et le bien-\u00eatre, de la biodiversit\u00e9 et des programmes de conservation communautaires. Dans ce contexte, le projet MOSAIC constitue \u00e0 la fois une continuit\u00e9 logique dans leurs objectifs et un changement de paradigme dans la mani\u00e8re dont les acteurs locaux sont impliqu\u00e9s et dont la FAIRisation des donn\u00e9es et des connaissances est abord\u00e9e.<\/p>\n\n\n\n<hr class=\"wp-block-separator has-alpha-channel-opacity\"\/>\n\n\n\n<h2 class=\"wp-block-heading has-text-align-center\"><strong>Il existe trois zones d&rsquo;\u00e9tude transfrontali\u00e8res qui serviront de sites de r\u00e9f\u00e9rence pour le projet<\/strong>.<\/h2>\n<\/div><\/div>\n\n\n\n<div class=\"wp-block-cover alignfull has-neve-text-color-color has-text-color has-link-color wp-elements-80919cf1ba0b5ea62a8c653c022d84bc\" style=\"min-height:520px;aspect-ratio:unset;\"><span aria-hidden=\"true\" class=\"wp-block-cover__background has-nv-site-bg-background-color has-background-dim-100 has-background-dim\"><\/span><div class=\"wp-block-cover__inner-container is-layout-flow wp-block-cover-is-layout-flow\">\n<div class=\"wp-block-group\"><div class=\"wp-block-group__inner-container is-layout-constrained wp-block-group-is-layout-constrained\">\n<div class=\"wp-block-group\"><div class=\"wp-block-group__inner-container is-layout-constrained wp-block-group-is-layout-constrained\">\n<div class=\"wp-block-columns is-layout-flex wp-container-core-columns-is-layout-9d6595d7 wp-block-columns-is-layout-flex\">\n<div class=\"wp-block-column is-vertically-aligned-center is-layout-flow wp-block-column-is-layout-flow\">\n<h1 class=\"wp-block-heading has-neve-link-color-color has-text-color\" style=\"font-size:25px\"><strong>1 site en Afrique de l&rsquo;Est, dans la r\u00e9gion transfrontali\u00e8re occup\u00e9e par les communaut\u00e9s Maasa\u00ef entre le Kenya et la Tanzanie<\/strong><\/h1>\n<\/div>\n\n\n\n<div class=\"wp-block-column is-vertically-aligned-top is-layout-flow wp-block-column-is-layout-flow\">\n<figure class=\"wp-block-image size-full is-resized has-custom-border\"><img loading=\"lazy\" decoding=\"async\" width=\"496\" height=\"567\" src=\"https:\/\/www.mosaic-planetaryhealth.eu\/wp-content\/uploads\/2024\/06\/Afrique.png\" alt=\"\" class=\"wp-image-1202\" style=\"border-style:none;border-width:0px;width:359px;height:auto\" srcset=\"https:\/\/www.mosaic-planetaryhealth.eu\/wp-content\/uploads\/2024\/06\/Afrique.png 496w, https:\/\/www.mosaic-planetaryhealth.eu\/wp-content\/uploads\/2024\/06\/Afrique-262x300.png 262w\" sizes=\"auto, (max-width: 496px) 100vw, 496px\" \/><\/figure>\n<\/div>\n\n\n\n<div class=\"wp-block-column is-vertically-aligned-bottom is-layout-flow wp-block-column-is-layout-flow\"><div class=\"wp-block-image\">\n<figure class=\"alignleft size-full is-resized\"><img loading=\"lazy\" decoding=\"async\" width=\"515\" height=\"405\" src=\"https:\/\/www.mosaic-planetaryhealth.eu\/wp-content\/uploads\/2024\/06\/Capture-kenya-ok-2.png\" alt=\"\" class=\"wp-image-1201\" style=\"width:436px;height:auto\" srcset=\"https:\/\/www.mosaic-planetaryhealth.eu\/wp-content\/uploads\/2024\/06\/Capture-kenya-ok-2.png 515w, https:\/\/www.mosaic-planetaryhealth.eu\/wp-content\/uploads\/2024\/06\/Capture-kenya-ok-2-300x236.png 300w\" sizes=\"auto, (max-width: 515px) 100vw, 515px\" \/><\/figure>\n<\/div>\n\n\n<div style=\"height:30px\" aria-hidden=\"true\" class=\"wp-block-spacer\"><\/div>\n<\/div>\n<\/div>\n<\/div><\/div>\n<\/div><\/div>\n<\/div><\/div>\n\n\n\n<hr class=\"wp-block-separator has-alpha-channel-opacity\"\/>\n\n\n\n<div class=\"wp-block-cover alignfull has-custom-content-position is-position-top-center has-neve-text-color-color has-text-color has-link-color wp-elements-d6922808c0db2fdfed5cb62f39e347d2\" style=\"min-height:740px;aspect-ratio:unset;\"><span aria-hidden=\"true\" class=\"wp-block-cover__background has-nv-site-bg-background-color has-background-dim-100 has-background-dim\"><\/span><div class=\"wp-block-cover__inner-container is-layout-flow wp-block-cover-is-layout-flow\">\n<div class=\"wp-block-group\"><div class=\"wp-block-group__inner-container is-layout-constrained wp-block-group-is-layout-constrained\">\n<div class=\"wp-block-group\"><div class=\"wp-block-group__inner-container is-layout-constrained wp-block-group-is-layout-constrained\">\n<div class=\"wp-block-columns is-layout-flex wp-container-core-columns-is-layout-9d6595d7 wp-block-columns-is-layout-flex\">\n<div class=\"wp-block-column is-vertically-aligned-center is-layout-flow wp-block-column-is-layout-flow\">\n<figure class=\"wp-block-image size-full\"><a href=\"https:\/\/framacarte.org\/fr\/map\/mosaic-study-sites_188883#8\/3.226\/-52.245\"><img loading=\"lazy\" decoding=\"async\" width=\"793\" height=\"630\" src=\"https:\/\/www.mosaic-planetaryhealth.eu\/wp-content\/uploads\/2024\/05\/BR-G.png\" alt=\"\" class=\"wp-image-350\" srcset=\"https:\/\/www.mosaic-planetaryhealth.eu\/wp-content\/uploads\/2024\/05\/BR-G.png 793w, https:\/\/www.mosaic-planetaryhealth.eu\/wp-content\/uploads\/2024\/05\/BR-G-300x238.png 300w, https:\/\/www.mosaic-planetaryhealth.eu\/wp-content\/uploads\/2024\/05\/BR-G-768x610.png 768w\" sizes=\"auto, (max-width: 793px) 100vw, 793px\" \/><\/a><\/figure>\n<\/div>\n\n\n\n<div class=\"wp-block-column is-vertically-aligned-center is-layout-flow wp-block-column-is-layout-flow\">\n<figure class=\"wp-block-image size-full is-resized has-custom-border\"><img loading=\"lazy\" decoding=\"async\" width=\"467\" height=\"687\" src=\"https:\/\/www.mosaic-planetaryhealth.eu\/wp-content\/uploads\/2024\/05\/Amerique.png\" alt=\"\" class=\"wp-image-348\" style=\"border-style:none;border-width:0px;width:324px;height:auto\" srcset=\"https:\/\/www.mosaic-planetaryhealth.eu\/wp-content\/uploads\/2024\/05\/Amerique.png 467w, https:\/\/www.mosaic-planetaryhealth.eu\/wp-content\/uploads\/2024\/05\/Amerique-204x300.png 204w\" sizes=\"auto, (max-width: 467px) 100vw, 467px\" \/><\/figure>\n<\/div>\n\n\n\n<div class=\"wp-block-column is-vertically-aligned-center is-layout-flow wp-block-column-is-layout-flow\">\n<p><\/p>\n\n\n\n<p><\/p>\n\n\n\n<h2 class=\"wp-block-heading has-neve-link-color-color has-text-color\" style=\"font-size:25px\"><strong>2 sites en Amazonie, dans les zones transfrontali\u00e8res entre\u00a0; la Guyane fran\u00e7aise et le Br\u00e9sil, et entre le Br\u00e9sil, la Colombie et le P\u00e9rou<\/strong>.<\/h2>\n\n\n\n<div style=\"height:30px\" aria-hidden=\"true\" class=\"wp-block-spacer\"><\/div>\n\n\n\n<figure class=\"wp-block-image size-full\"><img loading=\"lazy\" decoding=\"async\" width=\"850\" height=\"659\" src=\"https:\/\/www.mosaic-planetaryhealth.eu\/wp-content\/uploads\/2024\/05\/BR-COL-PERU.png\" alt=\"\" class=\"wp-image-351\" srcset=\"https:\/\/www.mosaic-planetaryhealth.eu\/wp-content\/uploads\/2024\/05\/BR-COL-PERU.png 850w, https:\/\/www.mosaic-planetaryhealth.eu\/wp-content\/uploads\/2024\/05\/BR-COL-PERU-300x233.png 300w, https:\/\/www.mosaic-planetaryhealth.eu\/wp-content\/uploads\/2024\/05\/BR-COL-PERU-768x595.png 768w\" sizes=\"auto, (max-width: 850px) 100vw, 850px\" \/><\/figure>\n<\/div>\n<\/div>\n<\/div><\/div>\n<\/div><\/div>\n<\/div><\/div>\n","protected":false},"excerpt":{"rendered":"","protected":false},"author":3,"featured_media":0,"parent":0,"menu_order":0,"comment_status":"closed","ping_status":"closed","template":"","meta":{"neve_meta_sidebar":"full-width","neve_meta_container":"contained","neve_meta_enable_content_width":"on","neve_meta_content_width":100,"neve_meta_title_alignment":"","neve_meta_author_avatar":"","neve_post_elements_order":"","neve_meta_disable_header":"","neve_meta_disable_footer":"","neve_meta_disable_title":"on","footnotes":""},"class_list":["post-1895","page","type-page","status-publish","hentry"],"_links":{"self":[{"href":"https:\/\/www.mosaic-planetaryhealth.eu\/index.php\/wp-json\/wp\/v2\/pages\/1895","targetHints":{"allow":["GET"]}}],"collection":[{"href":"https:\/\/www.mosaic-planetaryhealth.eu\/index.php\/wp-json\/wp\/v2\/pages"}],"about":[{"href":"https:\/\/www.mosaic-planetaryhealth.eu\/index.php\/wp-json\/wp\/v2\/types\/page"}],"author":[{"embeddable":true,"href":"https:\/\/www.mosaic-planetaryhealth.eu\/index.php\/wp-json\/wp\/v2\/users\/3"}],"replies":[{"embeddable":true,"href":"https:\/\/www.mosaic-planetaryhealth.eu\/index.php\/wp-json\/wp\/v2\/comments?post=1895"}],"version-history":[{"count":3,"href":"https:\/\/www.mosaic-planetaryhealth.eu\/index.php\/wp-json\/wp\/v2\/pages\/1895\/revisions"}],"predecessor-version":[{"id":1947,"href":"https:\/\/www.mosaic-planetaryhealth.eu\/index.php\/wp-json\/wp\/v2\/pages\/1895\/revisions\/1947"}],"wp:attachment":[{"href":"https:\/\/www.mosaic-planetaryhealth.eu\/index.php\/wp-json\/wp\/v2\/media?parent=1895"}],"curies":[{"name":"wp","href":"https:\/\/api.w.org\/{rel}","templated":true}]}}