{"id":1887,"date":"2025-11-07T16:58:28","date_gmt":"2025-11-07T15:58:28","guid":{"rendered":"https:\/\/www.mosaic-planetaryhealth.eu\/?page_id=1887"},"modified":"2025-11-07T17:32:11","modified_gmt":"2025-11-07T16:32:11","slug":"objectif","status":"publish","type":"page","link":"https:\/\/www.mosaic-planetaryhealth.eu\/index.php\/fr\/objectif\/","title":{"rendered":"Objectif"},"content":{"rendered":"\n<div class=\"wp-block-cover alignfull is-light\" style=\"min-height:360px;aspect-ratio:unset;\"><span aria-hidden=\"true\" class=\"wp-block-cover__background has-nv-dark-bg-background-color has-background-dim-100 has-background-dim\"><\/span><div class=\"wp-block-cover__inner-container is-layout-flow wp-block-cover-is-layout-flow\">\n<div class=\"wp-block-cover alignfull wp-duotone-unset-1\" style=\"min-height:360px;aspect-ratio:unset;\"><img loading=\"lazy\" decoding=\"async\" width=\"900\" height=\"675\" class=\"wp-block-cover__image-background wp-image-1697 size-full\" alt=\"\" src=\"https:\/\/www.mosaic-planetaryhealth.eu\/wp-content\/uploads\/2025\/11\/Bresil-4.jpg\" data-object-fit=\"cover\" srcset=\"https:\/\/www.mosaic-planetaryhealth.eu\/wp-content\/uploads\/2025\/11\/Bresil-4.jpg 900w, https:\/\/www.mosaic-planetaryhealth.eu\/wp-content\/uploads\/2025\/11\/Bresil-4-300x225.jpg 300w, https:\/\/www.mosaic-planetaryhealth.eu\/wp-content\/uploads\/2025\/11\/Bresil-4-768x576.jpg 768w\" sizes=\"auto, (max-width: 900px) 100vw, 900px\" \/><span aria-hidden=\"true\" class=\"wp-block-cover__background has-nv-text-dark-bg-background-color has-background-dim-20 has-background-dim\"><\/span><div class=\"wp-block-cover__inner-container is-layout-flow wp-block-cover-is-layout-flow\">\n<div style=\"height:100px\" aria-hidden=\"true\" class=\"wp-block-spacer\"><\/div>\n\n\n\n<h1 class=\"wp-block-heading has-text-align-center has-nv-text-dark-bg-color has-text-color\">Objectif<\/h1>\n\n\n\n<div style=\"height:100px\" aria-hidden=\"true\" class=\"wp-block-spacer\"><\/div>\n<\/div><\/div>\n<\/div><\/div>\n\n\n\n<div style=\"height:38px\" aria-hidden=\"true\" class=\"wp-block-spacer\"><\/div>\n\n\n\n<h3 class=\"wp-block-heading has-text-align-center\" style=\"padding-right:var(--wp--preset--spacing--80);padding-left:var(--wp--preset--spacing--80)\">L&rsquo;objectif principal du projet MOSAIC est de concevoir et de mettre en \u0153uvre des \u00e9cosyst\u00e8mes d&rsquo;information ouverts, multimodaux et reproductibles en collaboration avec les acteurs locaux, permettant \u00e0 ces derniers de s&rsquo;engager, avec les scientifiques, dans la coproduction et la formalisation des donn\u00e9es et des connaissances, l&rsquo;\u00e9laboration et l&rsquo;\u00e9valuation d&rsquo;indicateurs, la d\u00e9finition et la mise en \u0153uvre d&rsquo;une strat\u00e9gie de diffusion.<\/h3>\n\n\n\n<p><\/p>\n\n\n\n<div class=\"wp-block-columns alignfull has-nv-light-bg-background-color has-background is-layout-flex wp-container-core-columns-is-layout-9d6595d7 wp-block-columns-is-layout-flex\">\n<div class=\"wp-block-column is-layout-flow wp-block-column-is-layout-flow\">\n<p style=\"padding-top:var(--wp--preset--spacing--80);padding-right:var(--wp--preset--spacing--80);padding-bottom:var(--wp--preset--spacing--80);padding-left:var(--wp--preset--spacing--80)\">MOSAIC s&rsquo;appuie principalement sur la Science Ouverte, d\u00e9finie comme un \u00ab concept inclusif qui englobe diff\u00e9rents mouvements et pratiques visant \u00e0 rendre les connaissances scientifiques multilingues, librement accessibles \u00e0 tous et r\u00e9utilisables par tous, \u00e0 renforcer la collaboration scientifique et le partage des informations au profit de la science et de la soci\u00e9t\u00e9, ainsi qu\u2019\u00e0 ouvrir les processus de cr\u00e9ation, d\u2019\u00e9valuation et de diffusion des connaissances scientifiques aux acteurs de la soci\u00e9t\u00e9 au-del\u00e0 de la communaut\u00e9 scientifique traditionnelle. Elle inclut toutes les disciplines scientifiques et tous les aspects des pratiques savantes, y compris les sciences fondamentales et appliqu\u00e9es, les sciences naturelles et les sciences sociales et humaines, et repose sur les piliers essentiels suivants : les connaissances scientifiques ouvertes ; les infrastructures de la science ouverte ; la communication scientifique ; la participation ouverte des acteurs de la soci\u00e9t\u00e9 ; et le dialogue ouvert avec les autres syst\u00e8mes de connaissances. \u00bb (<a href=\"https:\/\/unesdoc.unesco.org\/ark:\/48223\/pf0000379949_fre\">UNESCO, 2021<\/a>)<\/p>\n<\/div>\n\n\n\n<div class=\"wp-block-column is-layout-flow wp-block-column-is-layout-flow\"><div class=\"wp-block-image\">\n<figure class=\"aligncenter size-full is-resized\"><a href=\"https:\/\/www.mosaic-planetaryhealth.eu\/wp-content\/uploads\/2024\/06\/UNESCO-Open_science-pillars-en-1.png\"><img loading=\"lazy\" decoding=\"async\" width=\"674\" height=\"794\" src=\"https:\/\/www.mosaic-planetaryhealth.eu\/wp-content\/uploads\/2024\/06\/UNESCO-Open_science-pillars-en-1.png\" alt=\"\" class=\"wp-image-504\" style=\"width:435px;height:auto\" srcset=\"https:\/\/www.mosaic-planetaryhealth.eu\/wp-content\/uploads\/2024\/06\/UNESCO-Open_science-pillars-en-1.png 674w, https:\/\/www.mosaic-planetaryhealth.eu\/wp-content\/uploads\/2024\/06\/UNESCO-Open_science-pillars-en-1-255x300.png 255w\" sizes=\"auto, (max-width: 674px) 100vw, 674px\" \/><\/a><figcaption class=\"wp-element-caption\">Les piliers de la Science Ouverte, UNESCO (2021)<\/figcaption><\/figure>\n<\/div><\/div>\n<\/div>\n\n\n\n<h2 class=\"wp-block-heading alignfull has-text-align-center has-nv-site-bg-color has-neve-link-color-background-color has-text-color has-background has-link-color wp-elements-e898a467ea9e55fb939a7803d1b8a483\"><strong>Regardez nos vid\u00e9os sur la Science participative et la Science Ouverte<\/strong><\/h2>\n\n\n\n<div style=\"height:100px\" aria-hidden=\"true\" class=\"wp-block-spacer\"><\/div>\n\n\n\n<div class=\"wp-block-columns is-layout-flex wp-container-core-columns-is-layout-9d6595d7 wp-block-columns-is-layout-flex\">\n<div class=\"wp-block-column is-layout-flow wp-block-column-is-layout-flow\">\n<figure class=\"wp-block-gallery has-nested-images columns-default is-cropped wp-block-gallery-2 is-layout-flex wp-block-gallery-is-layout-flex\">\n<figure class=\"wp-block-image size-large\"><a href=\"https:\/\/peertube.otakufarms.com\/w\/8jPYHWXeyG4AYi7CR6pmv2\"><img loading=\"lazy\" decoding=\"async\" width=\"1024\" height=\"596\" data-id=\"1457\" src=\"https:\/\/www.mosaic-planetaryhealth.eu\/wp-content\/uploads\/2025\/08\/Video-2-2-1024x596.png\" alt=\"\" class=\"wp-image-1457\" srcset=\"https:\/\/www.mosaic-planetaryhealth.eu\/wp-content\/uploads\/2025\/08\/Video-2-2-1024x596.png 1024w, https:\/\/www.mosaic-planetaryhealth.eu\/wp-content\/uploads\/2025\/08\/Video-2-2-300x175.png 300w, https:\/\/www.mosaic-planetaryhealth.eu\/wp-content\/uploads\/2025\/08\/Video-2-2-768x447.png 768w, https:\/\/www.mosaic-planetaryhealth.eu\/wp-content\/uploads\/2025\/08\/Video-2-2.png 1274w\" sizes=\"auto, (max-width: 1024px) 100vw, 1024px\" \/><\/a><\/figure>\n<\/figure>\n\n\n\n<p class=\"has-text-align-center\">Pr\u00e9sentation sur la Science participative par Emilie Coudel lors de la r\u00e9union de lancement du projet MOSAIC (f\u00e9vrier 2024)<\/p>\n<\/div>\n\n\n\n<div class=\"wp-block-column is-layout-flow wp-block-column-is-layout-flow\">\n<figure class=\"wp-block-image size-large\"><a href=\"https:\/\/peertube.otakufarms.com\/w\/cHKmkEeMM6mf2y3aieEDkk\"><img loading=\"lazy\" decoding=\"async\" width=\"1024\" height=\"593\" src=\"https:\/\/www.mosaic-planetaryhealth.eu\/wp-content\/uploads\/2025\/08\/Video-1-1024x593.png\" alt=\"\" class=\"wp-image-1432\" srcset=\"https:\/\/www.mosaic-planetaryhealth.eu\/wp-content\/uploads\/2025\/08\/Video-1-1024x593.png 1024w, https:\/\/www.mosaic-planetaryhealth.eu\/wp-content\/uploads\/2025\/08\/Video-1-300x174.png 300w, https:\/\/www.mosaic-planetaryhealth.eu\/wp-content\/uploads\/2025\/08\/Video-1-768x444.png 768w, https:\/\/www.mosaic-planetaryhealth.eu\/wp-content\/uploads\/2025\/08\/Video-1.png 1189w\" sizes=\"auto, (max-width: 1024px) 100vw, 1024px\" \/><\/a><\/figure>\n\n\n\n<p class=\"has-text-align-center\">Pr\u00e9sentation sur la Science Ouverte par Fran\u00e7ois Sabot lors de la r\u00e9union de lancement du projet MOSAIC (f\u00e9vrier 2024)<\/p>\n<\/div>\n<\/div>\n\n\n\n<div style=\"height:100px\" aria-hidden=\"true\" class=\"wp-block-spacer\"><\/div>\n\n\n\n<p><\/p>\n","protected":false},"excerpt":{"rendered":"<p>L&rsquo;objectif principal du projet MOSAIC est de concevoir et de mettre en \u0153uvre des \u00e9cosyst\u00e8mes d&rsquo;information ouverts, multimodaux et reproductibles en collaboration avec les acteurs locaux, permettant \u00e0 ces derniers de s&rsquo;engager, avec les scientifiques, dans la coproduction et la formalisation des donn\u00e9es et des connaissances, l&rsquo;\u00e9laboration et l&rsquo;\u00e9valuation d&rsquo;indicateurs, la d\u00e9finition et la mise&hellip;&nbsp;<a href=\"https:\/\/www.mosaic-planetaryhealth.eu\/index.php\/fr\/objectif\/\" rel=\"bookmark\">Lire la suite &raquo;<span class=\"screen-reader-text\">Objectif<\/span><\/a><\/p>\n","protected":false},"author":3,"featured_media":0,"parent":0,"menu_order":0,"comment_status":"closed","ping_status":"closed","template":"","meta":{"neve_meta_sidebar":"full-width","neve_meta_container":"contained","neve_meta_enable_content_width":"on","neve_meta_content_width":100,"neve_meta_title_alignment":"","neve_meta_author_avatar":"","neve_post_elements_order":"","neve_meta_disable_header":"","neve_meta_disable_footer":"","neve_meta_disable_title":"on","footnotes":""},"class_list":["post-1887","page","type-page","status-publish","hentry"],"_links":{"self":[{"href":"https:\/\/www.mosaic-planetaryhealth.eu\/index.php\/wp-json\/wp\/v2\/pages\/1887","targetHints":{"allow":["GET"]}}],"collection":[{"href":"https:\/\/www.mosaic-planetaryhealth.eu\/index.php\/wp-json\/wp\/v2\/pages"}],"about":[{"href":"https:\/\/www.mosaic-planetaryhealth.eu\/index.php\/wp-json\/wp\/v2\/types\/page"}],"author":[{"embeddable":true,"href":"https:\/\/www.mosaic-planetaryhealth.eu\/index.php\/wp-json\/wp\/v2\/users\/3"}],"replies":[{"embeddable":true,"href":"https:\/\/www.mosaic-planetaryhealth.eu\/index.php\/wp-json\/wp\/v2\/comments?post=1887"}],"version-history":[{"count":3,"href":"https:\/\/www.mosaic-planetaryhealth.eu\/index.php\/wp-json\/wp\/v2\/pages\/1887\/revisions"}],"predecessor-version":[{"id":1934,"href":"https:\/\/www.mosaic-planetaryhealth.eu\/index.php\/wp-json\/wp\/v2\/pages\/1887\/revisions\/1934"}],"wp:attachment":[{"href":"https:\/\/www.mosaic-planetaryhealth.eu\/index.php\/wp-json\/wp\/v2\/media?parent=1887"}],"curies":[{"name":"wp","href":"https:\/\/api.w.org\/{rel}","templated":true}]}}