{"id":1883,"date":"2025-11-07T16:56:27","date_gmt":"2025-11-07T15:56:27","guid":{"rendered":"https:\/\/www.mosaic-planetaryhealth.eu\/?page_id=1883"},"modified":"2025-11-10T10:21:00","modified_gmt":"2025-11-10T09:21:00","slug":"impacts-fr","status":"publish","type":"page","link":"https:\/\/www.mosaic-planetaryhealth.eu\/index.php\/fr\/impacts-fr\/","title":{"rendered":"Impacts"},"content":{"rendered":"\n<div class=\"wp-block-cover alignfull is-light\" style=\"min-height:360px;aspect-ratio:unset;\"><span aria-hidden=\"true\" class=\"wp-block-cover__background has-nv-dark-bg-background-color has-background-dim-100 has-background-dim\"><\/span><div class=\"wp-block-cover__inner-container is-layout-flow wp-block-cover-is-layout-flow\">\n<div class=\"wp-block-cover alignfull wp-duotone-unset-1\" style=\"min-height:360px;aspect-ratio:unset;\"><img loading=\"lazy\" decoding=\"async\" width=\"1024\" height=\"314\" class=\"wp-block-cover__image-background wp-image-1718 size-large\" alt=\"\" src=\"https:\/\/www.mosaic-planetaryhealth.eu\/wp-content\/uploads\/2025\/11\/IMG_99711-2-1024x314.jpeg\" data-object-fit=\"cover\" srcset=\"https:\/\/www.mosaic-planetaryhealth.eu\/wp-content\/uploads\/2025\/11\/IMG_99711-2-1024x314.jpeg 1024w, https:\/\/www.mosaic-planetaryhealth.eu\/wp-content\/uploads\/2025\/11\/IMG_99711-2-300x92.jpeg 300w, https:\/\/www.mosaic-planetaryhealth.eu\/wp-content\/uploads\/2025\/11\/IMG_99711-2-768x236.jpeg 768w, https:\/\/www.mosaic-planetaryhealth.eu\/wp-content\/uploads\/2025\/11\/IMG_99711-2-1536x472.jpeg 1536w, https:\/\/www.mosaic-planetaryhealth.eu\/wp-content\/uploads\/2025\/11\/IMG_99711-2-2048x629.jpeg 2048w\" sizes=\"auto, (max-width: 1024px) 100vw, 1024px\" \/><span aria-hidden=\"true\" class=\"wp-block-cover__background has-nv-text-dark-bg-background-color has-background-dim-20 has-background-dim\"><\/span><div class=\"wp-block-cover__inner-container is-layout-flow wp-block-cover-is-layout-flow\">\n<div style=\"height:100px\" aria-hidden=\"true\" class=\"wp-block-spacer\"><\/div>\n\n\n\n<h1 class=\"wp-block-heading has-text-align-center has-nv-text-dark-bg-color has-text-color\">Impacts<\/h1>\n\n\n\n<div style=\"height:100px\" aria-hidden=\"true\" class=\"wp-block-spacer\"><\/div>\n<\/div><\/div>\n<\/div><\/div>\n\n\n\n<div style=\"height:80px\" aria-hidden=\"true\" class=\"wp-block-spacer\"><\/div>\n\n\n\n<h2 class=\"wp-block-heading has-text-align-center\"><strong><strong>Impacts attendus<\/strong><\/strong><\/h2>\n\n\n\n<div style=\"height:40px\" aria-hidden=\"true\" class=\"wp-block-spacer\"><\/div>\n\n\n\n<div class=\"wp-block-columns is-layout-flex wp-container-core-columns-is-layout-9d6595d7 wp-block-columns-is-layout-flex\">\n<div class=\"wp-block-column is-layout-flow wp-block-column-is-layout-flow\"><div class=\"wp-block-image wp-duotone-grayscale\">\n<figure class=\"aligncenter size-large is-resized has-custom-border\"><img decoding=\"async\" src=\"https:\/\/api.themeisle.com\/templates-data\/2021\/07\/ebf0233ced7259cf0838b7ba6d3aee07rsx6gl3s31t2ttqq0o7s\/images\/tc-icons-01-sm.png\" alt=\"\" class=\"wp-image-805\" style=\"border-style:none;border-width:0px;border-radius:0px;width:80px;height:auto\"\/><\/figure>\n<\/div>\n\n\n<h3 class=\"wp-block-heading has-text-align-center\" style=\"padding-top:var(--wp--preset--spacing--30);padding-bottom:var(--wp--preset--spacing--30)\"><strong><strong><strong>Impacts scientifiques<\/strong><\/strong><\/strong><\/h3>\n\n\n\n<p class=\"has-text-align-center\" style=\"padding-right:var(--wp--preset--spacing--30);padding-left:var(--wp--preset--spacing--30)\">Nouvelle avanc\u00e9e significative vers une science ouverte, interdisciplinaire et transdisciplinaire au service des objectifs de d\u00e9veloppement durable (ODD) et de la sant\u00e9 plan\u00e9taire.<\/p>\n<\/div>\n\n\n\n<div class=\"wp-block-column is-layout-flow wp-block-column-is-layout-flow\"><div class=\"wp-block-image wp-duotone-grayscale\">\n<figure class=\"aligncenter size-large\"><img decoding=\"async\" src=\"https:\/\/api.themeisle.com\/templates-data\/2021\/07\/ebf0233ced7259cf0838b7ba6d3aee07rsx6gl3s31t2ttqq0o7s\/images\/tc-icons-03-sm.png\" alt=\"\" class=\"wp-image-800\"\/><\/figure>\n<\/div>\n\n\n<h3 class=\"wp-block-heading has-text-align-center\" style=\"padding-top:var(--wp--preset--spacing--30);padding-bottom:var(--wp--preset--spacing--30)\"><strong><strong>Impacts sur les politiques<\/strong><\/strong><\/h3>\n\n\n\n<p class=\"has-text-align-center\" style=\"padding-right:var(--wp--preset--spacing--30);padding-left:var(--wp--preset--spacing--30)\">Les consid\u00e9rations relatives \u00e0 la pr\u00e9servation et \u00e0 l&rsquo;am\u00e9lioration de la sant\u00e9 des \u00e9cosyst\u00e8mes pour le bien-\u00eatre et la sant\u00e9 des populations priment sur toutes les autres.<\/p>\n<\/div>\n\n\n\n<div class=\"wp-block-column is-layout-flow wp-block-column-is-layout-flow\"><div class=\"wp-block-image wp-duotone-grayscale\">\n<figure class=\"aligncenter size-large\"><img decoding=\"async\" src=\"https:\/\/api.themeisle.com\/templates-data\/2021\/07\/ebf0233ced7259cf0838b7ba6d3aee07rsx6gl3s31t2ttqq0o7s\/images\/tc-icons-02-sm.png\" alt=\"\" class=\"wp-image-801\"\/><\/figure>\n<\/div>\n\n\n<h3 class=\"wp-block-heading has-text-align-center\" style=\"padding-top:var(--wp--preset--spacing--30);padding-bottom:var(--wp--preset--spacing--30)\"><strong><strong>Impacts sociaux<\/strong><\/strong><\/h3>\n\n\n\n<p class=\"has-text-align-center\" style=\"padding-right:var(--wp--preset--spacing--30);padding-left:var(--wp--preset--spacing--30)\">Un cercle vertueux s&rsquo;engage, entre la sant\u00e9 environnementale, humaine et animale (Une Seule Sant\u00e9) et vers une plan\u00e8te de plus en plus habitable (Sant\u00e9 plan\u00e9taire).<\/p>\n<\/div>\n<\/div>\n\n\n\n<div style=\"height:80px\" aria-hidden=\"true\" class=\"wp-block-spacer\"><\/div>\n\n\n\n<p><\/p>\n","protected":false},"excerpt":{"rendered":"<p>Impacts attendus Impacts scientifiques Nouvelle avanc\u00e9e significative vers une science ouverte, interdisciplinaire et transdisciplinaire au service des objectifs de d\u00e9veloppement durable (ODD) et de la sant\u00e9 plan\u00e9taire. Impacts sur les politiques Les consid\u00e9rations relatives \u00e0 la pr\u00e9servation et \u00e0 l&rsquo;am\u00e9lioration de la sant\u00e9 des \u00e9cosyst\u00e8mes pour le bien-\u00eatre et la sant\u00e9 des populations priment sur&hellip;&nbsp;<a href=\"https:\/\/www.mosaic-planetaryhealth.eu\/index.php\/fr\/impacts-fr\/\" rel=\"bookmark\">Lire la suite &raquo;<span class=\"screen-reader-text\">Impacts<\/span><\/a><\/p>\n","protected":false},"author":3,"featured_media":0,"parent":0,"menu_order":0,"comment_status":"closed","ping_status":"closed","template":"","meta":{"neve_meta_sidebar":"full-width","neve_meta_container":"contained","neve_meta_enable_content_width":"on","neve_meta_content_width":100,"neve_meta_title_alignment":"","neve_meta_author_avatar":"","neve_post_elements_order":"","neve_meta_disable_header":"","neve_meta_disable_footer":"","neve_meta_disable_title":"on","footnotes":""},"class_list":["post-1883","page","type-page","status-publish","hentry"],"_links":{"self":[{"href":"https:\/\/www.mosaic-planetaryhealth.eu\/index.php\/wp-json\/wp\/v2\/pages\/1883","targetHints":{"allow":["GET"]}}],"collection":[{"href":"https:\/\/www.mosaic-planetaryhealth.eu\/index.php\/wp-json\/wp\/v2\/pages"}],"about":[{"href":"https:\/\/www.mosaic-planetaryhealth.eu\/index.php\/wp-json\/wp\/v2\/types\/page"}],"author":[{"embeddable":true,"href":"https:\/\/www.mosaic-planetaryhealth.eu\/index.php\/wp-json\/wp\/v2\/users\/3"}],"replies":[{"embeddable":true,"href":"https:\/\/www.mosaic-planetaryhealth.eu\/index.php\/wp-json\/wp\/v2\/comments?post=1883"}],"version-history":[{"count":2,"href":"https:\/\/www.mosaic-planetaryhealth.eu\/index.php\/wp-json\/wp\/v2\/pages\/1883\/revisions"}],"predecessor-version":[{"id":1940,"href":"https:\/\/www.mosaic-planetaryhealth.eu\/index.php\/wp-json\/wp\/v2\/pages\/1883\/revisions\/1940"}],"wp:attachment":[{"href":"https:\/\/www.mosaic-planetaryhealth.eu\/index.php\/wp-json\/wp\/v2\/media?parent=1883"}],"curies":[{"name":"wp","href":"https:\/\/api.w.org\/{rel}","templated":true}]}}