{"id":1881,"date":"2025-11-07T16:55:53","date_gmt":"2025-11-07T15:55:53","guid":{"rendered":"https:\/\/www.mosaic-planetaryhealth.eu\/?page_id=1881"},"modified":"2025-11-07T17:25:27","modified_gmt":"2025-11-07T16:25:27","slug":"contexte-2","status":"publish","type":"page","link":"https:\/\/www.mosaic-planetaryhealth.eu\/index.php\/fr\/contexte-2\/","title":{"rendered":"Contexte"},"content":{"rendered":"\n<div class=\"wp-block-cover alignfull is-light\" style=\"min-height:400px;aspect-ratio:unset;\"><span aria-hidden=\"true\" class=\"wp-block-cover__background has-nv-dark-bg-background-color has-background-dim-100 has-background-dim\"><\/span><div class=\"wp-block-cover__inner-container is-layout-flow wp-block-cover-is-layout-flow\">\n<div class=\"wp-block-cover alignfull wp-duotone-unset-1\" style=\"min-height:360px;aspect-ratio:unset;\"><img loading=\"lazy\" decoding=\"async\" width=\"1276\" height=\"545\" class=\"wp-block-cover__image-background wp-image-63\" alt=\"\" src=\"https:\/\/www.mosaic-planetaryhealth.eu\/wp-content\/uploads\/2024\/05\/Capture-page-accueil-site-3.png\" data-object-fit=\"cover\" srcset=\"https:\/\/www.mosaic-planetaryhealth.eu\/wp-content\/uploads\/2024\/05\/Capture-page-accueil-site-3.png 1276w, https:\/\/www.mosaic-planetaryhealth.eu\/wp-content\/uploads\/2024\/05\/Capture-page-accueil-site-3-300x128.png 300w, https:\/\/www.mosaic-planetaryhealth.eu\/wp-content\/uploads\/2024\/05\/Capture-page-accueil-site-3-1024x437.png 1024w, https:\/\/www.mosaic-planetaryhealth.eu\/wp-content\/uploads\/2024\/05\/Capture-page-accueil-site-3-768x328.png 768w\" sizes=\"auto, (max-width: 1276px) 100vw, 1276px\" \/><span aria-hidden=\"true\" class=\"wp-block-cover__background has-nv-text-dark-bg-background-color has-background-dim-20 has-background-dim\"><\/span><div class=\"wp-block-cover__inner-container is-layout-flow wp-block-cover-is-layout-flow\">\n<div style=\"height:100px\" aria-hidden=\"true\" class=\"wp-block-spacer\"><\/div>\n\n\n\n<h1 class=\"wp-block-heading has-text-align-center has-nv-text-dark-bg-color has-text-color\">Contexte<\/h1>\n\n\n\n<div style=\"height:100px\" aria-hidden=\"true\" class=\"wp-block-spacer\"><\/div>\n<\/div><\/div>\n\n\n\n<p><\/p>\n\n\n\n<p class=\"has-text-align-center has-nv-text-dark-bg-color has-text-color has-large-font-size\" style=\"padding-right:var(--wp--preset--spacing--40);padding-left:var(--wp--preset--spacing--40)\">Les changements et d\u00e9gradations environnementales, ainsi que les \u00e9v\u00e9nements climatiques extr\u00eames, qu&rsquo;ils r\u00e9sultent de changements globaux ou d&rsquo;actions anthropiques locales, ont des impacts directs et indirects sur les moyens de subsistance, la sant\u00e9 et le bien-\u00eatre des populations humaines.<\/p>\n<\/div><\/div>\n\n\n\n<div style=\"height:80px\" aria-hidden=\"true\" class=\"wp-block-spacer\"><\/div>\n\n\n\n<div class=\"wp-block-columns is-layout-flex wp-container-core-columns-is-layout-9d6595d7 wp-block-columns-is-layout-flex\">\n<div class=\"wp-block-column is-layout-flow wp-block-column-is-layout-flow\">\n<p>Ces impacts et la capacit\u00e9 \u00e0 les anticiper, \u00e0 y faire face et \u00e0 s&rsquo;en remettre, d\u00e9pendent des sp\u00e9cificit\u00e9s territoriales locales. En particulier, des probl\u00e8mes sp\u00e9cifiques d\u00e9coulent des zones transfrontali\u00e8res situ\u00e9es aux fronti\u00e8res internationales, qui exposent davantage les populations locales aux \u00e9v\u00e9nements d\u00e9favorables et les rendent plus vuln\u00e9rables. Cela s&rsquo;explique notamment par : la forte mobilit\u00e9 des personnes, des animaux et des agents pathog\u00e8nes ; le fonctionnement non nominal des syst\u00e8mes de sant\u00e9 ; l&rsquo;absence de coop\u00e9ration transfrontali\u00e8re et de partage de donn\u00e9es, d&rsquo;informations et de connaissances comparables, qui emp\u00eache les pays voisins d&rsquo;avoir une repr\u00e9sentation commune et partag\u00e9e de la situation, et donc de concevoir des solutions concert\u00e9es et de mener des actions conjointes.<\/p>\n<\/div>\n\n\n\n<div class=\"wp-block-column is-layout-flow wp-block-column-is-layout-flow\">\n<p class=\"has-text-align-left\">Dans ce contexte, il est n\u00e9cessaire de mettre en place des solutions d&rsquo;adaptation et d&rsquo;att\u00e9nuation acceptables, r\u00e9alisables et durables, impuls\u00e9es par les populations locales, qui peuvent\/devraient inspirer les \u00c9tats et les institutions internationales \u00e0 plus grande \u00e9chelle. Cela repr\u00e9sente un d\u00e9fi particulier en raison : d&rsquo;une compr\u00e9hension partielle et\/ou erron\u00e9e des impacts n\u00e9gatifs et positifs r\u00e9ciproques entre l&rsquo;environnement, les changements environnementaux et la sant\u00e9, le bien-\u00eatre et les pratiques humaines ; du fait que les communaut\u00e9s locales b\u00e9n\u00e9ficient rarement des bases de donn\u00e9es et des syst\u00e8mes de surveillance existants ; du manque d&rsquo;expertise locale et d&rsquo;outils ouverts, interactifs et interconnect\u00e9s pour soutenir la prise de d\u00e9cision en mati\u00e8re de sant\u00e9, de conservation de la biodiversit\u00e9, de moyens de subsistance et de bien-\u00eatre ; de la nature multiculturelle et multilingue des zones transfrontali\u00e8res.<\/p>\n<\/div>\n<\/div>\n\n\n\n<div style=\"height:80px\" aria-hidden=\"true\" class=\"wp-block-spacer\"><\/div>\n\n\n\n<div class=\"wp-block-cover alignfull is-light\" style=\"min-height:200px;aspect-ratio:unset;\"><span aria-hidden=\"true\" class=\"wp-block-cover__background has-nv-light-bg-background-color has-background-dim-100 has-background-dim\"><\/span><div class=\"wp-block-cover__inner-container is-layout-flow wp-block-cover-is-layout-flow\">\n<div style=\"height:80px\" aria-hidden=\"true\" class=\"wp-block-spacer\"><\/div>\n\n\n\n<div class=\"wp-block-columns are-vertically-aligned-top is-layout-flex wp-container-core-columns-is-layout-9d6595d7 wp-block-columns-is-layout-flex\">\n<div class=\"wp-block-column is-vertically-aligned-top is-layout-flow wp-block-column-is-layout-flow\">\n<figure class=\"wp-block-image size-large is-resized\"><img loading=\"lazy\" decoding=\"async\" width=\"1024\" height=\"576\" src=\"https:\/\/www.mosaic-planetaryhealth.eu\/wp-content\/uploads\/2024\/05\/Capture-du-2023-09-29-09-24-59-1-1024x576.png\" alt=\"\" class=\"wp-image-239\" style=\"width:563px;height:auto\" srcset=\"https:\/\/www.mosaic-planetaryhealth.eu\/wp-content\/uploads\/2024\/05\/Capture-du-2023-09-29-09-24-59-1-1024x576.png 1024w, https:\/\/www.mosaic-planetaryhealth.eu\/wp-content\/uploads\/2024\/05\/Capture-du-2023-09-29-09-24-59-1-300x169.png 300w, https:\/\/www.mosaic-planetaryhealth.eu\/wp-content\/uploads\/2024\/05\/Capture-du-2023-09-29-09-24-59-1-768x432.png 768w, https:\/\/www.mosaic-planetaryhealth.eu\/wp-content\/uploads\/2024\/05\/Capture-du-2023-09-29-09-24-59-1.png 1263w\" sizes=\"auto, (max-width: 1024px) 100vw, 1024px\" \/><\/figure>\n\n\n\n<p>David Western, African Conservation Centre<\/p>\n\n\n\n<p><em>Les \u00e9leveurs Maasa\u00ef sont traditionnellement nomades, se d\u00e9pla\u00e7ant en fonction de la disponibilit\u00e9 en eau et en p\u00e2turages pour leur b\u00e9tail. Les s\u00e9cheresses intenses de ces derni\u00e8res ann\u00e9es ont contraint les \u00e9leveurs \u00e0 se d\u00e9placer plus souvent, pendant des p\u00e9riodes plus longues et sur des distances plus importantes, ce qui a des r\u00e9percussions sur leur sant\u00e9 et leur bien-\u00eatre.<\/em><\/p>\n<\/div>\n\n\n\n<div class=\"wp-block-column is-vertically-aligned-top is-layout-flow wp-block-column-is-layout-flow\">\n<h2 class=\"wp-block-heading has-text-align-left has-neve-text-color-color has-text-color\">En Afrique de l&rsquo;Est,<\/h2>\n\n\n\n<p class=\"has-text-align-left has-neve-text-color-color has-text-color\">Les \u00e9leveurs Maasa\u00ef vivant dans le sud du Kenya et le nord de la Tanzanie sont confront\u00e9s \u00e0 des p\u00e9riodes de s\u00e9cheresse de plus en plus fr\u00e9quentes. Ce ph\u00e9nom\u00e8ne est exacerb\u00e9 par le surp\u00e2turage qui r\u00e9duit consid\u00e9rablement la disponibilit\u00e9 en eau et en p\u00e2turages n\u00e9cessaires \u00e0 la survie du b\u00e9tail et de la faune sauvage. Il en r\u00e9sulte une mortalit\u00e9 animale \u00e9lev\u00e9e, des d\u00e9placements de troupeaux et de populations, des conflits entre les humains et la faune sauvage, ainsi que des probl\u00e8mes de sant\u00e9 parmi la population humaine (malnutrition, probl\u00e8mes de sant\u00e9 mentale, difficult\u00e9s d&rsquo;acc\u00e8s \u00e0 la pr\u00e9vention et aux soins, conditions de vie pr\u00e9caires, risque accru de tuberculose pour les \u00e9leveurs qui passent du temps loin de chez eux, VIH\/SIDA pour les conjoints s\u00e9par\u00e9s, d\u00e9pression, etc.).<\/p>\n<\/div>\n<\/div>\n\n\n\n<div style=\"height:50px\" aria-hidden=\"true\" class=\"wp-block-spacer\"><\/div>\n<\/div><\/div>\n\n\n\n<div style=\"height:100px\" aria-hidden=\"true\" class=\"wp-block-spacer\"><\/div>\n\n\n\n<div class=\"wp-block-cover alignfull is-light\" style=\"min-height:200px;aspect-ratio:unset;\"><span aria-hidden=\"true\" class=\"wp-block-cover__background has-nv-site-bg-background-color has-background-dim-100 has-background-dim\"><\/span><div class=\"wp-block-cover__inner-container is-layout-flow wp-block-cover-is-layout-flow\">\n<div class=\"wp-block-columns are-vertically-aligned-top is-layout-flex wp-container-core-columns-is-layout-9d6595d7 wp-block-columns-is-layout-flex\">\n<div class=\"wp-block-column is-vertically-aligned-top is-layout-flow wp-block-column-is-layout-flow\">\n<h2 class=\"wp-block-heading has-text-align-left has-neve-text-color-color has-text-color\"><strong>En Amazonie,<\/strong><\/h2>\n\n\n\n<p class=\"has-text-align-left has-neve-text-color-color has-text-color\">Les changements dans la couverture et l&rsquo;utilisation des sols dus aux activit\u00e9s anthropiques, en particulier la d\u00e9forestation pour l&rsquo;exploitation foresti\u00e8re, l&rsquo;expansion urbaine, la cr\u00e9ation de p\u00e2turages ou de cultures intensives, l&rsquo;exploitation aurif\u00e8re, la construction de barrages, etc. ont des effets bien document\u00e9s sur la sant\u00e9 et le bien-\u00eatre des populations. En effet, en modifiant les habitats, les r\u00e9servoirs (notamment les mammif\u00e8res tels que les chauves-souris et les singes) et les vecteurs (notamment les moustiques, les phl\u00e9botomes et les triatomes) des agents pathog\u00e8nes (tels que Leishmania, Plasmodium, les virus, les bact\u00e9ries et les champignons) peuvent prolif\u00e9rer, exposant davantage la population humaine \u00e0 plusieurs maladies infectieuses.<\/p>\n<\/div>\n\n\n\n<div class=\"wp-block-column is-vertically-aligned-top is-layout-flow wp-block-column-is-layout-flow\">\n<figure class=\"wp-block-image size-large is-resized\"><img loading=\"lazy\" decoding=\"async\" width=\"1024\" height=\"768\" src=\"https:\/\/www.mosaic-planetaryhealth.eu\/wp-content\/uploads\/2024\/05\/DSCN1204-1024x768.jpg\" alt=\"\" class=\"wp-image-238\" style=\"width:516px;height:auto\" srcset=\"https:\/\/www.mosaic-planetaryhealth.eu\/wp-content\/uploads\/2024\/05\/DSCN1204-1024x768.jpg 1024w, https:\/\/www.mosaic-planetaryhealth.eu\/wp-content\/uploads\/2024\/05\/DSCN1204-300x225.jpg 300w, https:\/\/www.mosaic-planetaryhealth.eu\/wp-content\/uploads\/2024\/05\/DSCN1204-768x576.jpg 768w, https:\/\/www.mosaic-planetaryhealth.eu\/wp-content\/uploads\/2024\/05\/DSCN1204-1536x1152.jpg 1536w, https:\/\/www.mosaic-planetaryhealth.eu\/wp-content\/uploads\/2024\/05\/DSCN1204-2048x1536.jpg 2048w\" sizes=\"auto, (max-width: 1024px) 100vw, 1024px\" \/><\/figure>\n\n\n\n<p>Antoine Boyrie et Anne-Elisabeth Laque, IRD, 2012<\/p>\n\n\n\n<p id=\"block-60d8b417-0be0-4e8a-a2fd-a88eb0b8936a\"><em>La d\u00e9forestation est l&rsquo;un des changements les plus courants dans l&rsquo;utilisation des terres en Amazonie, que ce soit pour le p\u00e2turage ou la culture, ou pour la construction d&rsquo;infrastructures telles que des routes, des logements, etc. La d\u00e9forestation peut favoriser la pr\u00e9sence et la prolif\u00e9ration de r\u00e9servoirs et\/ou de vecteurs d&rsquo;agents pathog\u00e8nes, ainsi que l&rsquo;exposition des populations humaines \u00e0 ceux-ci. Elle peut ainsi contribuer \u00e0 augmenter le risque d&rsquo;\u00e9mergence ou de recrudescence de certaines maladies infectieuses (entre autres, le paludisme, la rage).<\/em><\/p>\n<\/div>\n<\/div>\n<\/div><\/div>\n\n\n\n<div class=\"wp-block-cover alignfull is-light\" style=\"min-height:494px;aspect-ratio:unset;\"><span aria-hidden=\"true\" class=\"wp-block-cover__background has-nv-dark-bg-background-color has-background-dim-100 has-background-dim\"><\/span><div class=\"wp-block-cover__inner-container is-layout-flow wp-block-cover-is-layout-flow\">\n<div class=\"wp-block-cover alignfull is-light\" style=\"min-height:466px;aspect-ratio:unset;\"><span aria-hidden=\"true\" class=\"wp-block-cover__background has-nv-dark-bg-background-color has-background-dim-100 has-background-dim\"><\/span><div class=\"wp-block-cover__inner-container is-layout-flow wp-block-cover-is-layout-flow\">\n<div style=\"height:40px\" aria-hidden=\"true\" class=\"wp-block-spacer\"><\/div>\n\n\n\n<p class=\"has-text-align-center has-nv-text-dark-bg-color has-text-color has-medium-font-size\">Dans les deux r\u00e9gions mentionn\u00e9es pr\u00e9c\u00e9demment, il existe des donn\u00e9es et des connaissances dans de nombreux domaines (climat, utilisation des terres, faune sauvage, sant\u00e9 humaine et animale, etc.) et des cadres m\u00e9thodologiques (One Health, Planetary Health, Sustainability Science) qui favorisent d\u00e9sormais des approches holistiques et des voies de changement (par exemple, la th\u00e9orie du changement One Health). Cependant, il existe encore un manque d&rsquo;observations li\u00e9es \u00e0 des contextes tr\u00e8s sp\u00e9cifiques ; les connaissances des communaut\u00e9s locales ne sont pas n\u00e9cessairement prises en compte ; la d\u00e9couverte, l&rsquo;acc\u00e8s et la r\u00e9utilisation des donn\u00e9es d&rsquo;un domaine \u00e0 l&rsquo;autre restent difficiles, n\u00e9cessitant de multiples domaines d&rsquo;expertise et l&rsquo;acc\u00e8s \u00e0 un grand nombre d&rsquo;entrep\u00f4ts de donn\u00e9es diff\u00e9rents et non interop\u00e9rables ; et les approches holistiques ne sont pas suffisamment \u00e9quip\u00e9es pour mettre en \u0153uvre r\u00e9ellement la transdisciplinarit\u00e9.<\/p>\n\n\n\n<div style=\"height:40px\" aria-hidden=\"true\" class=\"wp-block-spacer\"><\/div>\n<\/div><\/div>\n<\/div><\/div>\n\n\n\n<div style=\"height:100px\" aria-hidden=\"true\" class=\"wp-block-spacer\"><\/div>\n\n\n\n<h2 class=\"wp-block-heading has-text-align-center\"><strong>Regardez notre vid\u00e9o sur la Sant\u00e9 Plan\u00e9taire \/ Une seule sant\u00e9<\/strong><\/h2>\n\n\n\n<div class=\"wp-block-group\"><div class=\"wp-block-group__inner-container is-layout-constrained wp-block-group-is-layout-constrained\">\n<figure class=\"wp-block-gallery has-nested-images columns-default is-cropped wp-block-gallery-3 is-layout-flex wp-block-gallery-is-layout-flex\">\n<figure class=\"wp-block-image size-large has-custom-border is-style-default wp-duotone-unset-2\"><a href=\"https:\/\/peertube.otakufarms.com\/w\/jcsySbUmA9TYEvRwdChH9b\" target=\"_blank\" rel=\" noreferrer noopener\"><img loading=\"lazy\" decoding=\"async\" width=\"1024\" height=\"525\" data-id=\"1466\" src=\"https:\/\/www.mosaic-planetaryhealth.eu\/wp-content\/uploads\/2025\/08\/Video-3-1024x525.png\" alt=\"\" class=\"wp-image-1466\" style=\"border-width:10px;border-radius:0px\" srcset=\"https:\/\/www.mosaic-planetaryhealth.eu\/wp-content\/uploads\/2025\/08\/Video-3-1024x525.png 1024w, https:\/\/www.mosaic-planetaryhealth.eu\/wp-content\/uploads\/2025\/08\/Video-3-300x154.png 300w, https:\/\/www.mosaic-planetaryhealth.eu\/wp-content\/uploads\/2025\/08\/Video-3-768x394.png 768w, https:\/\/www.mosaic-planetaryhealth.eu\/wp-content\/uploads\/2025\/08\/Video-3.png 1280w\" sizes=\"auto, (max-width: 1024px) 100vw, 1024px\" \/><\/a><\/figure>\n<\/figure>\n<\/div><\/div>\n\n\n\n<p class=\"has-text-align-center\">Pr\u00e9sentation sur la Sant\u00e9 Plan\u00e9taire\/Une seule sant\u00e9 par Serge Morand lors de la r\u00e9union de lancement du projet MOSAIC (f\u00e9vrier 2024)<\/p>\n\n\n\n<div style=\"height:100px\" aria-hidden=\"true\" class=\"wp-block-spacer\"><\/div>\n","protected":false},"excerpt":{"rendered":"<p>Ces impacts et la capacit\u00e9 \u00e0 les anticiper, \u00e0 y faire face et \u00e0 s&rsquo;en remettre, d\u00e9pendent des sp\u00e9cificit\u00e9s territoriales locales. En particulier, des probl\u00e8mes sp\u00e9cifiques d\u00e9coulent des zones transfrontali\u00e8res situ\u00e9es aux fronti\u00e8res internationales, qui exposent davantage les populations locales aux \u00e9v\u00e9nements d\u00e9favorables et les rendent plus vuln\u00e9rables. Cela s&rsquo;explique notamment par : la forte&hellip;&nbsp;<a href=\"https:\/\/www.mosaic-planetaryhealth.eu\/index.php\/fr\/contexte-2\/\" rel=\"bookmark\">Lire la suite &raquo;<span class=\"screen-reader-text\">Contexte<\/span><\/a><\/p>\n","protected":false},"author":3,"featured_media":0,"parent":0,"menu_order":0,"comment_status":"closed","ping_status":"closed","template":"","meta":{"neve_meta_sidebar":"full-width","neve_meta_container":"contained","neve_meta_enable_content_width":"on","neve_meta_content_width":100,"neve_meta_title_alignment":"","neve_meta_author_avatar":"","neve_post_elements_order":"","neve_meta_disable_header":"","neve_meta_disable_footer":"","neve_meta_disable_title":"on","footnotes":""},"class_list":["post-1881","page","type-page","status-publish","hentry"],"_links":{"self":[{"href":"https:\/\/www.mosaic-planetaryhealth.eu\/index.php\/wp-json\/wp\/v2\/pages\/1881","targetHints":{"allow":["GET"]}}],"collection":[{"href":"https:\/\/www.mosaic-planetaryhealth.eu\/index.php\/wp-json\/wp\/v2\/pages"}],"about":[{"href":"https:\/\/www.mosaic-planetaryhealth.eu\/index.php\/wp-json\/wp\/v2\/types\/page"}],"author":[{"embeddable":true,"href":"https:\/\/www.mosaic-planetaryhealth.eu\/index.php\/wp-json\/wp\/v2\/users\/3"}],"replies":[{"embeddable":true,"href":"https:\/\/www.mosaic-planetaryhealth.eu\/index.php\/wp-json\/wp\/v2\/comments?post=1881"}],"version-history":[{"count":4,"href":"https:\/\/www.mosaic-planetaryhealth.eu\/index.php\/wp-json\/wp\/v2\/pages\/1881\/revisions"}],"predecessor-version":[{"id":1930,"href":"https:\/\/www.mosaic-planetaryhealth.eu\/index.php\/wp-json\/wp\/v2\/pages\/1881\/revisions\/1930"}],"wp:attachment":[{"href":"https:\/\/www.mosaic-planetaryhealth.eu\/index.php\/wp-json\/wp\/v2\/media?parent=1881"}],"curies":[{"name":"wp","href":"https:\/\/api.w.org\/{rel}","templated":true}]}}