{"id":1787,"date":"2025-11-07T11:35:37","date_gmt":"2025-11-07T10:35:37","guid":{"rendered":"https:\/\/www.mosaic-planetaryhealth.eu\/?page_id=1787"},"modified":"2025-11-07T12:05:12","modified_gmt":"2025-11-07T11:05:12","slug":"objetivo-2","status":"publish","type":"page","link":"https:\/\/www.mosaic-planetaryhealth.eu\/index.php\/es\/objetivo-2\/","title":{"rendered":"Objetivo"},"content":{"rendered":"\n<div class=\"wp-block-cover alignfull is-light\" style=\"min-height:360px;aspect-ratio:unset;\"><span aria-hidden=\"true\" class=\"wp-block-cover__background has-nv-dark-bg-background-color has-background-dim-100 has-background-dim\"><\/span><div class=\"wp-block-cover__inner-container is-layout-flow wp-block-cover-is-layout-flow\">\n<div class=\"wp-block-cover alignfull wp-duotone-unset-1\" style=\"min-height:360px;aspect-ratio:unset;\"><img loading=\"lazy\" decoding=\"async\" width=\"900\" height=\"675\" class=\"wp-block-cover__image-background wp-image-1697 size-full\" alt=\"\" src=\"https:\/\/www.mosaic-planetaryhealth.eu\/wp-content\/uploads\/2025\/11\/Bresil-4.jpg\" data-object-fit=\"cover\" srcset=\"https:\/\/www.mosaic-planetaryhealth.eu\/wp-content\/uploads\/2025\/11\/Bresil-4.jpg 900w, https:\/\/www.mosaic-planetaryhealth.eu\/wp-content\/uploads\/2025\/11\/Bresil-4-300x225.jpg 300w, https:\/\/www.mosaic-planetaryhealth.eu\/wp-content\/uploads\/2025\/11\/Bresil-4-768x576.jpg 768w\" sizes=\"auto, (max-width: 900px) 100vw, 900px\" \/><span aria-hidden=\"true\" class=\"wp-block-cover__background has-nv-text-dark-bg-background-color has-background-dim-20 has-background-dim\"><\/span><div class=\"wp-block-cover__inner-container is-layout-flow wp-block-cover-is-layout-flow\">\n<div style=\"height:100px\" aria-hidden=\"true\" class=\"wp-block-spacer\"><\/div>\n\n\n\n<h1 class=\"wp-block-heading has-text-align-center has-nv-text-dark-bg-color has-text-color\">Objetivo<\/h1>\n\n\n\n<div style=\"height:100px\" aria-hidden=\"true\" class=\"wp-block-spacer\"><\/div>\n<\/div><\/div>\n<\/div><\/div>\n\n\n\n<div style=\"height:38px\" aria-hidden=\"true\" class=\"wp-block-spacer\"><\/div>\n\n\n\n<h3 class=\"wp-block-heading has-text-align-center\" style=\"padding-right:var(--wp--preset--spacing--80);padding-left:var(--wp--preset--spacing--80)\">El objetivo principal del proyecto MOSAIC es dise\u00f1ar e implementar ecosistemas de informaci\u00f3n abiertos, multimodales y replicables en colaboraci\u00f3n con las partes interesadas locales, lo que permite la participaci\u00f3n de estas \u00faltimas, junto con los cient\u00edficos, en la coproducci\u00f3n y formalizaci\u00f3n de datos y conocimientos, la elaboraci\u00f3n y evaluaci\u00f3n de indicadores, y la definici\u00f3n y aplicaci\u00f3n de estrategias de difusi\u00f3n.<\/h3>\n\n\n\n<div style=\"height:30px\" aria-hidden=\"true\" class=\"wp-block-spacer\"><\/div>\n\n\n\n<div class=\"wp-block-columns alignfull has-nv-light-bg-background-color has-background is-layout-flex wp-container-core-columns-is-layout-9d6595d7 wp-block-columns-is-layout-flex\">\n<div class=\"wp-block-column is-layout-flow wp-block-column-is-layout-flow\">\n<p style=\"padding-top:var(--wp--preset--spacing--80);padding-right:var(--wp--preset--spacing--80);padding-bottom:var(--wp--preset--spacing--80);padding-left:var(--wp--preset--spacing--80)\">MOSAIC se basa principalmente en la Ciencia abierta, definida como \u00ab un constructo inclusivo que combina diversos movimientos y pr\u00e1cticas con el fin de que los conocimientos cient\u00edficos multiling\u00fces est\u00e9n abiertamente disponibles y sean accesibles para todos, as\u00ed como reutilizables por todos, se incrementen las colaboraciones cient\u00edficas y el intercambio de informaci\u00f3n en beneficio de la ciencia y la sociedad, y se abran los procesos de creaci\u00f3n, evaluaci\u00f3n y comunicaci\u00f3n de los conocimientos cient\u00edficos a los agentes sociales m\u00e1s all\u00e1 de la comunidad cient\u00edfica tradicional. La ciencia abierta comprende todas las disciplinas cient\u00edficas y todos los aspectos de las pr\u00e1cticas acad\u00e9micas, incluidas las ciencias b\u00e1sicas y aplicadas, las ciencias naturales y sociales y las humanidades, y se basa en los siguientes pilares clave: conocimiento cient\u00edfico abierto, infraestructuras de la Ciencia abierta, comunicaci\u00f3n cient\u00edfica, participaci\u00f3n abierta de los agentes sociales y di\u00e1logo abierto con otros sistemas de conocimiento.\u00bb (<a href=\"https:\/\/unesdoc.unesco.org\/ark:\/48223\/pf0000379949_spa\">UNESCO, 2021<\/a>).<\/p>\n<\/div>\n\n\n\n<div class=\"wp-block-column is-layout-flow wp-block-column-is-layout-flow\"><div class=\"wp-block-image\">\n<figure class=\"aligncenter size-full is-resized\"><a href=\"https:\/\/www.mosaic-planetaryhealth.eu\/wp-content\/uploads\/2024\/06\/UNESCO-Open_science-pillars-en-1.png\"><img loading=\"lazy\" decoding=\"async\" width=\"674\" height=\"794\" src=\"https:\/\/www.mosaic-planetaryhealth.eu\/wp-content\/uploads\/2024\/06\/UNESCO-Open_science-pillars-en-1.png\" alt=\"\" class=\"wp-image-504\" style=\"width:435px;height:auto\" srcset=\"https:\/\/www.mosaic-planetaryhealth.eu\/wp-content\/uploads\/2024\/06\/UNESCO-Open_science-pillars-en-1.png 674w, https:\/\/www.mosaic-planetaryhealth.eu\/wp-content\/uploads\/2024\/06\/UNESCO-Open_science-pillars-en-1-255x300.png 255w\" sizes=\"auto, (max-width: 674px) 100vw, 674px\" \/><\/a><figcaption class=\"wp-element-caption\">Pilares de la Ciencia abierta, UNESCO (2021)<\/figcaption><\/figure>\n<\/div><\/div>\n<\/div>\n\n\n\n<h2 class=\"wp-block-heading alignfull has-text-align-center has-nv-site-bg-color has-neve-link-color-background-color has-text-color has-background has-link-color wp-elements-01650828909c0b0f1a2322ddddf0337a\"><strong>Vea nuestros videos sobre Ciencia participativa y Ciencia abierta<\/strong><\/h2>\n\n\n\n<div style=\"height:100px\" aria-hidden=\"true\" class=\"wp-block-spacer\"><\/div>\n\n\n\n<div class=\"wp-block-columns is-layout-flex wp-container-core-columns-is-layout-9d6595d7 wp-block-columns-is-layout-flex\">\n<div class=\"wp-block-column is-layout-flow wp-block-column-is-layout-flow\">\n<figure class=\"wp-block-gallery has-nested-images columns-default is-cropped wp-block-gallery-2 is-layout-flex wp-block-gallery-is-layout-flex\">\n<figure class=\"wp-block-image size-large\"><a href=\"https:\/\/peertube.otakufarms.com\/w\/8jPYHWXeyG4AYi7CR6pmv2\"><img loading=\"lazy\" decoding=\"async\" width=\"1024\" height=\"596\" data-id=\"1457\" src=\"https:\/\/www.mosaic-planetaryhealth.eu\/wp-content\/uploads\/2025\/08\/Video-2-2-1024x596.png\" alt=\"\" class=\"wp-image-1457\" srcset=\"https:\/\/www.mosaic-planetaryhealth.eu\/wp-content\/uploads\/2025\/08\/Video-2-2-1024x596.png 1024w, https:\/\/www.mosaic-planetaryhealth.eu\/wp-content\/uploads\/2025\/08\/Video-2-2-300x175.png 300w, https:\/\/www.mosaic-planetaryhealth.eu\/wp-content\/uploads\/2025\/08\/Video-2-2-768x447.png 768w, https:\/\/www.mosaic-planetaryhealth.eu\/wp-content\/uploads\/2025\/08\/Video-2-2.png 1274w\" sizes=\"auto, (max-width: 1024px) 100vw, 1024px\" \/><\/a><\/figure>\n<\/figure>\n\n\n\n<p class=\"has-text-align-center\">Presentaci\u00f3n sobre ciencia participativa a cargo de Emilie Coudel en la reuni\u00f3n inaugural de MOSAIC (febrero de 2024)<\/p>\n<\/div>\n\n\n\n<div class=\"wp-block-column is-layout-flow wp-block-column-is-layout-flow\">\n<figure class=\"wp-block-image size-large\"><a href=\"https:\/\/peertube.otakufarms.com\/w\/cHKmkEeMM6mf2y3aieEDkk\"><img loading=\"lazy\" decoding=\"async\" width=\"1024\" height=\"593\" src=\"https:\/\/www.mosaic-planetaryhealth.eu\/wp-content\/uploads\/2025\/08\/Video-1-1024x593.png\" alt=\"\" class=\"wp-image-1432\" srcset=\"https:\/\/www.mosaic-planetaryhealth.eu\/wp-content\/uploads\/2025\/08\/Video-1-1024x593.png 1024w, https:\/\/www.mosaic-planetaryhealth.eu\/wp-content\/uploads\/2025\/08\/Video-1-300x174.png 300w, https:\/\/www.mosaic-planetaryhealth.eu\/wp-content\/uploads\/2025\/08\/Video-1-768x444.png 768w, https:\/\/www.mosaic-planetaryhealth.eu\/wp-content\/uploads\/2025\/08\/Video-1.png 1189w\" sizes=\"auto, (max-width: 1024px) 100vw, 1024px\" \/><\/a><\/figure>\n\n\n\n<p class=\"has-text-align-center\">Presentaci\u00f3n sobre ciencia abierta a cargo de Fran\u00e7ois Sabot en la reuni\u00f3n inaugural de MOSAIC (febrero de 2024).<\/p>\n<\/div>\n<\/div>\n\n\n\n<div style=\"height:100px\" aria-hidden=\"true\" class=\"wp-block-spacer\"><\/div>\n\n\n\n<p><\/p>\n","protected":false},"excerpt":{"rendered":"<p>El objetivo principal del proyecto MOSAIC es dise\u00f1ar e implementar ecosistemas de informaci\u00f3n abiertos, multimodales y replicables en colaboraci\u00f3n con las partes interesadas locales, lo que permite la participaci\u00f3n de estas \u00faltimas, junto con los cient\u00edficos, en la coproducci\u00f3n y formalizaci\u00f3n de datos y conocimientos, la elaboraci\u00f3n y evaluaci\u00f3n de indicadores, y la definici\u00f3n y&hellip;&nbsp;<a href=\"https:\/\/www.mosaic-planetaryhealth.eu\/index.php\/es\/objetivo-2\/\" rel=\"bookmark\">Lire la suite &raquo;<span class=\"screen-reader-text\">Objetivo<\/span><\/a><\/p>\n","protected":false},"author":3,"featured_media":0,"parent":0,"menu_order":0,"comment_status":"closed","ping_status":"closed","template":"","meta":{"neve_meta_sidebar":"full-width","neve_meta_container":"contained","neve_meta_enable_content_width":"on","neve_meta_content_width":100,"neve_meta_title_alignment":"","neve_meta_author_avatar":"","neve_post_elements_order":"","neve_meta_disable_header":"","neve_meta_disable_footer":"","neve_meta_disable_title":"on","footnotes":""},"class_list":["post-1787","page","type-page","status-publish","hentry"],"_links":{"self":[{"href":"https:\/\/www.mosaic-planetaryhealth.eu\/index.php\/wp-json\/wp\/v2\/pages\/1787","targetHints":{"allow":["GET"]}}],"collection":[{"href":"https:\/\/www.mosaic-planetaryhealth.eu\/index.php\/wp-json\/wp\/v2\/pages"}],"about":[{"href":"https:\/\/www.mosaic-planetaryhealth.eu\/index.php\/wp-json\/wp\/v2\/types\/page"}],"author":[{"embeddable":true,"href":"https:\/\/www.mosaic-planetaryhealth.eu\/index.php\/wp-json\/wp\/v2\/users\/3"}],"replies":[{"embeddable":true,"href":"https:\/\/www.mosaic-planetaryhealth.eu\/index.php\/wp-json\/wp\/v2\/comments?post=1787"}],"version-history":[{"count":3,"href":"https:\/\/www.mosaic-planetaryhealth.eu\/index.php\/wp-json\/wp\/v2\/pages\/1787\/revisions"}],"predecessor-version":[{"id":1833,"href":"https:\/\/www.mosaic-planetaryhealth.eu\/index.php\/wp-json\/wp\/v2\/pages\/1787\/revisions\/1833"}],"wp:attachment":[{"href":"https:\/\/www.mosaic-planetaryhealth.eu\/index.php\/wp-json\/wp\/v2\/media?parent=1787"}],"curies":[{"name":"wp","href":"https:\/\/api.w.org\/{rel}","templated":true}]}}