{"id":1777,"date":"2025-11-07T10:49:02","date_gmt":"2025-11-07T09:49:02","guid":{"rendered":"https:\/\/www.mosaic-planetaryhealth.eu\/?page_id=1777"},"modified":"2025-11-07T12:01:10","modified_gmt":"2025-11-07T11:01:10","slug":"contexto-3","status":"publish","type":"page","link":"https:\/\/www.mosaic-planetaryhealth.eu\/index.php\/es\/contexto-3\/","title":{"rendered":"Contexto"},"content":{"rendered":"\n<div class=\"wp-block-cover alignfull is-light\" style=\"min-height:400px;aspect-ratio:unset;\"><span aria-hidden=\"true\" class=\"wp-block-cover__background has-nv-dark-bg-background-color has-background-dim-100 has-background-dim\"><\/span><div class=\"wp-block-cover__inner-container is-layout-flow wp-block-cover-is-layout-flow\">\n<div class=\"wp-block-cover alignfull wp-duotone-unset-1\" style=\"min-height:360px;aspect-ratio:unset;\"><img loading=\"lazy\" decoding=\"async\" width=\"1276\" height=\"545\" class=\"wp-block-cover__image-background wp-image-63\" alt=\"\" src=\"https:\/\/www.mosaic-planetaryhealth.eu\/wp-content\/uploads\/2024\/05\/Capture-page-accueil-site-3.png\" data-object-fit=\"cover\" srcset=\"https:\/\/www.mosaic-planetaryhealth.eu\/wp-content\/uploads\/2024\/05\/Capture-page-accueil-site-3.png 1276w, https:\/\/www.mosaic-planetaryhealth.eu\/wp-content\/uploads\/2024\/05\/Capture-page-accueil-site-3-300x128.png 300w, https:\/\/www.mosaic-planetaryhealth.eu\/wp-content\/uploads\/2024\/05\/Capture-page-accueil-site-3-1024x437.png 1024w, https:\/\/www.mosaic-planetaryhealth.eu\/wp-content\/uploads\/2024\/05\/Capture-page-accueil-site-3-768x328.png 768w\" sizes=\"auto, (max-width: 1276px) 100vw, 1276px\" \/><span aria-hidden=\"true\" class=\"wp-block-cover__background has-nv-text-dark-bg-background-color has-background-dim-20 has-background-dim\"><\/span><div class=\"wp-block-cover__inner-container is-layout-flow wp-block-cover-is-layout-flow\">\n<div style=\"height:100px\" aria-hidden=\"true\" class=\"wp-block-spacer\"><\/div>\n\n\n\n<h1 class=\"wp-block-heading has-text-align-center has-nv-text-dark-bg-color has-text-color\">Contexto<\/h1>\n\n\n\n<div style=\"height:100px\" aria-hidden=\"true\" class=\"wp-block-spacer\"><\/div>\n<\/div><\/div>\n\n\n\n<p><\/p>\n\n\n\n<p class=\"has-text-align-center has-nv-text-dark-bg-color has-text-color has-large-font-size\" style=\"padding-right:var(--wp--preset--spacing--40);padding-left:var(--wp--preset--spacing--40)\">Los cambios y la degradaci\u00f3n del medio ambiente, as\u00ed como los fen\u00f3menos clim\u00e1ticos extremos,ya sean consecuencia de cambios globales o de acciones antropog\u00e9nicas locales, tienen repercusiones directas e indirectas en los medios de subsistencia, la salud y el bienestar de la poblaci\u00f3n humana.<\/p>\n<\/div><\/div>\n\n\n\n<div style=\"height:80px\" aria-hidden=\"true\" class=\"wp-block-spacer\"><\/div>\n\n\n\n<div class=\"wp-block-columns is-layout-flex wp-container-core-columns-is-layout-9d6595d7 wp-block-columns-is-layout-flex\">\n<div class=\"wp-block-column is-layout-flow wp-block-column-is-layout-flow\">\n<p>Estos impactos y la capacidad para anticiparlos, hacerles frente y recuperarse de ellos dependen de las especificidades territoriales locales. En particular, las zonas transfronterizas en las fronteras internacionales plantean problemas espec\u00edficos que hacen que las poblaciones locales est\u00e9n m\u00e1s expuestas y sean m\u00e1s vulnerables a los fen\u00f3menos adversos. Esto se debe, en particular, a la elevada movilidad de personas, animales y agentes pat\u00f3genos; al funcionamiento no nominal de los sistemas sanitarios; a la falta de cooperaci\u00f3n transfronteriza y de intercambio de datos, informaci\u00f3n y conocimientos comparables, lo que impide a los pa\u00edses vecinos tener una visi\u00f3n com\u00fan y compartida de la situaci\u00f3n y, por lo tanto, dise\u00f1ar soluciones concertadas y llevar a cabo acciones conjuntas.<\/p>\n<\/div>\n\n\n\n<div class=\"wp-block-column is-layout-flow wp-block-column-is-layout-flow\">\n<p class=\"has-text-align-left\">En este contexto, es necesario crear soluciones de adaptaci\u00f3n y mitigaci\u00f3n aceptables, viables y sostenibles impulsadas por las poblaciones locales, que puedan o deban servir de inspiraci\u00f3n a los Estados y las instituciones internacionales a mayor escala. Esto supone un reto especial debido a: una comprensi\u00f3n parcial o err\u00f3nea de los impactos rec\u00edprocos negativos y positivos entre el medio ambiente, los cambios medioambientales y la salud, el bienestar y las pr\u00e1cticas humanas; el hecho de que las comunidades locales rara vez se benefician de las bases de datos y los sistemas de monitoreo existentes; la falta de conocimientos especializados locales y de herramientas abiertas, interactivas y conectadas que apoyen la toma de decisiones en materia de salud, conservaci\u00f3n de la biodiversidad, medios de vida y bienestar; y la naturaleza multicultural y multiling\u00fce de las zonas transfronterizas.<\/p>\n<\/div>\n<\/div>\n\n\n\n<div style=\"height:80px\" aria-hidden=\"true\" class=\"wp-block-spacer\"><\/div>\n\n\n\n<div class=\"wp-block-cover alignfull is-light\" style=\"min-height:200px;aspect-ratio:unset;\"><span aria-hidden=\"true\" class=\"wp-block-cover__background has-nv-light-bg-background-color has-background-dim-100 has-background-dim\"><\/span><div class=\"wp-block-cover__inner-container is-layout-flow wp-block-cover-is-layout-flow\">\n<div style=\"height:80px\" aria-hidden=\"true\" class=\"wp-block-spacer\"><\/div>\n\n\n\n<div class=\"wp-block-columns are-vertically-aligned-top is-layout-flex wp-container-core-columns-is-layout-9d6595d7 wp-block-columns-is-layout-flex\">\n<div class=\"wp-block-column is-vertically-aligned-top is-layout-flow wp-block-column-is-layout-flow\">\n<figure class=\"wp-block-image size-large is-resized\"><img loading=\"lazy\" decoding=\"async\" width=\"1024\" height=\"576\" src=\"https:\/\/www.mosaic-planetaryhealth.eu\/wp-content\/uploads\/2024\/05\/Capture-du-2023-09-29-09-24-59-1-1024x576.png\" alt=\"\" class=\"wp-image-239\" style=\"width:563px;height:auto\" srcset=\"https:\/\/www.mosaic-planetaryhealth.eu\/wp-content\/uploads\/2024\/05\/Capture-du-2023-09-29-09-24-59-1-1024x576.png 1024w, https:\/\/www.mosaic-planetaryhealth.eu\/wp-content\/uploads\/2024\/05\/Capture-du-2023-09-29-09-24-59-1-300x169.png 300w, https:\/\/www.mosaic-planetaryhealth.eu\/wp-content\/uploads\/2024\/05\/Capture-du-2023-09-29-09-24-59-1-768x432.png 768w, https:\/\/www.mosaic-planetaryhealth.eu\/wp-content\/uploads\/2024\/05\/Capture-du-2023-09-29-09-24-59-1.png 1263w\" sizes=\"auto, (max-width: 1024px) 100vw, 1024px\" \/><\/figure>\n\n\n\n<p>David Western, African Conservation Centre<\/p>\n\n\n\n<p><em>Los pastores mas\u00e1i son tradicionalmente n\u00f3madas y se desplazan en funci\u00f3n de la disponibilidad de agua y pastos para su ganado. Las intensas sequ\u00edas de los \u00faltimos a\u00f1os han obligado a los pastores a desplazarse con mayor frecuencia, durante per\u00edodos m\u00e1s largos y a distancias m\u00e1s lejanas, lo que repercute en su salud y bienestar.<\/em><\/p>\n<\/div>\n\n\n\n<div class=\"wp-block-column is-vertically-aligned-top is-layout-flow wp-block-column-is-layout-flow\">\n<h2 class=\"wp-block-heading has-text-align-left has-neve-text-color-color has-text-color\"><strong>En \u00c1frica Oriental,<\/strong><\/h2>\n\n\n\n<p class=\"has-text-align-left has-neve-text-color-color has-text-color\">Los pastores mas\u00e1i que viven en el sur de Kenia y el norte de Tanzania est\u00e1n sufriendo per\u00edodos de sequ\u00eda cada vez m\u00e1s prolongados. Este fen\u00f3meno se ve agravado por el pastoreo excesivo, que reduce dr\u00e1sticamente la disponibilidad de agua y pastos necesarios para la supervivencia del ganado y la fauna silvestre. Esto da lugar a una elevada mortalidad animal, desplazamientos de reba\u00f1os y poblaciones, conflictos entre los seres humanos y la fauna silvestre, y problemas de salud entre la poblaci\u00f3n humana (desnutrici\u00f3n, problemas de salud mental, dificultades para acceder a la prevenci\u00f3n y la atenci\u00f3n sanitaria, condiciones de vida precarias, mayor riesgo de tuberculosis para los pastores que pasan tiempo lejos de casa, VIH\/SIDA para los c\u00f3nyuges separados, depresi\u00f3n, etc.).<\/p>\n<\/div>\n<\/div>\n\n\n\n<div style=\"height:50px\" aria-hidden=\"true\" class=\"wp-block-spacer\"><\/div>\n<\/div><\/div>\n\n\n\n<div style=\"height:100px\" aria-hidden=\"true\" class=\"wp-block-spacer\"><\/div>\n\n\n\n<div class=\"wp-block-cover alignfull is-light\" style=\"min-height:200px;aspect-ratio:unset;\"><span aria-hidden=\"true\" class=\"wp-block-cover__background has-nv-site-bg-background-color has-background-dim-100 has-background-dim\"><\/span><div class=\"wp-block-cover__inner-container is-layout-flow wp-block-cover-is-layout-flow\">\n<div class=\"wp-block-columns are-vertically-aligned-top is-layout-flex wp-container-core-columns-is-layout-9d6595d7 wp-block-columns-is-layout-flex\">\n<div class=\"wp-block-column is-vertically-aligned-top is-layout-flow wp-block-column-is-layout-flow\">\n<h2 class=\"wp-block-heading has-text-align-left has-neve-text-color-color has-text-color\"><strong>En la Amazon\u00eda,<\/strong><\/h2>\n\n\n\n<p class=\"has-text-align-left has-neve-text-color-color has-text-color\">Los cambios en la cobertura y el uso del suelo debidos a actividades antropog\u00e9nicas, especialmente la deforestaci\u00f3n para la tala, la expansi\u00f3n urbana, el establecimiento de pastizales o cultivos intensivos, la miner\u00eda de oro, la construcci\u00f3n de presas, etc., tienen efectos bien documentados en la salud y el bienestar de la poblaci\u00f3n. De hecho, al modificar los h\u00e1bitats, los reservorios (incluidos mam\u00edferos como murci\u00e9lagos y monos) y los vectores (incluidos mosquitos, flebotomos y triatominos) de los pat\u00f3genos (como Leishmania, Plasmodium, virus, bacterias y hongos) pueden proliferar, lo que lleva a la poblaci\u00f3n humana a una mayor exposici\u00f3n a varias enfermedades infecciosas.<\/p>\n<\/div>\n\n\n\n<div class=\"wp-block-column is-vertically-aligned-top is-layout-flow wp-block-column-is-layout-flow\">\n<figure class=\"wp-block-image size-large is-resized\"><img loading=\"lazy\" decoding=\"async\" width=\"1024\" height=\"768\" src=\"https:\/\/www.mosaic-planetaryhealth.eu\/wp-content\/uploads\/2024\/05\/DSCN1204-1024x768.jpg\" alt=\"\" class=\"wp-image-238\" style=\"width:516px;height:auto\" srcset=\"https:\/\/www.mosaic-planetaryhealth.eu\/wp-content\/uploads\/2024\/05\/DSCN1204-1024x768.jpg 1024w, https:\/\/www.mosaic-planetaryhealth.eu\/wp-content\/uploads\/2024\/05\/DSCN1204-300x225.jpg 300w, https:\/\/www.mosaic-planetaryhealth.eu\/wp-content\/uploads\/2024\/05\/DSCN1204-768x576.jpg 768w, https:\/\/www.mosaic-planetaryhealth.eu\/wp-content\/uploads\/2024\/05\/DSCN1204-1536x1152.jpg 1536w, https:\/\/www.mosaic-planetaryhealth.eu\/wp-content\/uploads\/2024\/05\/DSCN1204-2048x1536.jpg 2048w\" sizes=\"auto, (max-width: 1024px) 100vw, 1024px\" \/><\/figure>\n\n\n\n<p>Antoine Boyrie y Anne-Elisabeth Laque, IRD, 2012<\/p>\n\n\n\n<p id=\"block-60d8b417-0be0-4e8a-a2fd-a88eb0b8936a\"><em>La deforestaci\u00f3n es uno de los cambios m\u00e1s comunes en el uso del suelo en la Amazon\u00eda, ya sea para el pastoreo o el cultivo, o para la construcci\u00f3n de infraestructuras como carreteras, viviendas, etc. La deforestaci\u00f3n puede favorecer la presencia y proliferaci\u00f3n de reservorios y\/o vectores de agentes pat\u00f3genos, as\u00ed como la exposici\u00f3n de las poblaciones humanas a los mismos. Por lo tanto, puede contribuir a aumentar el riesgo de aparici\u00f3n o recrudecimiento de ciertas enfermedades infecciosas (entre otras, la malaria y la rabia).<\/em><\/p>\n<\/div>\n<\/div>\n<\/div><\/div>\n\n\n\n<div class=\"wp-block-cover alignfull is-light\" style=\"min-height:400px;aspect-ratio:unset;\"><span aria-hidden=\"true\" class=\"wp-block-cover__background has-nv-dark-bg-background-color has-background-dim-100 has-background-dim\"><\/span><div class=\"wp-block-cover__inner-container is-layout-flow wp-block-cover-is-layout-flow\">\n<div style=\"height:40px\" aria-hidden=\"true\" class=\"wp-block-spacer\"><\/div>\n\n\n\n<p class=\"has-text-align-center has-nv-text-dark-bg-color has-text-color has-medium-font-size\">En ambas regiones mencionadas anteriormente, existen datos y conocimientos en muchos campos (sobre el clima, el uso de la tierra, la fauna silvestre, la salud humana y animal, etc.) y los marcos metodol\u00f3gicos (Una sola salud, Salud planetaria, Ciencia de la sostenibilidad) est\u00e1n promoviendo ahora enfoques hol\u00edsticos y v\u00edas de cambio (por ejemplo, la teor\u00eda del cambio de Una sola salud). Sin embargo, sigue habiendo una falta de observaciones relacionadas con contextos muy espec\u00edficos; no siempre se tienen en cuenta los conocimientos de las comunidades locales; el descubrimiento, el acceso y la reutilizaci\u00f3n de datos de un \u00e1mbito a otro siguen siendo un reto, ya que requieren m\u00faltiples \u00e1reas de especializaci\u00f3n y el acceso a un gran n\u00famero de almacenes de datos diferentes y no interoperables; y los enfoques hol\u00edsticos no est\u00e1n suficientemente equipados para aplicar realmente la transdisciplinariedad.<\/p>\n\n\n\n<div style=\"height:40px\" aria-hidden=\"true\" class=\"wp-block-spacer\"><\/div>\n<\/div><\/div>\n\n\n\n<div style=\"height:100px\" aria-hidden=\"true\" class=\"wp-block-spacer\"><\/div>\n\n\n\n<h2 class=\"wp-block-heading has-text-align-center\"><strong>Vea nuestro video sobre Salud Planetaria \/ Una Sola Salud<\/strong><\/h2>\n\n\n\n<div class=\"wp-block-group\"><div class=\"wp-block-group__inner-container is-layout-constrained wp-block-group-is-layout-constrained\">\n<figure class=\"wp-block-gallery has-nested-images columns-default is-cropped wp-block-gallery-3 is-layout-flex wp-block-gallery-is-layout-flex\">\n<figure class=\"wp-block-image size-large has-custom-border is-style-default wp-duotone-unset-2\"><a href=\"https:\/\/peertube.otakufarms.com\/w\/jcsySbUmA9TYEvRwdChH9b\" target=\"_blank\" rel=\" noreferrer noopener\"><img loading=\"lazy\" decoding=\"async\" width=\"1024\" height=\"525\" data-id=\"1466\" src=\"https:\/\/www.mosaic-planetaryhealth.eu\/wp-content\/uploads\/2025\/08\/Video-3-1024x525.png\" alt=\"\" class=\"wp-image-1466\" style=\"border-width:10px;border-radius:0px\" srcset=\"https:\/\/www.mosaic-planetaryhealth.eu\/wp-content\/uploads\/2025\/08\/Video-3-1024x525.png 1024w, https:\/\/www.mosaic-planetaryhealth.eu\/wp-content\/uploads\/2025\/08\/Video-3-300x154.png 300w, https:\/\/www.mosaic-planetaryhealth.eu\/wp-content\/uploads\/2025\/08\/Video-3-768x394.png 768w, https:\/\/www.mosaic-planetaryhealth.eu\/wp-content\/uploads\/2025\/08\/Video-3.png 1280w\" sizes=\"auto, (max-width: 1024px) 100vw, 1024px\" \/><\/a><\/figure>\n<\/figure>\n<\/div><\/div>\n\n\n\n<p class=\"has-text-align-center\">Presentaci\u00f3n sobre Salud Planetaria\/Una Sola Salud a cargo de Serge Morand en la reuni\u00f3n inaugural de MOSAIC (febrero de 2024).<\/p>\n\n\n\n<div style=\"height:100px\" aria-hidden=\"true\" class=\"wp-block-spacer\"><\/div>\n","protected":false},"excerpt":{"rendered":"<p>Estos impactos y la capacidad para anticiparlos, hacerles frente y recuperarse de ellos dependen de las especificidades territoriales locales. En particular, las zonas transfronterizas en las fronteras internacionales plantean problemas espec\u00edficos que hacen que las poblaciones locales est\u00e9n m\u00e1s expuestas y sean m\u00e1s vulnerables a los fen\u00f3menos adversos. Esto se debe, en particular, a la&hellip;&nbsp;<a href=\"https:\/\/www.mosaic-planetaryhealth.eu\/index.php\/es\/contexto-3\/\" rel=\"bookmark\">Lire la suite &raquo;<span class=\"screen-reader-text\">Contexto<\/span><\/a><\/p>\n","protected":false},"author":3,"featured_media":0,"parent":0,"menu_order":0,"comment_status":"closed","ping_status":"closed","template":"","meta":{"neve_meta_sidebar":"full-width","neve_meta_container":"contained","neve_meta_enable_content_width":"on","neve_meta_content_width":100,"neve_meta_title_alignment":"","neve_meta_author_avatar":"","neve_post_elements_order":"","neve_meta_disable_header":"","neve_meta_disable_footer":"","neve_meta_disable_title":"on","footnotes":""},"class_list":["post-1777","page","type-page","status-publish","hentry"],"_links":{"self":[{"href":"https:\/\/www.mosaic-planetaryhealth.eu\/index.php\/wp-json\/wp\/v2\/pages\/1777","targetHints":{"allow":["GET"]}}],"collection":[{"href":"https:\/\/www.mosaic-planetaryhealth.eu\/index.php\/wp-json\/wp\/v2\/pages"}],"about":[{"href":"https:\/\/www.mosaic-planetaryhealth.eu\/index.php\/wp-json\/wp\/v2\/types\/page"}],"author":[{"embeddable":true,"href":"https:\/\/www.mosaic-planetaryhealth.eu\/index.php\/wp-json\/wp\/v2\/users\/3"}],"replies":[{"embeddable":true,"href":"https:\/\/www.mosaic-planetaryhealth.eu\/index.php\/wp-json\/wp\/v2\/comments?post=1777"}],"version-history":[{"count":4,"href":"https:\/\/www.mosaic-planetaryhealth.eu\/index.php\/wp-json\/wp\/v2\/pages\/1777\/revisions"}],"predecessor-version":[{"id":1831,"href":"https:\/\/www.mosaic-planetaryhealth.eu\/index.php\/wp-json\/wp\/v2\/pages\/1777\/revisions\/1831"}],"wp:attachment":[{"href":"https:\/\/www.mosaic-planetaryhealth.eu\/index.php\/wp-json\/wp\/v2\/media?parent=1777"}],"curies":[{"name":"wp","href":"https:\/\/api.w.org\/{rel}","templated":true}]}}