{"id":1773,"date":"2025-11-07T10:47:58","date_gmt":"2025-11-07T09:47:58","guid":{"rendered":"https:\/\/www.mosaic-planetaryhealth.eu\/?page_id=1773"},"modified":"2026-02-18T09:38:17","modified_gmt":"2026-02-18T08:38:17","slug":"canal-peertube-2","status":"publish","type":"page","link":"https:\/\/www.mosaic-planetaryhealth.eu\/index.php\/es\/canal-peertube-2\/","title":{"rendered":"Canal Peertube"},"content":{"rendered":"\n<p class=\"wp-embed-aspect-16-9 wp-has-aspect-ratio\"><\/p>\n\n\n\n<div class=\"wp-block-cover alignfull wp-embed-aspect-16-9 wp-has-aspect-ratio\" style=\"min-height:360px;aspect-ratio:unset;\"><img decoding=\"async\" class=\"wp-block-cover__image-background\" alt=\"\" src=\"https:\/\/peertube.otakufarms.com\/w\/kMrKNuTujNuJYF5nt19fqz\" data-object-fit=\"cover\"\/><span aria-hidden=\"true\" class=\"wp-block-cover__background has-nv-dark-bg-background-color has-background-dim-100 has-background-dim\"><\/span><div class=\"wp-block-cover__inner-container is-layout-flow wp-block-cover-is-layout-flow\">\n<div class=\"wp-block-cover alignfull wp-duotone-unset-1\" style=\"min-height:360px;aspect-ratio:unset;\"><img loading=\"lazy\" decoding=\"async\" width=\"1276\" height=\"545\" class=\"wp-block-cover__image-background wp-image-63\" alt=\"\" src=\"https:\/\/www.mosaic-planetaryhealth.eu\/wp-content\/uploads\/2024\/05\/Capture-page-accueil-site-3.png\" data-object-fit=\"cover\" srcset=\"https:\/\/www.mosaic-planetaryhealth.eu\/wp-content\/uploads\/2024\/05\/Capture-page-accueil-site-3.png 1276w, https:\/\/www.mosaic-planetaryhealth.eu\/wp-content\/uploads\/2024\/05\/Capture-page-accueil-site-3-300x128.png 300w, https:\/\/www.mosaic-planetaryhealth.eu\/wp-content\/uploads\/2024\/05\/Capture-page-accueil-site-3-1024x437.png 1024w, https:\/\/www.mosaic-planetaryhealth.eu\/wp-content\/uploads\/2024\/05\/Capture-page-accueil-site-3-768x328.png 768w\" sizes=\"auto, (max-width: 1276px) 100vw, 1276px\" \/><span aria-hidden=\"true\" class=\"wp-block-cover__background has-nv-text-dark-bg-background-color has-background-dim-20 has-background-dim\"><\/span><div class=\"wp-block-cover__inner-container is-layout-flow wp-block-cover-is-layout-flow\">\n<div style=\"height:100px\" aria-hidden=\"true\" class=\"wp-block-spacer\"><\/div>\n\n\n\n<h1 class=\"wp-block-heading has-text-align-center has-nv-text-dark-bg-color has-text-color\">Canal Peertube<\/h1>\n\n\n\n<div style=\"height:100px\" aria-hidden=\"true\" class=\"wp-block-spacer\"><\/div>\n<\/div><\/div>\n<\/div><\/div>\n\n\n\n<div style=\"height:80px\" aria-hidden=\"true\" class=\"wp-block-spacer\"><\/div>\n\n\n\n<div class=\"wp-block-columns is-layout-flex wp-container-core-columns-is-layout-9d6595d7 wp-block-columns-is-layout-flex\">\n<div class=\"wp-block-column is-layout-flow wp-block-column-is-layout-flow\" style=\"flex-basis:10%\"><\/div>\n\n\n\n<div class=\"wp-block-column is-layout-flow wp-block-column-is-layout-flow\" style=\"flex-basis:80%\">\n<h2 class=\"wp-block-heading has-text-align-center\">Haga clic <a href=\"https:\/\/lone.earth\/a\/mosaic_project_ird\/video-channels\">aqu\u00ed<\/a> para ver nuestros videos en Peertube.<\/h2>\n\n\n\n<p class=\"has-text-align-center\"><a href=\"https:\/\/joinpeertube.org\/en_US\">PeerTube<\/a> es una plataforma de video gratuita y de c\u00f3digo abierto respaldada por Framasoft (una organizaci\u00f3n francesa sin fines de lucro). Su objetivo es ofrecer una alternativa a las plataformas centralizadas como YouTube.<\/p>\n\n\n\n<div style=\"height:20px\" aria-hidden=\"true\" class=\"wp-block-spacer\"><\/div>\n<\/div>\n\n\n\n<div class=\"wp-block-column is-layout-flow wp-block-column-is-layout-flow\" style=\"flex-basis:10%\"><\/div>\n<\/div>\n\n\n\n<div style=\"height:100px\" aria-hidden=\"true\" class=\"wp-block-spacer\"><\/div>\n","protected":false},"excerpt":{"rendered":"<p>Haga clic aqu\u00ed para ver nuestros videos en Peertube. PeerTube es una plataforma de video gratuita y de c\u00f3digo abierto respaldada por Framasoft (una organizaci\u00f3n francesa sin fines de lucro). Su objetivo es ofrecer una alternativa a las plataformas centralizadas como YouTube.<\/p>\n","protected":false},"author":3,"featured_media":0,"parent":0,"menu_order":0,"comment_status":"closed","ping_status":"closed","template":"","meta":{"neve_meta_sidebar":"full-width","neve_meta_container":"contained","neve_meta_enable_content_width":"on","neve_meta_content_width":100,"neve_meta_title_alignment":"","neve_meta_author_avatar":"","neve_post_elements_order":"","neve_meta_disable_header":"","neve_meta_disable_footer":"","neve_meta_disable_title":"on","footnotes":""},"class_list":["post-1773","page","type-page","status-publish","hentry"],"_links":{"self":[{"href":"https:\/\/www.mosaic-planetaryhealth.eu\/index.php\/wp-json\/wp\/v2\/pages\/1773","targetHints":{"allow":["GET"]}}],"collection":[{"href":"https:\/\/www.mosaic-planetaryhealth.eu\/index.php\/wp-json\/wp\/v2\/pages"}],"about":[{"href":"https:\/\/www.mosaic-planetaryhealth.eu\/index.php\/wp-json\/wp\/v2\/types\/page"}],"author":[{"embeddable":true,"href":"https:\/\/www.mosaic-planetaryhealth.eu\/index.php\/wp-json\/wp\/v2\/users\/3"}],"replies":[{"embeddable":true,"href":"https:\/\/www.mosaic-planetaryhealth.eu\/index.php\/wp-json\/wp\/v2\/comments?post=1773"}],"version-history":[{"count":4,"href":"https:\/\/www.mosaic-planetaryhealth.eu\/index.php\/wp-json\/wp\/v2\/pages\/1773\/revisions"}],"predecessor-version":[{"id":1988,"href":"https:\/\/www.mosaic-planetaryhealth.eu\/index.php\/wp-json\/wp\/v2\/pages\/1773\/revisions\/1988"}],"wp:attachment":[{"href":"https:\/\/www.mosaic-planetaryhealth.eu\/index.php\/wp-json\/wp\/v2\/media?parent=1773"}],"curies":[{"name":"wp","href":"https:\/\/api.w.org\/{rel}","templated":true}]}}