{"id":1625,"date":"2025-11-05T16:43:42","date_gmt":"2025-11-05T15:43:42","guid":{"rendered":"https:\/\/www.mosaic-planetaryhealth.eu\/?page_id=1625"},"modified":"2025-11-06T14:23:42","modified_gmt":"2025-11-06T13:23:42","slug":"contexto-2","status":"publish","type":"page","link":"https:\/\/www.mosaic-planetaryhealth.eu\/index.php\/pt\/contexto-2\/","title":{"rendered":"Contexto"},"content":{"rendered":"\n<div class=\"wp-block-cover alignfull is-light\" style=\"min-height:400px;aspect-ratio:unset;\"><span aria-hidden=\"true\" class=\"wp-block-cover__background has-nv-dark-bg-background-color has-background-dim-100 has-background-dim\"><\/span><div class=\"wp-block-cover__inner-container is-layout-flow wp-block-cover-is-layout-flow\">\n<div class=\"wp-block-cover alignfull wp-duotone-unset-1\" style=\"min-height:360px;aspect-ratio:unset;\"><img loading=\"lazy\" decoding=\"async\" width=\"1276\" height=\"545\" class=\"wp-block-cover__image-background wp-image-63\" alt=\"\" src=\"https:\/\/www.mosaic-planetaryhealth.eu\/wp-content\/uploads\/2024\/05\/Capture-page-accueil-site-3.png\" data-object-fit=\"cover\" srcset=\"https:\/\/www.mosaic-planetaryhealth.eu\/wp-content\/uploads\/2024\/05\/Capture-page-accueil-site-3.png 1276w, https:\/\/www.mosaic-planetaryhealth.eu\/wp-content\/uploads\/2024\/05\/Capture-page-accueil-site-3-300x128.png 300w, https:\/\/www.mosaic-planetaryhealth.eu\/wp-content\/uploads\/2024\/05\/Capture-page-accueil-site-3-1024x437.png 1024w, https:\/\/www.mosaic-planetaryhealth.eu\/wp-content\/uploads\/2024\/05\/Capture-page-accueil-site-3-768x328.png 768w\" sizes=\"auto, (max-width: 1276px) 100vw, 1276px\" \/><span aria-hidden=\"true\" class=\"wp-block-cover__background has-nv-text-dark-bg-background-color has-background-dim-20 has-background-dim\"><\/span><div class=\"wp-block-cover__inner-container is-layout-flow wp-block-cover-is-layout-flow\">\n<div style=\"height:100px\" aria-hidden=\"true\" class=\"wp-block-spacer\"><\/div>\n\n\n\n<h1 class=\"wp-block-heading has-text-align-center has-nv-text-dark-bg-color has-text-color\">Contexto<\/h1>\n\n\n\n<div style=\"height:100px\" aria-hidden=\"true\" class=\"wp-block-spacer\"><\/div>\n<\/div><\/div>\n\n\n\n<p><\/p>\n\n\n\n<p class=\"has-text-align-center has-nv-text-dark-bg-color has-text-color has-large-font-size\" style=\"padding-right:var(--wp--preset--spacing--40);padding-left:var(--wp--preset--spacing--40)\">As mudan\u00e7as e degrada\u00e7\u00f5es ambientais, bem como os eventos clim\u00e1ticos extremos, sejam eles resultado de mudan\u00e7as globais ou de a\u00e7\u00f5es antropog\u00eanicas locais, t\u00eam impactos diretos e indiretos sobre os meios de subsist\u00eancia, a sa\u00fade e o bem-estar da popula\u00e7\u00e3o humana.<\/p>\n<\/div><\/div>\n\n\n\n<div style=\"height:80px\" aria-hidden=\"true\" class=\"wp-block-spacer\"><\/div>\n\n\n\n<div class=\"wp-block-columns is-layout-flex wp-container-core-columns-is-layout-9d6595d7 wp-block-columns-is-layout-flex\">\n<div class=\"wp-block-column is-layout-flow wp-block-column-is-layout-flow\">\n<p>Esses impactos e a capacidade de antecip\u00e1-los, lidar com eles e recuperar-se deles dependem das especificidades territoriais locais. Em particular, quest\u00f5es espec\u00edficas decorrem das \u00e1reas transfronteiri\u00e7as nas fronteiras internacionais, tornando as popula\u00e7\u00f5es locais mais expostas e vulner\u00e1veis a eventos adversos. Isso se deve, em particular: \u00e0 alta mobilidade humana, animal e de pat\u00f3genos; ao funcionamento n\u00e3o nominal dos sistemas de sa\u00fade; \u00e0 falta de coopera\u00e7\u00e3o transfronteiri\u00e7a e de compartilhamento de dados, informa\u00e7\u00f5es e conhecimentos compar\u00e1veis, impedindo que os pa\u00edses vizinhos tenham uma representa\u00e7\u00e3o comum e compartilhada da situa\u00e7\u00e3o e, assim, elaborem solu\u00e7\u00f5es concertadas e conduzam a\u00e7\u00f5es conjuntas.<\/p>\n<\/div>\n\n\n\n<div class=\"wp-block-column is-layout-flow wp-block-column-is-layout-flow\">\n<p class=\"has-text-align-left\">Nesse contexto, \u00e9 necess\u00e1rio criar solu\u00e7\u00f5es de adapta\u00e7\u00e3o e mitiga\u00e7\u00e3o aceit\u00e1veis, vi\u00e1veis e sustent\u00e1veis, impulsionadas pelas popula\u00e7\u00f5es locais, que possam\/devam servir de inspira\u00e7\u00e3o para os Estados e institui\u00e7\u00f5es internacionais em escalas maiores. Isso \u00e9 particularmente desafiador devido a: uma compreens\u00e3o parcial e\/ou err\u00f4nea dos impactos rec\u00edprocos negativos e positivos entre o meio ambiente, as mudan\u00e7as ambientais e a sa\u00fade, o bem-estar e as pr\u00e1ticas humanas; o fato de que as comunidades locais raramente se beneficiam dos bancos de dados e sistemas de monitoramento existentes; a falta de expertise local e de ferramentas abertas, interativas e interligadas para apoiar a tomada de decis\u00f5es em sa\u00fade, conserva\u00e7\u00e3o da biodiversidade, meios de subsist\u00eancia e bem-estar; a natureza multicultural e multil\u00edngue das \u00e1reas transfronteiri\u00e7as<\/p>\n<\/div>\n<\/div>\n\n\n\n<div class=\"wp-block-cover alignfull is-light\" style=\"min-height:200px;aspect-ratio:unset;\"><span aria-hidden=\"true\" class=\"wp-block-cover__background has-nv-light-bg-background-color has-background-dim-100 has-background-dim\"><\/span><div class=\"wp-block-cover__inner-container is-layout-flow wp-block-cover-is-layout-flow\">\n<div style=\"height:80px\" aria-hidden=\"true\" class=\"wp-block-spacer\"><\/div>\n\n\n\n<div class=\"wp-block-columns are-vertically-aligned-top is-layout-flex wp-container-core-columns-is-layout-9d6595d7 wp-block-columns-is-layout-flex\">\n<div class=\"wp-block-column is-vertically-aligned-top is-layout-flow wp-block-column-is-layout-flow\">\n<figure class=\"wp-block-image size-large is-resized\"><img loading=\"lazy\" decoding=\"async\" width=\"1024\" height=\"576\" src=\"https:\/\/www.mosaic-planetaryhealth.eu\/wp-content\/uploads\/2024\/05\/Capture-du-2023-09-29-09-24-59-1-1024x576.png\" alt=\"\" class=\"wp-image-239\" style=\"width:563px;height:auto\" srcset=\"https:\/\/www.mosaic-planetaryhealth.eu\/wp-content\/uploads\/2024\/05\/Capture-du-2023-09-29-09-24-59-1-1024x576.png 1024w, https:\/\/www.mosaic-planetaryhealth.eu\/wp-content\/uploads\/2024\/05\/Capture-du-2023-09-29-09-24-59-1-300x169.png 300w, https:\/\/www.mosaic-planetaryhealth.eu\/wp-content\/uploads\/2024\/05\/Capture-du-2023-09-29-09-24-59-1-768x432.png 768w, https:\/\/www.mosaic-planetaryhealth.eu\/wp-content\/uploads\/2024\/05\/Capture-du-2023-09-29-09-24-59-1.png 1263w\" sizes=\"auto, (max-width: 1024px) 100vw, 1024px\" \/><\/figure>\n\n\n\n<p>David Western, African Conservation Centre<\/p>\n\n\n\n<p><em>Os pastores Maasa\u00ef s\u00e3o tradicionalmente n\u00f3madas, deslocando-se de acordo com a disponibilidade de \u00e1gua e pastagens para o seu gado. As secas intensas dos \u00faltimos anos obrigaram os pastores a deslocarem-se com mais frequ\u00eancia, por per\u00edodos mais longos e dist\u00e2ncias maiores, o que tem impacto na sua sa\u00fade e bem-estar.<\/em><\/p>\n<\/div>\n\n\n\n<div class=\"wp-block-column is-vertically-aligned-top is-layout-flow wp-block-column-is-layout-flow\">\n<h2 class=\"wp-block-heading has-text-align-left has-neve-text-color-color has-text-color\"><strong>Na \u00c1frica Oriental,<\/strong><\/h2>\n\n\n\n<p class=\"has-text-align-left has-neve-text-color-color has-text-color\">Os pastores Maasai que vivem no sul do Qu\u00eania e no norte da Tanz\u00e2nia est\u00e3o enfrentando per\u00edodos de seca cada vez mais intensos. Esse fen\u00f4meno \u00e9 agravado pelo pastoreio excessivo, que reduz drasticamente a disponibilidade de \u00e1gua e pastagens necess\u00e1rias para a sobreviv\u00eancia do gado e da vida selvagem. Isso resulta em alta mortalidade animal, deslocamento de rebanhos e popula\u00e7\u00f5es, conflitos entre humanos e animais selvagens e problemas de sa\u00fade entre a popula\u00e7\u00e3o humana (desnutri\u00e7\u00e3o, problemas de sa\u00fade mental, dificuldades no acesso \u00e0 preven\u00e7\u00e3o e cuidados, condi\u00e7\u00f5es de vida prec\u00e1rias, aumento do risco de tuberculose para pastores que passam muito tempo longe de casa, HIV\/AIDS para c\u00f4njuges separados, depress\u00e3o, etc.).<\/p>\n<\/div>\n<\/div>\n\n\n\n<div style=\"height:50px\" aria-hidden=\"true\" class=\"wp-block-spacer\"><\/div>\n<\/div><\/div>\n\n\n\n<div class=\"wp-block-cover alignfull is-light\" style=\"min-height:200px;aspect-ratio:unset;\"><span aria-hidden=\"true\" class=\"wp-block-cover__background has-nv-site-bg-background-color has-background-dim-100 has-background-dim\"><\/span><div class=\"wp-block-cover__inner-container is-layout-flow wp-block-cover-is-layout-flow\">\n<div style=\"height:80px\" aria-hidden=\"true\" class=\"wp-block-spacer\"><\/div>\n\n\n\n<div class=\"wp-block-columns are-vertically-aligned-top is-layout-flex wp-container-core-columns-is-layout-9d6595d7 wp-block-columns-is-layout-flex\">\n<div class=\"wp-block-column is-vertically-aligned-top is-layout-flow wp-block-column-is-layout-flow\">\n<h2 class=\"wp-block-heading has-text-align-left has-neve-text-color-color has-text-color\"><strong>Na Amaz\u00f4nia,<\/strong><\/h2>\n\n\n\n<p class=\"has-text-align-left has-neve-text-color-color has-text-color\">As mudan\u00e7as na cobertura e uso do solo devido a atividades antropog\u00eanicas, especialmente o desmatamento para extra\u00e7\u00e3o de madeira, expans\u00e3o urbana, estabelecimento de pastagens ou culturas intensivas, minera\u00e7\u00e3o de ouro, constru\u00e7\u00e3o de barragens, etc., t\u00eam impactos bem documentados na sa\u00fade e no bem-estar da popula\u00e7\u00e3o. De fato, ao modificar os habitats, reservat\u00f3rios (incluindo mam\u00edferos como morcegos e macacos) e vetores (incluindo mosquitos, flebotom\u00edneos e triatom\u00edneos) de pat\u00f3genos (como Leishmania, Plasmodium, v\u00edrus, bact\u00e9rias e fungos) podem proliferar, levando a popula\u00e7\u00e3o humana a uma maior exposi\u00e7\u00e3o a v\u00e1rias doen\u00e7as infecciosas.<\/p>\n<\/div>\n\n\n\n<div class=\"wp-block-column is-vertically-aligned-top is-layout-flow wp-block-column-is-layout-flow\">\n<figure class=\"wp-block-image size-large\"><img loading=\"lazy\" decoding=\"async\" width=\"1024\" height=\"768\" src=\"https:\/\/www.mosaic-planetaryhealth.eu\/wp-content\/uploads\/2024\/05\/DSCN1204-1024x768.jpg\" alt=\"\" class=\"wp-image-238\" srcset=\"https:\/\/www.mosaic-planetaryhealth.eu\/wp-content\/uploads\/2024\/05\/DSCN1204-1024x768.jpg 1024w, https:\/\/www.mosaic-planetaryhealth.eu\/wp-content\/uploads\/2024\/05\/DSCN1204-300x225.jpg 300w, https:\/\/www.mosaic-planetaryhealth.eu\/wp-content\/uploads\/2024\/05\/DSCN1204-768x576.jpg 768w, https:\/\/www.mosaic-planetaryhealth.eu\/wp-content\/uploads\/2024\/05\/DSCN1204-1536x1152.jpg 1536w, https:\/\/www.mosaic-planetaryhealth.eu\/wp-content\/uploads\/2024\/05\/DSCN1204-2048x1536.jpg 2048w\" sizes=\"auto, (max-width: 1024px) 100vw, 1024px\" \/><\/figure>\n\n\n\n<p>Antoine Boyrie and Anne-Elisabeth Laque, IRD, 2012<\/p>\n\n\n\n<p id=\"block-3f9c3f9c-bee6-4a72-b358-6ac18cdaf7e0\"><em>O desmatamento \u00e9 uma das mudan\u00e7as mais comuns no uso da terra na Amaz\u00f4nia, seja para pastagem ou cultivo, seja para a constru\u00e7\u00e3o de infraestruturas como estradas, habita\u00e7\u00f5es, etc. O desmatamento pode favorecer a presen\u00e7a e prolifera\u00e7\u00e3o de reservat\u00f3rios e\/ou vetores de agentes patog\u00eanicos, bem como a exposi\u00e7\u00e3o das popula\u00e7\u00f5es humanas a eles. Pode, assim, contribuir para aumentar o risco de surgimento ou recrudescimento de certas doen\u00e7as infecciosas (entre outras, mal\u00e1ria, raiva).<\/em><\/p>\n<\/div>\n<\/div>\n\n\n\n<div style=\"height:50px\" aria-hidden=\"true\" class=\"wp-block-spacer\"><\/div>\n<\/div><\/div>\n\n\n\n<div class=\"wp-block-cover alignfull is-light\" style=\"min-height:400px;aspect-ratio:unset;\"><span aria-hidden=\"true\" class=\"wp-block-cover__background has-nv-dark-bg-background-color has-background-dim-100 has-background-dim\"><\/span><div class=\"wp-block-cover__inner-container is-layout-flow wp-block-cover-is-layout-flow\">\n<div style=\"height:40px\" aria-hidden=\"true\" class=\"wp-block-spacer\"><\/div>\n\n\n\n<p class=\"has-text-align-center has-nv-text-dark-bg-color has-text-color has-medium-font-size\">Em ambas as regi\u00f5es mencionadas anteriormente, existem dados e conhecimentos em muitos campos (sobre clima, uso do solo, fauna selvagem, sa\u00fade humana e animal, etc.) e os quadros metodol\u00f3gicos (One Health, Planetary Health, Ci\u00eancia da Sustentabilidade) est\u00e3o agora a promover abordagens hol\u00edsticas e vias para a mudan\u00e7a (por exemplo, a teoria da mudan\u00e7a One Health). No entanto: ainda h\u00e1 uma falta de observa\u00e7\u00f5es relacionadas a contextos muito espec\u00edficos; o conhecimento da comunidade local n\u00e3o \u00e9 necessariamente considerado; a descoberta, o acesso e a reutiliza\u00e7\u00e3o de dados de um dom\u00ednio para outro ainda s\u00e3o desafiadores, exigindo m\u00faltiplas \u00e1reas de especializa\u00e7\u00e3o e o acesso a um grande n\u00famero de armaz\u00e9ns de dados diferentes e n\u00e3o interoper\u00e1veis; e as abordagens hol\u00edsticas n\u00e3o est\u00e3o suficientemente equipadas para realmente implementar a transdisciplinaridade.<\/p>\n\n\n\n<div style=\"height:40px\" aria-hidden=\"true\" class=\"wp-block-spacer\"><\/div>\n<\/div><\/div>\n\n\n\n<div style=\"height:100px\" aria-hidden=\"true\" class=\"wp-block-spacer\"><\/div>\n\n\n\n<h2 class=\"wp-block-heading has-text-align-center\"><strong>Assista ao nosso v\u00eddeo sobre Sa\u00fade Planet\u00e1ria \/ Sa\u00fade \u00danica<\/strong> (em ingl\u00eas)<\/h2>\n\n\n\n<figure class=\"wp-block-image size-large has-custom-border is-style-default wp-duotone-unset-2\"><a href=\"https:\/\/peertube.otakufarms.com\/w\/jcsySbUmA9TYEvRwdChH9b\" target=\"_blank\" rel=\" noreferrer noopener\"><img loading=\"lazy\" decoding=\"async\" width=\"1024\" height=\"525\" src=\"https:\/\/www.mosaic-planetaryhealth.eu\/wp-content\/uploads\/2025\/08\/Video-3-1024x525.png\" alt=\"\" class=\"wp-image-1466\" style=\"border-width:10px;border-radius:0px\" srcset=\"https:\/\/www.mosaic-planetaryhealth.eu\/wp-content\/uploads\/2025\/08\/Video-3-1024x525.png 1024w, https:\/\/www.mosaic-planetaryhealth.eu\/wp-content\/uploads\/2025\/08\/Video-3-300x154.png 300w, https:\/\/www.mosaic-planetaryhealth.eu\/wp-content\/uploads\/2025\/08\/Video-3-768x394.png 768w, https:\/\/www.mosaic-planetaryhealth.eu\/wp-content\/uploads\/2025\/08\/Video-3.png 1280w\" sizes=\"auto, (max-width: 1024px) 100vw, 1024px\" \/><\/a><\/figure>\n\n\n\n<p class=\"has-text-align-center\">Apresenta\u00e7\u00e3o sobre Sa\u00fade Planet\u00e1ria\/One Health por Serge Morand na Reuni\u00e3o Inicial do MOSAIC (fevereiro de 2024)<\/p>\n\n\n\n<div style=\"height:100px\" aria-hidden=\"true\" class=\"wp-block-spacer\"><\/div>\n","protected":false},"excerpt":{"rendered":"<p>Esses impactos e a capacidade de antecip\u00e1-los, lidar com eles e recuperar-se deles dependem das especificidades territoriais locais. Em particular, quest\u00f5es espec\u00edficas decorrem das \u00e1reas transfronteiri\u00e7as nas fronteiras internacionais, tornando as popula\u00e7\u00f5es locais mais expostas e vulner\u00e1veis a eventos adversos. Isso se deve, em particular: \u00e0 alta mobilidade humana, animal e de pat\u00f3genos; ao funcionamento&hellip;&nbsp;<a href=\"https:\/\/www.mosaic-planetaryhealth.eu\/index.php\/pt\/contexto-2\/\" rel=\"bookmark\">Lire la suite &raquo;<span class=\"screen-reader-text\">Contexto<\/span><\/a><\/p>\n","protected":false},"author":3,"featured_media":0,"parent":0,"menu_order":0,"comment_status":"closed","ping_status":"closed","template":"","meta":{"neve_meta_sidebar":"full-width","neve_meta_container":"contained","neve_meta_enable_content_width":"on","neve_meta_content_width":100,"neve_meta_title_alignment":"","neve_meta_author_avatar":"","neve_post_elements_order":"","neve_meta_disable_header":"","neve_meta_disable_footer":"","neve_meta_disable_title":"on","footnotes":""},"class_list":["post-1625","page","type-page","status-publish","hentry"],"_links":{"self":[{"href":"https:\/\/www.mosaic-planetaryhealth.eu\/index.php\/wp-json\/wp\/v2\/pages\/1625","targetHints":{"allow":["GET"]}}],"collection":[{"href":"https:\/\/www.mosaic-planetaryhealth.eu\/index.php\/wp-json\/wp\/v2\/pages"}],"about":[{"href":"https:\/\/www.mosaic-planetaryhealth.eu\/index.php\/wp-json\/wp\/v2\/types\/page"}],"author":[{"embeddable":true,"href":"https:\/\/www.mosaic-planetaryhealth.eu\/index.php\/wp-json\/wp\/v2\/users\/3"}],"replies":[{"embeddable":true,"href":"https:\/\/www.mosaic-planetaryhealth.eu\/index.php\/wp-json\/wp\/v2\/comments?post=1625"}],"version-history":[{"count":9,"href":"https:\/\/www.mosaic-planetaryhealth.eu\/index.php\/wp-json\/wp\/v2\/pages\/1625\/revisions"}],"predecessor-version":[{"id":1670,"href":"https:\/\/www.mosaic-planetaryhealth.eu\/index.php\/wp-json\/wp\/v2\/pages\/1625\/revisions\/1670"}],"wp:attachment":[{"href":"https:\/\/www.mosaic-planetaryhealth.eu\/index.php\/wp-json\/wp\/v2\/media?parent=1625"}],"curies":[{"name":"wp","href":"https:\/\/api.w.org\/{rel}","templated":true}]}}