{"id":1614,"date":"2025-11-05T16:39:07","date_gmt":"2025-11-05T15:39:07","guid":{"rendered":"https:\/\/www.mosaic-planetaryhealth.eu\/?page_id=1614"},"modified":"2025-11-06T14:53:04","modified_gmt":"2025-11-06T13:53:04","slug":"pacotes-de-trabalho","status":"publish","type":"page","link":"https:\/\/www.mosaic-planetaryhealth.eu\/index.php\/pt\/pacotes-de-trabalho\/","title":{"rendered":"Pacotes de Trabalho"},"content":{"rendered":"\n<div class=\"wp-block-cover alignfull is-light wp-duotone-unset-1\" style=\"min-height:360px;aspect-ratio:unset;\"><img loading=\"lazy\" decoding=\"async\" width=\"1024\" height=\"683\" class=\"wp-block-cover__image-background wp-image-1703 size-large\" alt=\"\" src=\"https:\/\/www.mosaic-planetaryhealth.eu\/wp-content\/uploads\/2025\/11\/Kenya-3-1-1024x683.jpeg\" data-object-fit=\"cover\" srcset=\"https:\/\/www.mosaic-planetaryhealth.eu\/wp-content\/uploads\/2025\/11\/Kenya-3-1-1024x683.jpeg 1024w, https:\/\/www.mosaic-planetaryhealth.eu\/wp-content\/uploads\/2025\/11\/Kenya-3-1-300x200.jpeg 300w, https:\/\/www.mosaic-planetaryhealth.eu\/wp-content\/uploads\/2025\/11\/Kenya-3-1-768x512.jpeg 768w, https:\/\/www.mosaic-planetaryhealth.eu\/wp-content\/uploads\/2025\/11\/Kenya-3-1-1536x1024.jpeg 1536w, https:\/\/www.mosaic-planetaryhealth.eu\/wp-content\/uploads\/2025\/11\/Kenya-3-1-2048x1365.jpeg 2048w, https:\/\/www.mosaic-planetaryhealth.eu\/wp-content\/uploads\/2025\/11\/Kenya-3-1-930x620.jpeg 930w\" sizes=\"auto, (max-width: 1024px) 100vw, 1024px\" \/><span aria-hidden=\"true\" class=\"wp-block-cover__background has-nv-text-dark-bg-background-color has-background-dim-20 has-background-dim\"><\/span><div class=\"wp-block-cover__inner-container is-layout-flow wp-block-cover-is-layout-flow\">\n<div style=\"height:100px\" aria-hidden=\"true\" class=\"wp-block-spacer\"><\/div>\n\n\n\n<h1 class=\"wp-block-heading has-text-align-center has-nv-text-dark-bg-color has-text-color\">Pacotes de Trabalho<\/h1>\n\n\n\n<div style=\"height:100px\" aria-hidden=\"true\" class=\"wp-block-spacer\"><\/div>\n<\/div><\/div>\n\n\n\n<div style=\"height:85px\" aria-hidden=\"true\" class=\"wp-block-spacer\"><\/div>\n\n\n\n<div class=\"wp-block-cover alignfull\" style=\"padding-right:0;padding-left:0\"><span aria-hidden=\"true\" class=\"wp-block-cover__background has-nv-light-bg-background-color has-background-dim-100 has-background-dim\"><\/span><div class=\"wp-block-cover__inner-container is-layout-constrained wp-container-core-cover-is-layout-a7c31ef8 wp-block-cover-is-layout-constrained\">\n<div style=\"height:83px\" aria-hidden=\"true\" class=\"wp-block-spacer\"><\/div>\n\n\n\n<p class=\"has-text-align-left has-neve-text-color-color has-text-color has-link-color wp-elements-a29b58ada6e84278e0f579949ea46f2a\" style=\"font-size:36px\"><strong><strong>Pacote de Trabalho 1<\/strong> (WP1)- <\/strong><br><strong><strong>Ci\u00eancia compartilhada com as partes interessadas<\/strong><\/strong><\/p>\n\n\n\n<p class=\"has-neve-text-color-color has-text-color has-link-color wp-elements-bf0a2b86d6326a00d4a05265bab0dc8f\">Co-l\u00edderes: Paulo PEITER e Val\u00e9rie MOREL<\/p>\n\n\n\n<div class=\"wp-block-group is-nowrap is-layout-flex wp-container-core-group-is-layout-ad2f72ca wp-block-group-is-layout-flex\">\n<figure class=\"wp-block-image size-large is-resized is-style-rounded\"><img loading=\"lazy\" decoding=\"async\" width=\"1024\" height=\"1024\" src=\"https:\/\/www.mosaic-planetaryhealth.eu\/wp-content\/uploads\/2024\/06\/3-4-1024x1024.png\" alt=\"\" class=\"wp-image-1220\" style=\"width:128px\" srcset=\"https:\/\/www.mosaic-planetaryhealth.eu\/wp-content\/uploads\/2024\/06\/3-4-1024x1024.png 1024w, https:\/\/www.mosaic-planetaryhealth.eu\/wp-content\/uploads\/2024\/06\/3-4-300x300.png 300w, https:\/\/www.mosaic-planetaryhealth.eu\/wp-content\/uploads\/2024\/06\/3-4-150x150.png 150w, https:\/\/www.mosaic-planetaryhealth.eu\/wp-content\/uploads\/2024\/06\/3-4-768x768.png 768w, https:\/\/www.mosaic-planetaryhealth.eu\/wp-content\/uploads\/2024\/06\/3-4.png 1080w\" sizes=\"auto, (max-width: 1024px) 100vw, 1024px\" \/><\/figure>\n\n\n\n<figure class=\"wp-block-image size-full is-resized is-style-rounded\"><img loading=\"lazy\" decoding=\"async\" width=\"867\" height=\"867\" src=\"https:\/\/www.mosaic-planetaryhealth.eu\/wp-content\/uploads\/2025\/11\/IMG-20250917-WA0011-carre-1.jpg\" alt=\"\" class=\"wp-image-1691\" style=\"width:156px;height:auto\" srcset=\"https:\/\/www.mosaic-planetaryhealth.eu\/wp-content\/uploads\/2025\/11\/IMG-20250917-WA0011-carre-1.jpg 867w, https:\/\/www.mosaic-planetaryhealth.eu\/wp-content\/uploads\/2025\/11\/IMG-20250917-WA0011-carre-1-300x300.jpg 300w, https:\/\/www.mosaic-planetaryhealth.eu\/wp-content\/uploads\/2025\/11\/IMG-20250917-WA0011-carre-1-150x150.jpg 150w, https:\/\/www.mosaic-planetaryhealth.eu\/wp-content\/uploads\/2025\/11\/IMG-20250917-WA0011-carre-1-768x768.jpg 768w\" sizes=\"auto, (max-width: 867px) 100vw, 867px\" \/><\/figure>\n<\/div>\n\n\n\n<div style=\"height:33px\" aria-hidden=\"true\" class=\"wp-block-spacer\"><\/div>\n\n\n\n<div class=\"wp-block-group is-nowrap is-layout-flex wp-container-core-group-is-layout-ad2f72ca wp-block-group-is-layout-flex\">\n<p class=\"has-neve-text-color-color has-text-color has-link-color wp-elements-f5371c7a372fc8b061e2348e1b40f855\">Os objetivos s\u00e3o: (1) mapear as partes interessadas multissetoriais para abordar os impactos em cascata das degrada\u00e7\u00f5es ambientais na sa\u00fade; (2) envolver as partes interessadas no caminho para uma considera\u00e7\u00e3o real das quest\u00f5es de sa\u00fade \u00fanica e planet\u00e1ria; e (3) fortalecer a capacidade da comunidade de pesquisa em abordagens participativas.<\/p>\n<\/div>\n\n\n\n<div style=\"height:88px\" aria-hidden=\"true\" class=\"wp-block-spacer\"><\/div>\n<\/div><\/div>\n\n\n\n<div class=\"wp-block-cover alignfull\" style=\"min-height:547px;aspect-ratio:unset;\"><span aria-hidden=\"true\" class=\"wp-block-cover__background has-nv-site-bg-background-color has-background-dim-100 has-background-dim\"><\/span><div class=\"wp-block-cover__inner-container is-layout-constrained wp-block-cover-is-layout-constrained\">\n<div style=\"height:0px\" aria-hidden=\"true\" class=\"wp-block-spacer\"><\/div>\n\n\n\n<p class=\"has-text-align-left has-neve-text-color-color has-text-color has-link-color wp-elements-b201dbef1f633490fca84719eeed044d\" style=\"font-size:36px\"><strong><strong>Pacote de Trabalho 2<\/strong> (WP2)- <\/strong><br><strong><strong>Coleta transfronteiri\u00e7a de dados e conhecimentos multidisciplinares<\/strong><\/strong><\/p>\n\n\n\n<p class=\"has-neve-text-color-color has-text-color has-link-color wp-elements-70f8f1bf65ec6af969f57a4c48f78f05\">Co-l\u00edderes: Alessandra FERREIRA DALES NAVA e Victor MOSE<\/p>\n\n\n\n<div class=\"wp-block-group is-nowrap is-layout-flex wp-container-core-group-is-layout-ad2f72ca wp-block-group-is-layout-flex\">\n<figure class=\"wp-block-image size-large is-resized is-style-rounded\"><img loading=\"lazy\" decoding=\"async\" width=\"1024\" height=\"1024\" src=\"https:\/\/www.mosaic-planetaryhealth.eu\/wp-content\/uploads\/2024\/06\/9-2-1024x1024.png\" alt=\"\" class=\"wp-image-1225\" style=\"width:128px;height:auto\" srcset=\"https:\/\/www.mosaic-planetaryhealth.eu\/wp-content\/uploads\/2024\/06\/9-2-1024x1024.png 1024w, https:\/\/www.mosaic-planetaryhealth.eu\/wp-content\/uploads\/2024\/06\/9-2-300x300.png 300w, https:\/\/www.mosaic-planetaryhealth.eu\/wp-content\/uploads\/2024\/06\/9-2-150x150.png 150w, https:\/\/www.mosaic-planetaryhealth.eu\/wp-content\/uploads\/2024\/06\/9-2-768x768.png 768w, https:\/\/www.mosaic-planetaryhealth.eu\/wp-content\/uploads\/2024\/06\/9-2.png 1080w\" sizes=\"auto, (max-width: 1024px) 100vw, 1024px\" \/><\/figure>\n\n\n\n<figure class=\"wp-block-image size-large is-resized is-style-rounded\"><img loading=\"lazy\" decoding=\"async\" width=\"1024\" height=\"1024\" src=\"https:\/\/www.mosaic-planetaryhealth.eu\/wp-content\/uploads\/2024\/06\/7-2-1024x1024.png\" alt=\"\" class=\"wp-image-1226\" style=\"width:128px\" srcset=\"https:\/\/www.mosaic-planetaryhealth.eu\/wp-content\/uploads\/2024\/06\/7-2-1024x1024.png 1024w, https:\/\/www.mosaic-planetaryhealth.eu\/wp-content\/uploads\/2024\/06\/7-2-300x300.png 300w, https:\/\/www.mosaic-planetaryhealth.eu\/wp-content\/uploads\/2024\/06\/7-2-150x150.png 150w, https:\/\/www.mosaic-planetaryhealth.eu\/wp-content\/uploads\/2024\/06\/7-2-768x768.png 768w, https:\/\/www.mosaic-planetaryhealth.eu\/wp-content\/uploads\/2024\/06\/7-2.png 1080w\" sizes=\"auto, (max-width: 1024px) 100vw, 1024px\" \/><\/figure>\n<\/div>\n\n\n\n<div style=\"height:39px\" aria-hidden=\"true\" class=\"wp-block-spacer\"><\/div>\n\n\n\n<div class=\"wp-block-group is-nowrap is-layout-flex wp-container-core-group-is-layout-ad2f72ca wp-block-group-is-layout-flex\">\n<p class=\"has-neve-text-color-color has-text-color has-link-color wp-elements-d11dcf927fbba1abf2891c44d9360f2a\">Os objetivos s\u00e3o (1) caracterizar e monitorar o Sistema Socioecol\u00f3gico e Epidemiol\u00f3gico (SEES) transfronteiri\u00e7o de forma multidisciplinar, (2) envolver as comunidades locais no monitoramento do territ\u00f3rio e na produ\u00e7\u00e3o de conhecimento (com o WP1) e (3) construir valores comuns e definir os usos dos dados e do conhecimento entre todas as partes interessadas, em conformidade com a lei e a \u00e9tica (com o WP1).<\/p>\n<\/div>\n\n\n\n<div style=\"height:1px\" aria-hidden=\"true\" class=\"wp-block-spacer\"><\/div>\n<\/div><\/div>\n\n\n\n<div class=\"wp-block-cover alignfull\"><span aria-hidden=\"true\" class=\"wp-block-cover__background has-nv-light-bg-background-color has-background-dim-100 has-background-dim\"><\/span><div class=\"wp-block-cover__inner-container is-layout-constrained wp-block-cover-is-layout-constrained\">\n<div style=\"height:79px\" aria-hidden=\"true\" class=\"wp-block-spacer\"><\/div>\n\n\n\n<p class=\"has-text-align-left has-neve-text-color-color has-text-color has-link-color wp-elements-1f5b4455ad724f0e57d63e299458999f\" style=\"font-size:36px\"><strong><strong>Pacote de Trabalho 3<\/strong> (WP3)- <\/strong><br><strong><strong>Integra\u00e7\u00e3o de dados e conhecimentos, indicadores<\/strong><\/strong><\/p>\n\n\n\n<p class=\"has-neve-text-color-color has-text-color has-link-color wp-elements-869fb886cc53bb178c42b9a7fe6e872c\">Co-l\u00edderes: Emmanuel ROUX e Lucy WARUINGI<\/p>\n\n\n\n<div class=\"wp-block-group is-nowrap is-layout-flex wp-container-core-group-is-layout-ad2f72ca wp-block-group-is-layout-flex\">\n<figure class=\"wp-block-image size-large is-resized is-style-rounded\"><img loading=\"lazy\" decoding=\"async\" width=\"1024\" height=\"1024\" src=\"https:\/\/www.mosaic-planetaryhealth.eu\/wp-content\/uploads\/2024\/06\/2-1-1024x1024.png\" alt=\"\" class=\"wp-image-1232\" style=\"width:128px\" srcset=\"https:\/\/www.mosaic-planetaryhealth.eu\/wp-content\/uploads\/2024\/06\/2-1-1024x1024.png 1024w, https:\/\/www.mosaic-planetaryhealth.eu\/wp-content\/uploads\/2024\/06\/2-1-300x300.png 300w, https:\/\/www.mosaic-planetaryhealth.eu\/wp-content\/uploads\/2024\/06\/2-1-150x150.png 150w, https:\/\/www.mosaic-planetaryhealth.eu\/wp-content\/uploads\/2024\/06\/2-1-768x768.png 768w, https:\/\/www.mosaic-planetaryhealth.eu\/wp-content\/uploads\/2024\/06\/2-1.png 1080w\" sizes=\"auto, (max-width: 1024px) 100vw, 1024px\" \/><\/figure>\n\n\n\n<figure class=\"wp-block-image size-large is-resized is-style-rounded\"><img loading=\"lazy\" decoding=\"async\" width=\"1024\" height=\"1024\" src=\"https:\/\/www.mosaic-planetaryhealth.eu\/wp-content\/uploads\/2024\/06\/5-1-1024x1024.png\" alt=\"\" class=\"wp-image-1233\" style=\"width:128px\" srcset=\"https:\/\/www.mosaic-planetaryhealth.eu\/wp-content\/uploads\/2024\/06\/5-1-1024x1024.png 1024w, https:\/\/www.mosaic-planetaryhealth.eu\/wp-content\/uploads\/2024\/06\/5-1-300x300.png 300w, https:\/\/www.mosaic-planetaryhealth.eu\/wp-content\/uploads\/2024\/06\/5-1-150x150.png 150w, https:\/\/www.mosaic-planetaryhealth.eu\/wp-content\/uploads\/2024\/06\/5-1-768x768.png 768w, https:\/\/www.mosaic-planetaryhealth.eu\/wp-content\/uploads\/2024\/06\/5-1.png 1080w\" sizes=\"auto, (max-width: 1024px) 100vw, 1024px\" \/><\/figure>\n<\/div>\n\n\n\n<div style=\"height:33px\" aria-hidden=\"true\" class=\"wp-block-spacer\"><\/div>\n\n\n\n<div class=\"wp-block-group is-nowrap is-layout-flex wp-container-core-group-is-layout-ad2f72ca wp-block-group-is-layout-flex\">\n<p class=\"has-neve-text-color-color has-text-color has-link-color wp-elements-107206a363fc4a766ab3b6e6de2df1ed\">Os objetivos s\u00e3o (1) facilitar a recupera\u00e7\u00e3o, descoberta, compreens\u00e3o e utiliza\u00e7\u00e3o de recursos num quadro altamente interdisciplinar, intersetorial e distribu\u00eddo, (2) modelar o conhecimento cient\u00edfico e comunit\u00e1rio sobre as redes de partes interessadas e o funcionamento do SEES (com o WP1), (3) criar indicadores integrados para a monitoriza\u00e7\u00e3o multitem\u00e1tica do territ\u00f3rio (em intera\u00e7\u00e3o com o WP1 e o WP5), (4) descobrir novos efeitos em cascata da degrada\u00e7\u00e3o ambiental na sa\u00fade humana e (5) antecipar mudan\u00e7as futuras no ambiente e na sa\u00fade.<\/p>\n\n\n\n<div style=\"height:100px;width:0px\" aria-hidden=\"true\" class=\"wp-block-spacer wp-container-content-6388d5dc\"><\/div>\n<\/div>\n\n\n\n<div style=\"height:78px\" aria-hidden=\"true\" class=\"wp-block-spacer\"><\/div>\n<\/div><\/div>\n\n\n\n<div class=\"wp-block-cover alignfull\"><span aria-hidden=\"true\" class=\"wp-block-cover__background has-nv-text-dark-bg-background-color has-background-dim-100 has-background-dim\"><\/span><div class=\"wp-block-cover__inner-container is-layout-constrained wp-block-cover-is-layout-constrained\">\n<div style=\"height:82px\" aria-hidden=\"true\" class=\"wp-block-spacer\"><\/div>\n\n\n\n<p class=\"has-text-align-left has-neve-text-color-color has-text-color has-link-color wp-elements-dfd297094be16fefb0b7dcc3f692ddf4\" style=\"font-size:36px\"><strong>Pacote de Trabalho 4 (WP4)\u2013<\/strong><\/p>\n\n\n\n<p class=\"has-text-align-left has-neve-text-color-color has-text-color has-link-color wp-elements-aa87fb962ed7bb287061efd0357276af\" style=\"font-size:36px\"><strong>Servi\u00e7os de dados centrais<\/strong><\/p>\n\n\n\n<p class=\"has-neve-text-color-color has-text-color has-link-color wp-elements-d89262927703f39569993b9435820679\">L\u00edder: \u0141ukasz DUMISZEWSKI<\/p>\n\n\n\n<div class=\"wp-block-columns is-layout-flex wp-container-core-columns-is-layout-9d6595d7 wp-block-columns-is-layout-flex\">\n<div class=\"wp-block-column is-layout-flow wp-block-column-is-layout-flow\">\n<figure class=\"wp-block-image size-large is-resized is-style-rounded\"><img loading=\"lazy\" decoding=\"async\" width=\"1024\" height=\"1024\" src=\"https:\/\/www.mosaic-planetaryhealth.eu\/wp-content\/uploads\/2024\/06\/6-1024x1024.png\" alt=\"\" class=\"wp-image-927\" style=\"width:128px\" srcset=\"https:\/\/www.mosaic-planetaryhealth.eu\/wp-content\/uploads\/2024\/06\/6-1024x1024.png 1024w, https:\/\/www.mosaic-planetaryhealth.eu\/wp-content\/uploads\/2024\/06\/6-300x300.png 300w, https:\/\/www.mosaic-planetaryhealth.eu\/wp-content\/uploads\/2024\/06\/6-150x150.png 150w, https:\/\/www.mosaic-planetaryhealth.eu\/wp-content\/uploads\/2024\/06\/6-768x768.png 768w, https:\/\/www.mosaic-planetaryhealth.eu\/wp-content\/uploads\/2024\/06\/6.png 1080w\" sizes=\"auto, (max-width: 1024px) 100vw, 1024px\" \/><\/figure>\n<\/div>\n\n\n\n<div class=\"wp-block-column is-layout-flow wp-block-column-is-layout-flow\"><\/div>\n\n\n\n<div class=\"wp-block-column is-layout-flow wp-block-column-is-layout-flow\"><\/div>\n<\/div>\n\n\n\n<div style=\"height:0px\" aria-hidden=\"true\" class=\"wp-block-spacer\"><\/div>\n\n\n\n<div class=\"wp-block-group is-nowrap is-layout-flex wp-container-core-group-is-layout-ad2f72ca wp-block-group-is-layout-flex\">\n<p class=\"has-neve-text-color-color has-text-color has-link-color wp-elements-7b361f2370cd8dc7abed6bf1af694e09\">O objetivo principal do WP4 \u00e9 projetar, desenvolver e implementar uma gama de servi\u00e7os de dados que funcionar\u00e3o como uma camada de backend para aplica\u00e7\u00f5es de produtos de dados a serem desenvolvidas no WP5. O servi\u00e7o de reposit\u00f3rio fornecer\u00e1 um reposit\u00f3rio de dados abertos espec\u00edfico do dom\u00ednio para os dados de pesquisa que n\u00e3o est\u00e3o hospedados em outros reposit\u00f3rios de uso geral ou outras fontes de dados de terceiros. Ele ser\u00e1 projetado para armazenar dados de pesquisa de cauda longa que podem n\u00e3o ser adequados para outras fontes de dados. O servi\u00e7o de hub de dados funcionar\u00e1 como um agregador leg\u00edvel por m\u00e1quina de metadados harmonizados e m\u00e9todos de acesso para o reposit\u00f3rio e fontes de dados de terceiros. Fornecer\u00e1 uma Interface de Programa\u00e7\u00e3o de Aplica\u00e7\u00f5es (API) para as aplica\u00e7\u00f5es a serem desenvolvidas no WP5 (cat\u00e1logo de dados e aplica\u00e7\u00f5es de visualiza\u00e7\u00e3o).<\/p>\n<\/div>\n\n\n\n<div style=\"height:68px\" aria-hidden=\"true\" class=\"wp-block-spacer\"><\/div>\n<\/div><\/div>\n\n\n\n<div class=\"wp-block-cover alignfull\"><span aria-hidden=\"true\" class=\"wp-block-cover__background has-nv-light-bg-background-color has-background-dim-100 has-background-dim\"><\/span><div class=\"wp-block-cover__inner-container is-layout-constrained wp-block-cover-is-layout-constrained\">\n<div style=\"height:89px\" aria-hidden=\"true\" class=\"wp-block-spacer\"><\/div>\n\n\n\n<p class=\"has-text-align-left has-neve-text-color-color has-text-color has-link-color wp-elements-6ce2eb9733e60cad8d88bf3208582c92\" style=\"font-size:36px\"><strong>Pacote de Trabalho 5 (WP5) &#8211;<\/strong><br><strong>Divulga\u00e7\u00e3o, Explora\u00e7\u00e3o e Comunica\u00e7\u00e3o<\/strong><\/p>\n\n\n\n<p class=\"has-neve-text-color-color has-text-color has-link-color wp-elements-5415d650508fcb8f22a45e59ecef6965\">Co-l\u00edderes: Victor MOSE e Martha SU\u00c1REZ-MUTIS<\/p>\n\n\n\n<div class=\"wp-block-group is-nowrap is-layout-flex wp-container-core-group-is-layout-ad2f72ca wp-block-group-is-layout-flex\">\n<figure class=\"wp-block-image size-large is-resized is-style-rounded\"><img loading=\"lazy\" decoding=\"async\" width=\"1024\" height=\"1024\" src=\"https:\/\/www.mosaic-planetaryhealth.eu\/wp-content\/uploads\/2024\/06\/7-3-1024x1024.png\" alt=\"\" class=\"wp-image-1245\" style=\"width:128px\" srcset=\"https:\/\/www.mosaic-planetaryhealth.eu\/wp-content\/uploads\/2024\/06\/7-3-1024x1024.png 1024w, https:\/\/www.mosaic-planetaryhealth.eu\/wp-content\/uploads\/2024\/06\/7-3-300x300.png 300w, https:\/\/www.mosaic-planetaryhealth.eu\/wp-content\/uploads\/2024\/06\/7-3-150x150.png 150w, https:\/\/www.mosaic-planetaryhealth.eu\/wp-content\/uploads\/2024\/06\/7-3-768x768.png 768w, https:\/\/www.mosaic-planetaryhealth.eu\/wp-content\/uploads\/2024\/06\/7-3.png 1080w\" sizes=\"auto, (max-width: 1024px) 100vw, 1024px\" \/><\/figure>\n\n\n\n<figure class=\"wp-block-image size-large is-resized is-style-rounded\"><img loading=\"lazy\" decoding=\"async\" width=\"1024\" height=\"1024\" src=\"https:\/\/www.mosaic-planetaryhealth.eu\/wp-content\/uploads\/2024\/06\/4-3-1024x1024.png\" alt=\"\" class=\"wp-image-1221\" style=\"width:128px\" srcset=\"https:\/\/www.mosaic-planetaryhealth.eu\/wp-content\/uploads\/2024\/06\/4-3-1024x1024.png 1024w, https:\/\/www.mosaic-planetaryhealth.eu\/wp-content\/uploads\/2024\/06\/4-3-300x300.png 300w, https:\/\/www.mosaic-planetaryhealth.eu\/wp-content\/uploads\/2024\/06\/4-3-150x150.png 150w, https:\/\/www.mosaic-planetaryhealth.eu\/wp-content\/uploads\/2024\/06\/4-3-768x768.png 768w, https:\/\/www.mosaic-planetaryhealth.eu\/wp-content\/uploads\/2024\/06\/4-3.png 1080w\" sizes=\"auto, (max-width: 1024px) 100vw, 1024px\" \/><\/figure>\n<\/div>\n\n\n\n<div style=\"height:41px\" aria-hidden=\"true\" class=\"wp-block-spacer\"><\/div>\n\n\n\n<div class=\"wp-block-group is-nowrap is-layout-flex wp-container-core-group-is-layout-ad2f72ca wp-block-group-is-layout-flex\">\n<p class=\"has-neve-text-color-color has-text-color has-link-color wp-elements-15c8a47aee0f5b017ef25a6cc636f193\">Os objetivos s\u00e3o: (1) chegar \u00e0s diferentes partes interessadas com dados, informa\u00e7\u00f5es, evid\u00eancias e conhecimentos cientificamente s\u00f3lidos produzidos pelo projeto (em intera\u00e7\u00e3o com WP1-WP4); (2) capacitar as comunidades locais e fronteiri\u00e7as atrav\u00e9s do desenvolvimento da alfabetiza\u00e7\u00e3o em uma cultura cient\u00edfica integrativa baseada na intera\u00e7\u00e3o entre o conhecimento tradicional e cient\u00edfico (em intera\u00e7\u00e3o com WP1-WP4); (3) formalizar como a Ci\u00eancia Aberta pode oferecer estruturas metodol\u00f3gicas e tecnol\u00f3gicas fundamentais para implementar efetivamente as abordagens de Sa\u00fade Planet\u00e1ria, Sa\u00fade \u00danica e Sa\u00fade Global, e para atingir os ODS e, por \u00faltimo, (4) garantir a boa comunica\u00e7\u00e3o, divulga\u00e7\u00e3o e explora\u00e7\u00e3o dos resultados do projeto durante e ap\u00f3s o seu t\u00e9rmino.<\/p>\n<\/div>\n\n\n\n<div style=\"height:94px\" aria-hidden=\"true\" class=\"wp-block-spacer\"><\/div>\n<\/div><\/div>\n\n\n\n<div class=\"wp-block-cover alignfull\"><span aria-hidden=\"true\" class=\"wp-block-cover__background has-nv-text-dark-bg-background-color has-background-dim-100 has-background-dim\"><\/span><div class=\"wp-block-cover__inner-container is-layout-constrained wp-block-cover-is-layout-constrained\">\n<div style=\"height:95px\" aria-hidden=\"true\" class=\"wp-block-spacer\"><\/div>\n\n\n\n<p class=\"has-text-align-left has-neve-text-color-color has-text-color has-link-color wp-elements-7f43eb14f1d06acb9690e1de21c0e26a\" style=\"font-size:36px\"><strong>Pacote de Trabalho 6 (WP6)- <\/strong><br><strong><strong><strong>Gest\u00e3o do Projeto<\/strong><\/strong><\/strong><\/p>\n\n\n\n<p class=\"has-neve-text-color-color has-text-color has-link-color wp-elements-b5c46f0155e8a1948b2581b622cc3d2f\">Co-l\u00edderes: Lucile GUERIN e Emmanuel ROUX<\/p>\n\n\n\n<div class=\"wp-block-group is-nowrap is-layout-flex wp-container-core-group-is-layout-ad2f72ca wp-block-group-is-layout-flex\">\n<figure class=\"wp-block-image size-large is-resized is-style-rounded\"><img loading=\"lazy\" decoding=\"async\" width=\"1024\" height=\"1024\" src=\"https:\/\/www.mosaic-planetaryhealth.eu\/wp-content\/uploads\/2024\/06\/2-2-1024x1024.png\" alt=\"\" class=\"wp-image-1250\" style=\"width:128px\" srcset=\"https:\/\/www.mosaic-planetaryhealth.eu\/wp-content\/uploads\/2024\/06\/2-2-1024x1024.png 1024w, https:\/\/www.mosaic-planetaryhealth.eu\/wp-content\/uploads\/2024\/06\/2-2-300x300.png 300w, https:\/\/www.mosaic-planetaryhealth.eu\/wp-content\/uploads\/2024\/06\/2-2-150x150.png 150w, https:\/\/www.mosaic-planetaryhealth.eu\/wp-content\/uploads\/2024\/06\/2-2-768x768.png 768w, https:\/\/www.mosaic-planetaryhealth.eu\/wp-content\/uploads\/2024\/06\/2-2.png 1080w\" sizes=\"auto, (max-width: 1024px) 100vw, 1024px\" \/><\/figure>\n\n\n\n<figure class=\"wp-block-image size-large is-resized is-style-rounded\"><img loading=\"lazy\" decoding=\"async\" width=\"1024\" height=\"1024\" src=\"https:\/\/www.mosaic-planetaryhealth.eu\/wp-content\/uploads\/2024\/06\/8-1-1024x1024.png\" alt=\"\" class=\"wp-image-1251\" style=\"width:128px\" srcset=\"https:\/\/www.mosaic-planetaryhealth.eu\/wp-content\/uploads\/2024\/06\/8-1-1024x1024.png 1024w, https:\/\/www.mosaic-planetaryhealth.eu\/wp-content\/uploads\/2024\/06\/8-1-300x300.png 300w, https:\/\/www.mosaic-planetaryhealth.eu\/wp-content\/uploads\/2024\/06\/8-1-150x150.png 150w, https:\/\/www.mosaic-planetaryhealth.eu\/wp-content\/uploads\/2024\/06\/8-1-768x768.png 768w, https:\/\/www.mosaic-planetaryhealth.eu\/wp-content\/uploads\/2024\/06\/8-1.png 1080w\" sizes=\"auto, (max-width: 1024px) 100vw, 1024px\" \/><\/figure>\n<\/div>\n\n\n\n<div style=\"height:21px\" aria-hidden=\"true\" class=\"wp-block-spacer\"><\/div>\n\n\n\n<div class=\"wp-block-group is-nowrap is-layout-flex wp-container-core-group-is-layout-ad2f72ca wp-block-group-is-layout-flex\">\n<p class=\"has-neve-text-color-color has-text-color has-link-color wp-elements-ff8fa9c611774a0d52c2b52a7abee019\">Os objetivos consistem em prestar apoio operacional e garantir (1) uma coordena\u00e7\u00e3o e recolha de dados eficientes entre os parceiros, (2) a conclus\u00e3o atempada de todos os objetivos, marcos e resultados esperados e (3) a apresenta\u00e7\u00e3o de relat\u00f3rios adequados \u00e0 Comiss\u00e3o Europeia.<\/p>\n<\/div>\n\n\n\n<div style=\"height:133px\" aria-hidden=\"true\" class=\"wp-block-spacer\"><\/div>\n<\/div><\/div>\n","protected":false},"excerpt":{"rendered":"","protected":false},"author":3,"featured_media":0,"parent":0,"menu_order":0,"comment_status":"closed","ping_status":"closed","template":"","meta":{"neve_meta_sidebar":"full-width","neve_meta_container":"contained","neve_meta_enable_content_width":"on","neve_meta_content_width":100,"neve_meta_title_alignment":"","neve_meta_author_avatar":"","neve_post_elements_order":"","neve_meta_disable_header":"","neve_meta_disable_footer":"","neve_meta_disable_title":"on","footnotes":""},"class_list":["post-1614","page","type-page","status-publish","hentry"],"_links":{"self":[{"href":"https:\/\/www.mosaic-planetaryhealth.eu\/index.php\/wp-json\/wp\/v2\/pages\/1614","targetHints":{"allow":["GET"]}}],"collection":[{"href":"https:\/\/www.mosaic-planetaryhealth.eu\/index.php\/wp-json\/wp\/v2\/pages"}],"about":[{"href":"https:\/\/www.mosaic-planetaryhealth.eu\/index.php\/wp-json\/wp\/v2\/types\/page"}],"author":[{"embeddable":true,"href":"https:\/\/www.mosaic-planetaryhealth.eu\/index.php\/wp-json\/wp\/v2\/users\/3"}],"replies":[{"embeddable":true,"href":"https:\/\/www.mosaic-planetaryhealth.eu\/index.php\/wp-json\/wp\/v2\/comments?post=1614"}],"version-history":[{"count":6,"href":"https:\/\/www.mosaic-planetaryhealth.eu\/index.php\/wp-json\/wp\/v2\/pages\/1614\/revisions"}],"predecessor-version":[{"id":1704,"href":"https:\/\/www.mosaic-planetaryhealth.eu\/index.php\/wp-json\/wp\/v2\/pages\/1614\/revisions\/1704"}],"wp:attachment":[{"href":"https:\/\/www.mosaic-planetaryhealth.eu\/index.php\/wp-json\/wp\/v2\/media?parent=1614"}],"curies":[{"name":"wp","href":"https:\/\/api.w.org\/{rel}","templated":true}]}}