{"id":1612,"date":"2025-11-05T16:34:43","date_gmt":"2025-11-05T15:34:43","guid":{"rendered":"https:\/\/www.mosaic-planetaryhealth.eu\/?page_id=1612"},"modified":"2025-11-06T14:48:58","modified_gmt":"2025-11-06T13:48:58","slug":"objetivo","status":"publish","type":"page","link":"https:\/\/www.mosaic-planetaryhealth.eu\/index.php\/pt\/objetivo\/","title":{"rendered":"Objetivo"},"content":{"rendered":"\n<div class=\"wp-block-cover alignfull is-light\" style=\"min-height:360px;aspect-ratio:unset;\"><span aria-hidden=\"true\" class=\"wp-block-cover__background has-nv-dark-bg-background-color has-background-dim-100 has-background-dim\"><\/span><div class=\"wp-block-cover__inner-container is-layout-flow wp-block-cover-is-layout-flow\">\n<div class=\"wp-block-cover alignfull wp-duotone-unset-1\" style=\"min-height:360px;aspect-ratio:unset;\"><img loading=\"lazy\" decoding=\"async\" width=\"900\" height=\"675\" class=\"wp-block-cover__image-background wp-image-1699 size-full\" alt=\"\" src=\"https:\/\/www.mosaic-planetaryhealth.eu\/wp-content\/uploads\/2025\/11\/Bresil-4-1.jpg\" data-object-fit=\"cover\" srcset=\"https:\/\/www.mosaic-planetaryhealth.eu\/wp-content\/uploads\/2025\/11\/Bresil-4-1.jpg 900w, https:\/\/www.mosaic-planetaryhealth.eu\/wp-content\/uploads\/2025\/11\/Bresil-4-1-300x225.jpg 300w, https:\/\/www.mosaic-planetaryhealth.eu\/wp-content\/uploads\/2025\/11\/Bresil-4-1-768x576.jpg 768w\" sizes=\"auto, (max-width: 900px) 100vw, 900px\" \/><span aria-hidden=\"true\" class=\"wp-block-cover__background has-nv-text-dark-bg-background-color has-background-dim-20 has-background-dim\"><\/span><div class=\"wp-block-cover__inner-container is-layout-flow wp-block-cover-is-layout-flow\">\n<div style=\"height:100px\" aria-hidden=\"true\" class=\"wp-block-spacer\"><\/div>\n\n\n\n<h1 class=\"wp-block-heading has-text-align-center has-nv-text-dark-bg-color has-text-color\">Objetivo<\/h1>\n\n\n\n<div style=\"height:100px\" aria-hidden=\"true\" class=\"wp-block-spacer\"><\/div>\n<\/div><\/div>\n<\/div><\/div>\n\n\n\n<div style=\"height:38px\" aria-hidden=\"true\" class=\"wp-block-spacer\"><\/div>\n\n\n\n<h3 class=\"wp-block-heading has-text-align-center\" style=\"padding-right:var(--wp--preset--spacing--80);padding-left:var(--wp--preset--spacing--80)\">O principal objetivo do projeto MOSAIC \u00e9 conceber e implementar ecossistemas de informa\u00e7\u00e3o abertos, multimodais e replic\u00e1veis, em colabora\u00e7\u00e3o com as partes interessadas locais, permitindo o envolvimento destas \u00faltimas, com cientistas, na coprodu\u00e7\u00e3o e formaliza\u00e7\u00e3o de dados e conhecimentos, na cria\u00e7\u00e3o e avalia\u00e7\u00e3o de indicadores, na defini\u00e7\u00e3o e implementa\u00e7\u00e3o de estrat\u00e9gias de divulga\u00e7\u00e3o.<\/h3>\n\n\n\n<div style=\"height:30px\" aria-hidden=\"true\" class=\"wp-block-spacer\"><\/div>\n\n\n\n<div class=\"wp-block-columns alignfull has-nv-light-bg-background-color has-background is-layout-flex wp-container-core-columns-is-layout-9d6595d7 wp-block-columns-is-layout-flex\">\n<div class=\"wp-block-column is-layout-flow wp-block-column-is-layout-flow\">\n<p style=\"padding-top:var(--wp--preset--spacing--80);padding-right:var(--wp--preset--spacing--80);padding-bottom:var(--wp--preset--spacing--80);padding-left:var(--wp--preset--spacing--80)\">O MOSAIC baseia-se principalmente na Ci\u00eancia Aberta, definida como&nbsp; \u201c um construto inclusivo que combina v\u00e1rios movimentos e pr\u00e1ticas que t\u00eam o objetivo de disponibilizar abertamente conhecimento cient\u00edfico multil\u00edngue, torn\u00e1-lo acess\u00edvel e reutiliz\u00e1vel para todos, aumentar as colabora\u00e7\u00f5es cient\u00edficas e o compartilhamento de informa\u00e7\u00f5es para o benef\u00edcio da ci\u00eancia e da sociedade, e abrir os processos de cria\u00e7\u00e3o, avalia\u00e7\u00e3o e comunica\u00e7\u00e3o do conhecimento cient\u00edfico a atores da sociedade, al\u00e9m da comunidade cient\u00edfica tradicional. Abrange todas as disciplinas cient\u00edficas e todos os aspectos das pr\u00e1ticas acad\u00eamicas, incluindo ci\u00eancias b\u00e1sicas e aplicadas, ci\u00eancias naturais, sociais e humanas, e se baseia nos seguintes pilares-chave: conhecimento cient\u00edfico aberto, infraestrutura cient\u00edfica aberta, comunica\u00e7\u00e3o cient\u00edfica, envolvimento aberto dos atores sociais e di\u00e1logo aberto com outros sistemas de conhecimento.<em> (<u><a href=\"https:\/\/unesdoc.unesco.org\/ark:\/48223\/pf0000379949_por\" target=\"_blank\" rel=\"noreferrer noopener\">UNESCO, 2021<\/a><a href=\"https:\/\/www.mosaic-planetaryhealth.eu\/index.php\/objective\/\">)<\/a><\/u><\/em><\/p>\n<\/div>\n\n\n\n<div class=\"wp-block-column is-layout-flow wp-block-column-is-layout-flow\"><div class=\"wp-block-image\">\n<figure class=\"aligncenter size-full is-resized\"><a href=\"https:\/\/www.mosaic-planetaryhealth.eu\/wp-content\/uploads\/2024\/06\/UNESCO-Open_science-pillars-en-1.png\"><img loading=\"lazy\" decoding=\"async\" width=\"674\" height=\"794\" src=\"https:\/\/www.mosaic-planetaryhealth.eu\/wp-content\/uploads\/2024\/06\/UNESCO-Open_science-pillars-en-1.png\" alt=\"\" class=\"wp-image-504\" style=\"width:435px;height:auto\" srcset=\"https:\/\/www.mosaic-planetaryhealth.eu\/wp-content\/uploads\/2024\/06\/UNESCO-Open_science-pillars-en-1.png 674w, https:\/\/www.mosaic-planetaryhealth.eu\/wp-content\/uploads\/2024\/06\/UNESCO-Open_science-pillars-en-1-255x300.png 255w\" sizes=\"auto, (max-width: 674px) 100vw, 674px\" \/><\/a><figcaption class=\"wp-element-caption\">Pilares da Ci\u00eancia Aberta, UNESCO (2021)<\/figcaption><\/figure>\n<\/div><\/div>\n<\/div>\n\n\n\n<h2 class=\"wp-block-heading alignfull has-text-align-center has-nv-site-bg-color has-neve-link-color-background-color has-text-color has-background has-link-color wp-elements-6e89b7f688954105d35a77b14818c138\"><strong>Assista aos nossos v\u00eddeos sobre Ci\u00eancia Participativa e Ci\u00eancia Aberta (em ingl\u00eas)<\/strong><\/h2>\n\n\n\n<div style=\"height:100px\" aria-hidden=\"true\" class=\"wp-block-spacer\"><\/div>\n\n\n\n<div class=\"wp-block-columns is-layout-flex wp-container-core-columns-is-layout-9d6595d7 wp-block-columns-is-layout-flex\">\n<div class=\"wp-block-column is-layout-flow wp-block-column-is-layout-flow\">\n<figure class=\"wp-block-gallery has-nested-images columns-default is-cropped wp-block-gallery-2 is-layout-flex wp-block-gallery-is-layout-flex\">\n<figure class=\"wp-block-image size-large\"><a href=\"https:\/\/peertube.otakufarms.com\/w\/8jPYHWXeyG4AYi7CR6pmv2\"><img loading=\"lazy\" decoding=\"async\" width=\"1024\" height=\"596\" data-id=\"1457\" src=\"https:\/\/www.mosaic-planetaryhealth.eu\/wp-content\/uploads\/2025\/08\/Video-2-2-1024x596.png\" alt=\"\" class=\"wp-image-1457\" srcset=\"https:\/\/www.mosaic-planetaryhealth.eu\/wp-content\/uploads\/2025\/08\/Video-2-2-1024x596.png 1024w, https:\/\/www.mosaic-planetaryhealth.eu\/wp-content\/uploads\/2025\/08\/Video-2-2-300x175.png 300w, https:\/\/www.mosaic-planetaryhealth.eu\/wp-content\/uploads\/2025\/08\/Video-2-2-768x447.png 768w, https:\/\/www.mosaic-planetaryhealth.eu\/wp-content\/uploads\/2025\/08\/Video-2-2.png 1274w\" sizes=\"auto, (max-width: 1024px) 100vw, 1024px\" \/><\/a><\/figure>\n<\/figure>\n\n\n\n<p class=\"has-text-align-center\">Apresenta\u00e7\u00e3o sobre Ci\u00eancia Participativa por Emilie Coudel na Reuni\u00e3o de lan\u00e7amento do MOSAIC (fevereiro de 2024)<\/p>\n<\/div>\n\n\n\n<div class=\"wp-block-column is-layout-flow wp-block-column-is-layout-flow\">\n<figure class=\"wp-block-image size-large\"><a href=\"https:\/\/peertube.otakufarms.com\/w\/cHKmkEeMM6mf2y3aieEDkk\"><img loading=\"lazy\" decoding=\"async\" width=\"1024\" height=\"593\" src=\"https:\/\/www.mosaic-planetaryhealth.eu\/wp-content\/uploads\/2025\/08\/Video-1-1024x593.png\" alt=\"\" class=\"wp-image-1432\" srcset=\"https:\/\/www.mosaic-planetaryhealth.eu\/wp-content\/uploads\/2025\/08\/Video-1-1024x593.png 1024w, https:\/\/www.mosaic-planetaryhealth.eu\/wp-content\/uploads\/2025\/08\/Video-1-300x174.png 300w, https:\/\/www.mosaic-planetaryhealth.eu\/wp-content\/uploads\/2025\/08\/Video-1-768x444.png 768w, https:\/\/www.mosaic-planetaryhealth.eu\/wp-content\/uploads\/2025\/08\/Video-1.png 1189w\" sizes=\"auto, (max-width: 1024px) 100vw, 1024px\" \/><\/a><\/figure>\n\n\n\n<p class=\"has-text-align-center\">Apresenta\u00e7\u00e3o sobre Ci\u00eancia Aberta por Fran\u00e7ois Sabot na Reuni\u00e3o de lan\u00e7amento do MOSAIC (fevereiro de 2024)<\/p>\n<\/div>\n<\/div>\n\n\n\n<div style=\"height:100px\" aria-hidden=\"true\" class=\"wp-block-spacer\"><\/div>\n","protected":false},"excerpt":{"rendered":"<p>O principal objetivo do projeto MOSAIC \u00e9 conceber e implementar ecossistemas de informa\u00e7\u00e3o abertos, multimodais e replic\u00e1veis, em colabora\u00e7\u00e3o com as partes interessadas locais, permitindo o envolvimento destas \u00faltimas, com cientistas, na coprodu\u00e7\u00e3o e formaliza\u00e7\u00e3o de dados e conhecimentos, na cria\u00e7\u00e3o e avalia\u00e7\u00e3o de indicadores, na defini\u00e7\u00e3o e implementa\u00e7\u00e3o de estrat\u00e9gias de divulga\u00e7\u00e3o. O MOSAIC&hellip;&nbsp;<a href=\"https:\/\/www.mosaic-planetaryhealth.eu\/index.php\/pt\/objetivo\/\" rel=\"bookmark\">Lire la suite &raquo;<span class=\"screen-reader-text\">Objetivo<\/span><\/a><\/p>\n","protected":false},"author":3,"featured_media":0,"parent":0,"menu_order":0,"comment_status":"closed","ping_status":"closed","template":"","meta":{"neve_meta_sidebar":"full-width","neve_meta_container":"contained","neve_meta_enable_content_width":"on","neve_meta_content_width":100,"neve_meta_title_alignment":"","neve_meta_author_avatar":"","neve_post_elements_order":"","neve_meta_disable_header":"","neve_meta_disable_footer":"","neve_meta_disable_title":"on","footnotes":""},"class_list":["post-1612","page","type-page","status-publish","hentry"],"_links":{"self":[{"href":"https:\/\/www.mosaic-planetaryhealth.eu\/index.php\/wp-json\/wp\/v2\/pages\/1612","targetHints":{"allow":["GET"]}}],"collection":[{"href":"https:\/\/www.mosaic-planetaryhealth.eu\/index.php\/wp-json\/wp\/v2\/pages"}],"about":[{"href":"https:\/\/www.mosaic-planetaryhealth.eu\/index.php\/wp-json\/wp\/v2\/types\/page"}],"author":[{"embeddable":true,"href":"https:\/\/www.mosaic-planetaryhealth.eu\/index.php\/wp-json\/wp\/v2\/users\/3"}],"replies":[{"embeddable":true,"href":"https:\/\/www.mosaic-planetaryhealth.eu\/index.php\/wp-json\/wp\/v2\/comments?post=1612"}],"version-history":[{"count":3,"href":"https:\/\/www.mosaic-planetaryhealth.eu\/index.php\/wp-json\/wp\/v2\/pages\/1612\/revisions"}],"predecessor-version":[{"id":1700,"href":"https:\/\/www.mosaic-planetaryhealth.eu\/index.php\/wp-json\/wp\/v2\/pages\/1612\/revisions\/1700"}],"wp:attachment":[{"href":"https:\/\/www.mosaic-planetaryhealth.eu\/index.php\/wp-json\/wp\/v2\/media?parent=1612"}],"curies":[{"name":"wp","href":"https:\/\/api.w.org\/{rel}","templated":true}]}}